{"id":1516,"date":"2021-10-29T18:38:34","date_gmt":"2021-10-29T18:38:34","guid":{"rendered":"https:\/\/adabla.com\/product\/ma-creme-de-cacao-a-la-carotte-a-la-vanille\/"},"modified":"2022-07-14T15:03:11","modified_gmt":"2022-07-14T15:03:11","slug":"ma-creme-de-cacao-a-la-carotte-a-la-vanille","status":"publish","type":"product","link":"https:\/\/adabla.com\/en\/product\/ma-creme-de-cacao-a-la-carotte-a-la-vanille\/","title":{"rendered":"Ma Cr\u00e8me de cacao \u00e0 la carotte &#038; \u00e0 la vanille"},"content":{"rendered":"<p>aume fondant corporel, d\u2019un alliage gourmand qui \u00e9veille les sens, nourrit et raffermit l\u2019\u00e9piderme, booste l\u2019\u00e9clat naturel de la peau. A utiliser \u00e0 volont\u00e9 comme cr\u00e8me corporelle, ou sur les mains, pieds secs ab\u00eem\u00e9s, surtout en p\u00e9riode de froid. Peau satin\u00e9e, teint h\u00e2l\u00e9 et ambiance glamour assur\u00e9e !<\/p>\n<p>Le beurre de cacao gr\u00e2ce \u00e0 son fort pouvoir antioxydant agit sur le vieillissement cellulaire et tonifie les tissus avec une action anti-vergetures. La carotte pour r\u00e9parer les effets n\u00e9fastes du soleil, sa teneur en vitamine A rend l\u2019\u00e9piderme plus r\u00e9sistant aux rayons UV.<\/p>\n<p>Appliquer le baume fondant apr\u00e8s la douche uniquement sur le corps.\u00a0<\/p>\n<p>Composition : Beurre de Cacao, Beurre de Karit\u00e9, Huile de Carotte, Huile de baobab, Extrait de Vanille, Vitamine E<\/p>","protected":false},"excerpt":{"rendered":"<p>\u00c9tiquettes : Eczema &#038; psoriasis, Enfants, Mains Pieds &#038; abim\u00e9s, Peaux normales, Peaux s\u00e8ches, Vergetures<\/p>","protected":false},"featured_media":1518,"comment_status":"open","ping_status":"closed","template":"","meta":{"_acf_changed":false},"product_cat":[114,128,127,121,210],"product_tag":[],"class_list":{"0":"post-1516","1":"product","2":"type-product","3":"status-publish","4":"has-post-thumbnail","6":"product_cat-beaute","7":"product_cat-beurre-de-cacao","8":"product_cat-beu-rre-de-karite","9":"product_cat-huiles","10":"product_cat-soins-corps","11":"product_shipping_class-nomal","13":"first","14":"instock","15":"shipping-taxable","16":"purchasable","17":"product-type-simple"},"aioseo_notices":[],"acf":[],"_links":{"self":[{"href":"https:\/\/adabla.com\/en\/wp-json\/wp\/v2\/product\/1516","targetHints":{"allow":["GET"]}}],"collection":[{"href":"https:\/\/adabla.com\/en\/wp-json\/wp\/v2\/product"}],"about":[{"href":"https:\/\/adabla.com\/en\/wp-json\/wp\/v2\/types\/product"}],"replies":[{"embeddable":true,"href":"https:\/\/adabla.com\/en\/wp-json\/wp\/v2\/comments?post=1516"}],"wp:featuredmedia":[{"embeddable":true,"href":"https:\/\/adabla.com\/en\/wp-json\/wp\/v2\/media\/1518"}],"wp:attachment":[{"href":"https:\/\/adabla.com\/en\/wp-json\/wp\/v2\/media?parent=1516"}],"wp:term":[{"taxonomy":"product_cat","embeddable":true,"href":"https:\/\/adabla.com\/en\/wp-json\/wp\/v2\/product_cat?post=1516"},{"taxonomy":"product_tag","embeddable":true,"href":"https:\/\/adabla.com\/en\/wp-json\/wp\/v2\/product_tag?post=1516"}],"curies":[{"name":"wp","href":"https:\/\/api.w.org\/{rel}","templated":true}]}}