{"id":1521,"date":"2021-10-29T18:48:08","date_gmt":"2021-10-29T18:48:08","guid":{"rendered":"https:\/\/adabla.com\/product\/mini-blocs-de-beurre-de-cacao-de-cote-divoire\/"},"modified":"2022-07-14T15:03:08","modified_gmt":"2022-07-14T15:03:08","slug":"mini-blocs-de-beurre-de-cacao-de-cote-divoire","status":"publish","type":"product","link":"https:\/\/adabla.com\/en\/product\/mini-blocs-de-beurre-de-cacao-de-cote-divoire\/","title":{"rendered":"Mini blocs de beurre de cacao de C\u00f4te d\u2019Ivoire"},"content":{"rendered":"<p>La C\u00f4te d\u2019Ivoire est le 1er producteur mondial de cacao.<\/p>\n<p>Le beurre fabriqu\u00e9 \u00e0 partir de la f\u00e8ve de cacao renferme des propri\u00e9t\u00e9s anti-oxydantes, cicatrisantes et apaisantes reconnues, en plus du c\u00f4t\u00e9 gourmand qu\u2019il apporte aux soins de beaut\u00e9 qui subliment le corps et les cheveux. Les vitamines qu\u2019il contient pr\u00e9viennent le vieillissement pr\u00e9coce de la peau et favorisent le d\u00e9veloppement cellulaire en stimulant la synth\u00e8se du collag\u00e8ne.<\/p>\n<p>Il est recommand\u00e9 pour :<\/p>\n<p>\u2013 pr\u00e9server l\u2019\u00e9lasticit\u00e9 de la peau surtout celle des femmes enceintes afin d\u2019\u00e9viter l\u2019apparition de vergetures<\/p>\n<p>\u2013 nourrir et dompter les cheveux tr\u00e8s secs, cassants et ab\u00eem\u00e9s sous forme de masque apr\u00e8s shampooing<\/p>\n<p>\u2013 r\u00e9parer les l\u00e8vres s\u00e8ches et gerc\u00e9es<\/p>\n<p>\u2013 pr\u00e9venir le vieillissement cutan\u00e9<\/p>\n<p>Le beurre de cacao est pr\u00e9sent dans bon nombre de produits cosm\u00e9tiques, en commen\u00e7ant par les gels douches, les baumes hydratants et les cr\u00e8mes adoucissantes, jusqu\u2019aux protections solaires en passant par les soins anti-\u00e2ges.<\/p>\n<p>90g<\/p>","protected":false},"excerpt":{"rendered":"<p>\u00c9tiquettes : Cadeaux &#038; accessoires, Mains Pieds &#038; abim\u00e9s, Peaux s\u00e8ches, Vergetures<\/p>","protected":false},"featured_media":1522,"comment_status":"open","ping_status":"closed","template":"","meta":{"_acf_changed":false},"product_cat":[114,128,212,121,211,210],"product_tag":[],"class_list":{"0":"post-1521","1":"product","2":"type-product","3":"status-publish","4":"has-post-thumbnail","6":"product_cat-beaute","7":"product_cat-beurre-de-cacao","8":"product_cat-beurres","9":"product_cat-huiles","10":"product_cat-soins-cheuveux","11":"product_cat-soins-corps","12":"product_shipping_class-nomal","14":"first","15":"instock","16":"shipping-taxable","17":"purchasable","18":"product-type-simple"},"aioseo_notices":[],"acf":[],"_links":{"self":[{"href":"https:\/\/adabla.com\/en\/wp-json\/wp\/v2\/product\/1521","targetHints":{"allow":["GET"]}}],"collection":[{"href":"https:\/\/adabla.com\/en\/wp-json\/wp\/v2\/product"}],"about":[{"href":"https:\/\/adabla.com\/en\/wp-json\/wp\/v2\/types\/product"}],"replies":[{"embeddable":true,"href":"https:\/\/adabla.com\/en\/wp-json\/wp\/v2\/comments?post=1521"}],"wp:featuredmedia":[{"embeddable":true,"href":"https:\/\/adabla.com\/en\/wp-json\/wp\/v2\/media\/1522"}],"wp:attachment":[{"href":"https:\/\/adabla.com\/en\/wp-json\/wp\/v2\/media?parent=1521"}],"wp:term":[{"taxonomy":"product_cat","embeddable":true,"href":"https:\/\/adabla.com\/en\/wp-json\/wp\/v2\/product_cat?post=1521"},{"taxonomy":"product_tag","embeddable":true,"href":"https:\/\/adabla.com\/en\/wp-json\/wp\/v2\/product_tag?post=1521"}],"curies":[{"name":"wp","href":"https:\/\/api.w.org\/{rel}","templated":true}]}}