{"id":1524,"date":"2021-10-29T18:55:06","date_gmt":"2021-10-29T18:55:06","guid":{"rendered":"https:\/\/adabla.com\/product\/pur-beurre-vegetal-davocat\/"},"modified":"2022-07-14T14:59:57","modified_gmt":"2022-07-14T14:59:57","slug":"pur-beurre-vegetal-davocat","status":"publish","type":"product","link":"https:\/\/adabla.com\/en\/product\/pur-beurre-vegetal-davocat\/","title":{"rendered":"Pur Beurre v\u00e9g\u00e9tal d\u2019avocat"},"content":{"rendered":"<p>Pour Corps &#038; Cheveux\u00a0<\/p>\n<p>Le beurre v\u00e9g\u00e9tal d\u2019avocat nourrit, prot\u00e8ge et pr\u00e9vient la d\u00e9shydratation.<\/p>\n<p>Indiqu\u00e9 pour les peaux s\u00e8ches, atopiques et ab\u00eem\u00e9es, les cheveux secs et ab\u00eem\u00e9s, les cheveux fris\u00e9s, cr\u00e9pus ou afros.<\/p>\n<p>Il assouplit, adoucit la peau, redonne \u00e9lasticit\u00e9 et confort aux peaux s\u00e8ches, apaise et r\u00e9g\u00e9n\u00e8re, aide \u00e0 reconstituer la barri\u00e8re lipidique, pr\u00e9vient le vieillissement cutan\u00e9.<\/p>\n<p>D\u2019une texture onctueuse, Il peut \u00eatre incorpor\u00e9 \u00e0 tous vos soins pour le corps ou pour les cheveux afin de les nourrir, les assouplir, les r\u00e9parer, les gainer, et leur apporter de la brillance.<\/p>\n<p>Composition : Huile v\u00e9g\u00e9tale d\u2019avocat \u2013 Cire d\u2019abeille \u2013 Vitamine E<\/p>\n<p>Contenance \u2013 200 g<\/p>","protected":false},"excerpt":{"rendered":"<p>\u00c9tiquettes : Eczema &#038; psoriasis, Enfants, Mains Pieds &#038; abim\u00e9s, Peaux normales, Peaux s\u00e8ches<\/p>","protected":false},"featured_media":1525,"comment_status":"open","ping_status":"closed","template":"","meta":{"_acf_changed":false},"product_cat":[114,127,121,211,210],"product_tag":[],"class_list":{"0":"post-1524","1":"product","2":"type-product","3":"status-publish","4":"has-post-thumbnail","6":"product_cat-beaute","7":"product_cat-beu-rre-de-karite","8":"product_cat-huiles","9":"product_cat-soins-cheuveux","10":"product_cat-soins-corps","11":"product_shipping_class-nomal","13":"first","14":"instock","15":"shipping-taxable","16":"purchasable","17":"product-type-simple"},"aioseo_notices":[],"acf":[],"_links":{"self":[{"href":"https:\/\/adabla.com\/en\/wp-json\/wp\/v2\/product\/1524","targetHints":{"allow":["GET"]}}],"collection":[{"href":"https:\/\/adabla.com\/en\/wp-json\/wp\/v2\/product"}],"about":[{"href":"https:\/\/adabla.com\/en\/wp-json\/wp\/v2\/types\/product"}],"replies":[{"embeddable":true,"href":"https:\/\/adabla.com\/en\/wp-json\/wp\/v2\/comments?post=1524"}],"wp:featuredmedia":[{"embeddable":true,"href":"https:\/\/adabla.com\/en\/wp-json\/wp\/v2\/media\/1525"}],"wp:attachment":[{"href":"https:\/\/adabla.com\/en\/wp-json\/wp\/v2\/media?parent=1524"}],"wp:term":[{"taxonomy":"product_cat","embeddable":true,"href":"https:\/\/adabla.com\/en\/wp-json\/wp\/v2\/product_cat?post=1524"},{"taxonomy":"product_tag","embeddable":true,"href":"https:\/\/adabla.com\/en\/wp-json\/wp\/v2\/product_tag?post=1524"}],"curies":[{"name":"wp","href":"https:\/\/api.w.org\/{rel}","templated":true}]}}