{"id":1529,"date":"2021-10-30T08:26:34","date_gmt":"2021-10-30T08:26:34","guid":{"rendered":"https:\/\/adabla.com\/product\/watermelon-hibiscus-scrub\/"},"modified":"2022-07-14T14:59:54","modified_gmt":"2022-07-14T14:59:54","slug":"watermelon-hibiscus-scrub","status":"publish","type":"product","link":"https:\/\/adabla.com\/en\/product\/watermelon-hibiscus-scrub\/","title":{"rendered":"Watermelon &#038; Hibiscus Scrub"},"content":{"rendered":"<p>Gommage de Past\u00e8que et d\u2019Hibiscus aux senteurs florales et fruit\u00e9e enrichi en mac\u00e9r\u00e2t de carotte.<\/p>\n<p>Exfoliant non agressif, pour une peau d\u00e9barrass\u00e9e de toutes impuret\u00e9s, lisse, nourrie et clarifi\u00e9e sans la dess\u00e9cher.\u00a0<\/p>\n<p>CONSEILS D\u2019UTILISATION<\/p>\n<p>Pr\u00e9lever la quantit\u00e9 n\u00e9cessaire \u00e0 l\u2019aide d\u2019une spatule s\u00e8che. Appliquer sur le corps 1 \u00e0 2 fois par semaine apr\u00e8s une douche chaude, frotter en mouvement circulaire sur le corps en insistant sur les zones rebelles (coudes, genoux) puis rincer.<\/p>\n<p>100% NATUREL\u00a0<\/p>\n<p>Contenance : 300 ml<\/p>","protected":false},"excerpt":{"rendered":"<p>\u00c9tiquettes : Eclat du teint &#038; t\u00e2ches, Gommages Exfoliation, Peaux normales<\/p>","protected":false},"featured_media":1530,"comment_status":"open","ping_status":"closed","template":"","meta":{"_acf_changed":false},"product_cat":[114,210,124],"product_tag":[],"class_list":{"0":"post-1529","1":"product","2":"type-product","3":"status-publish","4":"has-post-thumbnail","6":"product_cat-beaute","7":"product_cat-soins-corps","8":"product_cat-soins-gommants","9":"product_shipping_class-nomal","11":"first","12":"instock","13":"shipping-taxable","14":"purchasable","15":"product-type-simple"},"aioseo_notices":[],"acf":[],"_links":{"self":[{"href":"https:\/\/adabla.com\/en\/wp-json\/wp\/v2\/product\/1529","targetHints":{"allow":["GET"]}}],"collection":[{"href":"https:\/\/adabla.com\/en\/wp-json\/wp\/v2\/product"}],"about":[{"href":"https:\/\/adabla.com\/en\/wp-json\/wp\/v2\/types\/product"}],"replies":[{"embeddable":true,"href":"https:\/\/adabla.com\/en\/wp-json\/wp\/v2\/comments?post=1529"}],"wp:featuredmedia":[{"embeddable":true,"href":"https:\/\/adabla.com\/en\/wp-json\/wp\/v2\/media\/1530"}],"wp:attachment":[{"href":"https:\/\/adabla.com\/en\/wp-json\/wp\/v2\/media?parent=1529"}],"wp:term":[{"taxonomy":"product_cat","embeddable":true,"href":"https:\/\/adabla.com\/en\/wp-json\/wp\/v2\/product_cat?post=1529"},{"taxonomy":"product_tag","embeddable":true,"href":"https:\/\/adabla.com\/en\/wp-json\/wp\/v2\/product_tag?post=1529"}],"curies":[{"name":"wp","href":"https:\/\/api.w.org\/{rel}","templated":true}]}}