{"id":1556,"date":"2021-10-30T10:55:20","date_gmt":"2021-10-30T10:55:20","guid":{"rendered":"https:\/\/adabla.com\/product\/savon-naturel-reparateur-revitalisant-bamboo-spiruline-argile-verte-citronnelle\/"},"modified":"2022-07-14T14:59:34","modified_gmt":"2022-07-14T14:59:34","slug":"savon-naturel-reparateur-revitalisant-bamboo-spiruline-argile-verte-citronnelle","status":"publish","type":"product","link":"https:\/\/adabla.com\/en\/product\/savon-naturel-reparateur-revitalisant-bamboo-spiruline-argile-verte-citronnelle\/","title":{"rendered":"Savon naturel R\u00e9parateur &#038; Revitalisant bamboo spiruline -argile verte -citronnelle"},"content":{"rendered":"<p>Ce savon gr\u00e2ce \u00e0 ses actifs a une action, r\u00e9paratrice et revitalisante pour les peaux ab\u00eem\u00e9es et fatigu\u00e9es. Visage &#038; Corps. Convient aux peaux sensibles.<\/p>\n<p>Composition : Huile d\u2019olive extra-vierge, Mac\u00e9rat de bambou, Mac\u00e9rat de curcuma, Huile de neem, Huile de ricin, Beurre de cacao, Huile de coco, Beurre de karit\u00e9, spiruline, argile verte, Huiles essentielles<\/p>","protected":false},"excerpt":{"rendered":"<p>\u00c9tiquettes : Anti-\u00e2ge, Peaux ab\u00eem\u00e9es apr\u00e8s d\u00e9pigmentation, Peaux mixtes \u00e0 grasses, Peaux normales<\/p>","protected":false},"featured_media":1558,"comment_status":"open","ping_status":"closed","template":"","meta":{"_acf_changed":false},"product_cat":[114,128,127,209,210,206],"product_tag":[],"class_list":{"0":"post-1556","1":"product","2":"type-product","3":"status-publish","4":"has-post-thumbnail","6":"product_cat-beaute","7":"product_cat-beurre-de-cacao","8":"product_cat-beu-rre-de-karite","9":"product_cat-savons-naturels","10":"product_cat-soins-corps","11":"product_cat-soins-visage","12":"product_shipping_class-nomal","14":"first","15":"instock","16":"shipping-taxable","17":"purchasable","18":"product-type-simple"},"aioseo_notices":[],"acf":[],"_links":{"self":[{"href":"https:\/\/adabla.com\/en\/wp-json\/wp\/v2\/product\/1556","targetHints":{"allow":["GET"]}}],"collection":[{"href":"https:\/\/adabla.com\/en\/wp-json\/wp\/v2\/product"}],"about":[{"href":"https:\/\/adabla.com\/en\/wp-json\/wp\/v2\/types\/product"}],"replies":[{"embeddable":true,"href":"https:\/\/adabla.com\/en\/wp-json\/wp\/v2\/comments?post=1556"}],"wp:featuredmedia":[{"embeddable":true,"href":"https:\/\/adabla.com\/en\/wp-json\/wp\/v2\/media\/1558"}],"wp:attachment":[{"href":"https:\/\/adabla.com\/en\/wp-json\/wp\/v2\/media?parent=1556"}],"wp:term":[{"taxonomy":"product_cat","embeddable":true,"href":"https:\/\/adabla.com\/en\/wp-json\/wp\/v2\/product_cat?post=1556"},{"taxonomy":"product_tag","embeddable":true,"href":"https:\/\/adabla.com\/en\/wp-json\/wp\/v2\/product_tag?post=1556"}],"curies":[{"name":"wp","href":"https:\/\/api.w.org\/{rel}","templated":true}]}}