{"id":1560,"date":"2021-10-30T11:07:47","date_gmt":"2021-10-30T11:07:47","guid":{"rendered":"https:\/\/adabla.com\/product\/gamme-hydra-visage-corps-peaux-normales-a-seches-matures\/"},"modified":"2022-07-14T14:59:31","modified_gmt":"2022-07-14T14:59:31","slug":"gamme-hydra-visage-corps-peaux-normales-a-seches-matures","status":"publish","type":"product","link":"https:\/\/adabla.com\/en\/product\/gamme-hydra-visage-corps-peaux-normales-a-seches-matures\/","title":{"rendered":"GAMME HYDRA visage &#038; corps &#8211;"},"content":{"rendered":"<p>PACK HYDRA\u2019 VISAGE &#038; CORPS \u2013 ROUTINE PEAUX NORMALES A SECHES &#038; MATURES<\/p>\n<p>Ce Pack contient 4 produits dont une routine visage soft, simple, efficace en 3 \u00e9tapes + 1 lait corporel hydratant et apaisant<\/p>\n<p>*POUR MON VISAGE<\/p>\n<p>Je nettoie et purifie ma peau visage et corps, sans la dess\u00e9cher gr\u00e2ce au Savon au lait de ch\u00e8vre &#038; Miel ou au Savon Hibiscus<\/p>\n<p>Je parfais le nettoyage du visage, apaise les tiraillements, r\u00e9hydrate, affine le grain de peau, r\u00e9veille le teint gr\u00e2ce \u00e0 la Lotion tonique hydratante d\u2019Aloe vera et Hibiscus<\/p>\n<p>Je renforce l\u2019hydratation et la barri\u00e8re cutan\u00e9e, prot\u00e8ge la peau des radicaux libres responsables du vieillissement cutan\u00e9, repulpe et apaise visage et contour des yeux, lisse et am\u00e9liore sa texture gr\u00e2ce au Gel Gr\u00e8me Hydra Facial &#038; Contour des yeux<\/p>\n<p>*POUR MON CORPS<\/p>\n<p>J\u2019utilise les m\u00eame savons pour le visage que pour mon corps<\/p>\n<p>J\u2019apaise, prot\u00e8ge, assure une hydratation longue dur\u00e9e, renforce le confort et l\u2019\u00e9lasticit\u00e9 de ma peau gr\u00e2ce au Lait Velout\u00e9 Hydratant Rose-Avoine-Hibiscus<\/p>\n<p>P.S : Et j\u2019avantage mon portefeuille en achetant la gamme plut\u00f4t que les produits s\u00e9par\u00e9ment!<\/p>","protected":false},"excerpt":{"rendered":"<p><\/p>","protected":false},"featured_media":1562,"comment_status":"open","ping_status":"closed","template":"","meta":{"_acf_changed":false},"product_cat":[114,129,123,209,210,130,206],"product_tag":[],"class_list":{"0":"post-1560","1":"product","2":"type-product","3":"status-publish","4":"has-post-thumbnail","6":"product_cat-beaute","7":"product_cat-cremes","8":"product_cat-savons","9":"product_cat-savons-naturels","10":"product_cat-soins-corps","11":"product_cat-soins-hydratents","12":"product_cat-soins-visage","13":"product_shipping_class-nomal","15":"first","16":"instock","17":"sale","18":"shipping-taxable","19":"purchasable","20":"product-type-simple"},"aioseo_notices":[],"acf":[],"_links":{"self":[{"href":"https:\/\/adabla.com\/en\/wp-json\/wp\/v2\/product\/1560","targetHints":{"allow":["GET"]}}],"collection":[{"href":"https:\/\/adabla.com\/en\/wp-json\/wp\/v2\/product"}],"about":[{"href":"https:\/\/adabla.com\/en\/wp-json\/wp\/v2\/types\/product"}],"replies":[{"embeddable":true,"href":"https:\/\/adabla.com\/en\/wp-json\/wp\/v2\/comments?post=1560"}],"wp:featuredmedia":[{"embeddable":true,"href":"https:\/\/adabla.com\/en\/wp-json\/wp\/v2\/media\/1562"}],"wp:attachment":[{"href":"https:\/\/adabla.com\/en\/wp-json\/wp\/v2\/media?parent=1560"}],"wp:term":[{"taxonomy":"product_cat","embeddable":true,"href":"https:\/\/adabla.com\/en\/wp-json\/wp\/v2\/product_cat?post=1560"},{"taxonomy":"product_tag","embeddable":true,"href":"https:\/\/adabla.com\/en\/wp-json\/wp\/v2\/product_tag?post=1560"}],"curies":[{"name":"wp","href":"https:\/\/api.w.org\/{rel}","templated":true}]}}