{"id":1563,"date":"2021-10-30T11:38:49","date_gmt":"2021-10-30T11:38:49","guid":{"rendered":"https:\/\/adabla.com\/product\/gamme-regul-visage-peaux-mixtes-grosses-a-tendance-acneique\/"},"modified":"2022-07-14T14:59:31","modified_gmt":"2022-07-14T14:59:31","slug":"gamme-regul-visage-peaux-mixtes-grosses-a-tendance-acneique","status":"publish","type":"product","link":"https:\/\/adabla.com\/en\/product\/gamme-regul-visage-peaux-mixtes-grosses-a-tendance-acneique\/","title":{"rendered":"GAMME R\u00c9GUL VISAGE- PEAUX MIXTES, GRASSES, A TENDANCE ACNEIQUE"},"content":{"rendered":"<p><\/p>","protected":false},"excerpt":{"rendered":"<p>PACK REGUL\u2019 \u2013 ROUTINE PEAUX MIXTES, GRASSES, A TENDANCE ACNEIQUE<\/p>\n<p>Cette Gamme contient 4 produits pour une routine soft et efficace en 4 \u00e9tapes :<\/p>\n<p>Je nettoie et purifie ma peau gr\u00e2ce au Savon d\u00e9tox au charbon activ\u00e9 et au lait de riz ou au Savon Bamboo-argile verte citronnelle<\/p>\n<p>Je purifie, d\u00e9sincruste mes pores et tonifie ma peau sans l\u2019agresser gr\u00e2ce \u00e0 la Lotion tonique r\u00e9gulatrice d\u2019Aloe vera et Th\u00e9 vert<\/p>\n<p>Je contr\u00f4le la production de s\u00e9bum de ma peau au cours de la journ\u00e9e, resserre les pores dilat\u00e9s, r\u00e9duit l\u2019inflammation qui pourrait fragiliser et rendre la peau plus vuln\u00e9rable aux bact\u00e9ries et agressions ext\u00e9rieures, r\u00e9pare les cellules endommag\u00e9es, lisse et am\u00e9liore sa texture gr\u00e2ce au Serum anti-imperfections.<\/p>\n<p>J\u2019hydrate, matifie et assure un minimum de protection solaire avec le Fluide Hydratant Matifiant Jour<\/p>\n<p>P.S : Et j\u2019avantage mon portefeuille en achetant la gamme plut\u00f4t que les produits s\u00e9par\u00e9ment!<\/p>","protected":false},"featured_media":1565,"comment_status":"open","ping_status":"closed","template":"","meta":{"_acf_changed":false},"product_cat":[114,207,123,208,210],"product_tag":[],"class_list":{"0":"post-1563","1":"product","2":"type-product","3":"status-publish","4":"has-post-thumbnail","6":"product_cat-beaute","7":"product_cat-lotions","8":"product_cat-savons","9":"product_cat-serums","10":"product_cat-soins-corps","11":"product_shipping_class-nomal","13":"first","14":"instock","15":"sale","16":"shipping-taxable","17":"purchasable","18":"product-type-simple"},"aioseo_notices":[],"acf":[],"_links":{"self":[{"href":"https:\/\/adabla.com\/en\/wp-json\/wp\/v2\/product\/1563","targetHints":{"allow":["GET"]}}],"collection":[{"href":"https:\/\/adabla.com\/en\/wp-json\/wp\/v2\/product"}],"about":[{"href":"https:\/\/adabla.com\/en\/wp-json\/wp\/v2\/types\/product"}],"replies":[{"embeddable":true,"href":"https:\/\/adabla.com\/en\/wp-json\/wp\/v2\/comments?post=1563"}],"wp:featuredmedia":[{"embeddable":true,"href":"https:\/\/adabla.com\/en\/wp-json\/wp\/v2\/media\/1565"}],"wp:attachment":[{"href":"https:\/\/adabla.com\/en\/wp-json\/wp\/v2\/media?parent=1563"}],"wp:term":[{"taxonomy":"product_cat","embeddable":true,"href":"https:\/\/adabla.com\/en\/wp-json\/wp\/v2\/product_cat?post=1563"},{"taxonomy":"product_tag","embeddable":true,"href":"https:\/\/adabla.com\/en\/wp-json\/wp\/v2\/product_tag?post=1563"}],"curies":[{"name":"wp","href":"https:\/\/api.w.org\/{rel}","templated":true}]}}