{"id":1649,"date":"2021-11-23T12:54:43","date_gmt":"2021-11-23T12:54:43","guid":{"rendered":"https:\/\/adabla.com\/product\/savon-carapa\/"},"modified":"2022-07-14T14:59:27","modified_gmt":"2022-07-14T14:59:27","slug":"savon-carapa","status":"publish","type":"product","link":"https:\/\/adabla.com\/en\/product\/savon-carapa\/","title":{"rendered":"SAVON CARAPA"},"content":{"rendered":"<div>\n<div class=\"\" dir=\"auto\">\n<div class=\"ecm0bbzt hv4rvrfc ihqw7lf3 dati1w0a\" data-ad-comet-preview=\"message\" data-ad-preview=\"message\" id=\"jsc_c_if\" style=\"padding: 4px 16px 16px\">\n<div class=\"j83agx80 cbu4d94t ew0dbk1b irj2b8pg\" style=\"flex-direction: column;margin-bottom: -5px;margin-top: -5px\">\n<div class=\"qzhwtbm6 knvmm38d\" style=\"margin-top: 5px;margin-bottom: 5px\"><span class=\"d2edcug0 hpfvmrgz qv66sw1b c1et5uql lr9zc1uh a8c37x1j keod5gw0 nxhoafnm aigsh9s9 d3f4x2em fe6kdd0r mau55g9w c8b282yb iv3no6db jq4qci2q a3bd9o3v b1v8xokw oo9gr5id hzawbc8m\" dir=\"auto\" style=\"line-height: 1.3333;max-width: 100%;min-width: 0px\"><\/p>\n<div class=\"kvgmc6g5 cxmmr5t8 oygrvhab hcukyx3x c1et5uql ii04i59q\" style=\"margin: 0px\">\n<div dir=\"auto\"><font color=\"#1c1e21\" face=\"Segoe UI Historic, Segoe UI, Helvetica, Arial, sans-serif\"><span style=\"font-size: 15px\">vous souffrez d&rsquo;\ud835\uddd8\ud835\uddd6\ud835\udded\ud835\uddd8\ud835\udde0\ud835\uddd4, \ud835\udde3\ud835\udde6\ud835\udde2\ud835\udde5\ud835\udddc\ud835\uddd4\ud835\udde6\ud835\udddc\ud835\udde6,\ud835\uddd4\ud835\uddd6\ud835\udde1\ud835\uddd8?<br \/>\nLe  \ud835\udc2c\ud835\udc1a\ud835\udc2f\ud835\udc28\ud835\udc27  \ud835\udc02\ud835\udc00\ud835\udc11\ud835\udc00\ud835\udc0f\ud835\udc00 est indiqu\u00e9 pour vous.<br \/>\nLe  \ud835\udc2c\ud835\udc1a\ud835\udc2f\ud835\udc28\ud835\udc27  \ud835\udc02\ud835\udc00\ud835\udc11\ud835\udc00\ud835\udc0f\ud835\udc00 est un savon \ud835\uddd4\ud835\udde1\ud835\udde7\ud835\udddc\ud835\udde6\ud835\uddd8\ud835\udde3\ud835\udde7\ud835\udddc\ud835\udde4\ud835\udde8\ud835\uddd8 sp\u00e9cialement con\u00e7u pour les peaux \u00e0 probl\u00e8mes.<br \/>\nFormul\u00e9 \u00e0 base de<br \/>\nhuile de carapa proc\u00e9ra qui est:<br \/>\nRiche en vitamine A triterp\u00e8nes, Om\u00e9ga 6, de 7 limono\u00efdes diff\u00e9rents et d\u2019acides gras essentiels,<br \/>\n l\u2019huile de Carapa procera a des propri\u00e9t\u00e9s anti-inflammatoires, antiseptiques, antifongique, cicatrisantes et r\u00e9g\u00e9n\u00e9rantes, propices au traitement de d\u00e9sordres cutan\u00e9s.<br \/>\nLes savon CARAPA un savon surgras tr\u00e8s doux qui nettoie la peau sans la dess\u00e9cher ni l&rsquo;agresser.<br \/>\nConvient aux enfants \u00e0 partir de 6 mois , aux peaux sensible.<br \/>\n100% naturel ce savon vous donne une peau saine , \u00e9clatante, rajeunie sans<br \/>\n\u2714 boutons<br \/>\n\u2714 d\u00e9mangeaison cutan\u00e9e<br \/>\n\u2714 acn\u00e9<br \/>\n\u2714ecz\u00e9ma<br \/>\n\u2714Psoriasis <\/p>\n<p>Poids 200gr<br \/>\n<\/span><\/font><span style=\"color: var(--primary-text);font-family: inherit;font-size: 0.9375rem\"><br \/>\n<\/span><\/div>\n<p style=\"color: var(--primary-text);font-family: inherit;font-size: 0.9375rem\"><\/p>\n<\/div>\n<p><\/span><\/div>\n<\/div>\n<\/div>\n<\/div>\n<\/div>","protected":false},"excerpt":{"rendered":"<p>SAVON CARAPA<\/p>","protected":false},"featured_media":1647,"comment_status":"open","ping_status":"closed","template":"","meta":{"_acf_changed":false},"product_cat":[132,114,120,115,123,209,210,206,125],"product_tag":[],"class_list":{"0":"post-1649","1":"product","2":"type-product","3":"status-publish","4":"has-post-thumbnail","6":"product_cat-bains-soins-de-peau","7":"product_cat-beaute","8":"product_cat-cosmetiques","9":"product_cat-enfants","10":"product_cat-savons","11":"product_cat-savons-naturels","12":"product_cat-soins-corps","13":"product_cat-soins-visage","14":"product_cat-trousses-de-toillette","15":"product_shipping_class-nomal","17":"first","18":"instock","19":"shipping-taxable","20":"purchasable","21":"product-type-simple"},"aioseo_notices":[],"acf":[],"_links":{"self":[{"href":"https:\/\/adabla.com\/en\/wp-json\/wp\/v2\/product\/1649","targetHints":{"allow":["GET"]}}],"collection":[{"href":"https:\/\/adabla.com\/en\/wp-json\/wp\/v2\/product"}],"about":[{"href":"https:\/\/adabla.com\/en\/wp-json\/wp\/v2\/types\/product"}],"replies":[{"embeddable":true,"href":"https:\/\/adabla.com\/en\/wp-json\/wp\/v2\/comments?post=1649"}],"wp:featuredmedia":[{"embeddable":true,"href":"https:\/\/adabla.com\/en\/wp-json\/wp\/v2\/media\/1647"}],"wp:attachment":[{"href":"https:\/\/adabla.com\/en\/wp-json\/wp\/v2\/media?parent=1649"}],"wp:term":[{"taxonomy":"product_cat","embeddable":true,"href":"https:\/\/adabla.com\/en\/wp-json\/wp\/v2\/product_cat?post=1649"},{"taxonomy":"product_tag","embeddable":true,"href":"https:\/\/adabla.com\/en\/wp-json\/wp\/v2\/product_tag?post=1649"}],"curies":[{"name":"wp","href":"https:\/\/api.w.org\/{rel}","templated":true}]}}