{"id":1672,"date":"2021-12-09T20:54:59","date_gmt":"2021-12-09T20:54:59","guid":{"rendered":"https:\/\/adabla.com\/product\/oyemi-savon-noir-doux-aloe-600g\/"},"modified":"2022-07-14T14:59:17","modified_gmt":"2022-07-14T14:59:17","slug":"oyemi-savon-noir-doux-aloe-600g","status":"publish","type":"product","link":"https:\/\/adabla.com\/en\/product\/oyemi-savon-noir-doux-aloe-600g\/","title":{"rendered":"OYEMI Savon Noir Doux &#8211; Aloe &#8211; 600G"},"content":{"rendered":"<p>Connu pour ses vertus r\u00e9g\u00e9n\u00e9rantes, l&rsquo;aloe vera est aussi un puissant anti-inflammatoire qui favorise la cicatrisation. Notre savon noir aux extraits d&rsquo;aloe vera est indiqu\u00e9 pour les peaux s\u00e8ches, \u00e0 probl\u00e8mes ainsi que les peaux sensibles.<\/p>\n<p>Egalement, enrichi en huile de palmiste, de coco et en glyc\u00e9rine,\u00a0notre savon noir 3 en 1 (cheveux, corps et rasage) est naturellement doux et agr\u00e9able \u00e0 utiliser.<\/p>\n<p><strong style=\"margin: 0px;padding: 0px;border: 0px;background-color: transparent;vertical-align: baseline\" data-mce-style=\"margin: 0px; padding: 0px; border: 0px; background-color: transparent; vertical-align: baseline;\">Avantages:\u00a0<\/strong><\/p>\n<ul>\n<li style=\"margin: 0px;padding: 0px;border: 0px;background-color: transparent;vertical-align: baseline\" data-mce-style=\"margin: 0px; padding: 0px; border: 0px; background-color: transparent; vertical-align: baseline;\">Hydratant<\/li>\n<li style=\"margin: 0px;padding: 0px;border: 0px;background-color: transparent;vertical-align: baseline\" data-mce-style=\"margin: 0px; padding: 0px; border: 0px; background-color: transparent; vertical-align: baseline;\">Antiseptic naturel<\/li>\n<li style=\"margin: 0px;padding: 0px;border: 0px;background-color: transparent;vertical-align: baseline\" data-mce-style=\"margin: 0px; padding: 0px; border: 0px; background-color: transparent; vertical-align: baseline;\">Anti-acn\u00e9ique<\/li>\n<li style=\"margin: 0px;padding: 0px;border: 0px;background-color: transparent;vertical-align: baseline\" data-mce-style=\"margin: 0px; padding: 0px; border: 0px; background-color: transparent; vertical-align: baseline;\">Rafraichit et nettoie en profondeur<\/li>\n<li style=\"margin: 0px;padding: 0px;border: 0px;background-color: transparent;vertical-align: baseline\" data-mce-style=\"margin: 0px; padding: 0px; border: 0px; background-color: transparent; vertical-align: baseline;\">Ralenti le vieillissement de la peau<\/li>\n<li style=\"margin: 0px;padding: 0px;border: 0px;background-color: transparent;vertical-align: baseline\" data-mce-style=\"margin: 0px; padding: 0px; border: 0px; background-color: transparent; vertical-align: baseline;\">Recommand\u00e9 pour les peaux \u00e0 tendance acn\u00e9ique<\/li>\n<\/ul>","protected":false},"excerpt":{"rendered":"<p>Connu pour ses vertus r\u00e9g\u00e9n\u00e9rantes, l&rsquo;aloe vera est aussi un puissant anti-inflammatoire qui favorise la cicatrisation. Notre savon noir aux extraits d&rsquo;aloe vera est indiqu\u00e9 pour les peaux s\u00e8ches, \u00e0 probl\u00e8mes ainsi que les peaux sensibles.<\/p>\n<p>Le pot de 600G est \u00e9conomique et id\u00e9al pour toute la famille.<\/p>","protected":false},"featured_media":1402,"comment_status":"open","ping_status":"closed","template":"","meta":{"_acf_changed":false},"product_cat":[132,114,120,115,209,210,124,206],"product_tag":[],"class_list":{"0":"post-1672","1":"product","2":"type-product","3":"status-publish","4":"has-post-thumbnail","6":"product_cat-bains-soins-de-peau","7":"product_cat-beaute","8":"product_cat-cosmetiques","9":"product_cat-enfants","10":"product_cat-savons-naturels","11":"product_cat-soins-corps","12":"product_cat-soins-gommants","13":"product_cat-soins-visage","14":"product_shipping_class-nomal","16":"first","17":"instock","18":"shipping-taxable","19":"purchasable","20":"product-type-simple"},"aioseo_notices":[],"acf":[],"_links":{"self":[{"href":"https:\/\/adabla.com\/en\/wp-json\/wp\/v2\/product\/1672","targetHints":{"allow":["GET"]}}],"collection":[{"href":"https:\/\/adabla.com\/en\/wp-json\/wp\/v2\/product"}],"about":[{"href":"https:\/\/adabla.com\/en\/wp-json\/wp\/v2\/types\/product"}],"replies":[{"embeddable":true,"href":"https:\/\/adabla.com\/en\/wp-json\/wp\/v2\/comments?post=1672"}],"wp:featuredmedia":[{"embeddable":true,"href":"https:\/\/adabla.com\/en\/wp-json\/wp\/v2\/media\/1402"}],"wp:attachment":[{"href":"https:\/\/adabla.com\/en\/wp-json\/wp\/v2\/media?parent=1672"}],"wp:term":[{"taxonomy":"product_cat","embeddable":true,"href":"https:\/\/adabla.com\/en\/wp-json\/wp\/v2\/product_cat?post=1672"},{"taxonomy":"product_tag","embeddable":true,"href":"https:\/\/adabla.com\/en\/wp-json\/wp\/v2\/product_tag?post=1672"}],"curies":[{"name":"wp","href":"https:\/\/api.w.org\/{rel}","templated":true}]}}