{"id":1674,"date":"2021-12-09T20:59:24","date_gmt":"2021-12-09T20:59:24","guid":{"rendered":"https:\/\/adabla.com\/product\/oyemi-savon-noir-doux-moringa-600g\/"},"modified":"2022-07-14T14:56:12","modified_gmt":"2022-07-14T14:56:12","slug":"oyemi-savon-noir-doux-moringa-600g","status":"publish","type":"product","link":"https:\/\/adabla.com\/en\/product\/oyemi-savon-noir-doux-moringa-600g\/","title":{"rendered":"OYEMI Savon Noir Doux &#8211; Moringa &#8211; 600G"},"content":{"rendered":"<p>Le moringa a une excellente capacit\u00e9 de nettoyage qui permet de d\u00e9barrasser votre peau des radicaux libres et restaurer la vitalit\u00e9 et le teint de votre peau. Notre savon noir aux extraits de moringa restore l&rsquo;\u00e9clat de votre peau.<\/p>\n<p>Egalement, enrichi en huile de palmiste, de coco et en glyc\u00e9rine, notre savon noir 3 en 1 (cheveux, corps et rasage) est naturellement doux et agr\u00e9able \u00e0 utiliser.<\/p>\n<p><strong style=\"margin: 0px;padding: 0px;border: 0px;background-color: transparent;vertical-align: baseline\">Avantages:\u00a0<\/strong><\/p>\n<ul>\n<li style=\"margin: 0px;padding: 0px;border: 0px;background-color: transparent;vertical-align: baseline\">Hydratant<\/li>\n<li style=\"margin: 0px;padding: 0px;border: 0px;background-color: transparent;vertical-align: baseline\">Antiseptic naturel<\/li>\n<li style=\"margin: 0px;padding: 0px;border: 0px;background-color: transparent;vertical-align: baseline\">Anti-acn\u00e9ique<\/li>\n<li style=\"margin: 0px;padding: 0px;border: 0px;background-color: transparent;vertical-align: baseline\">Rafraichit et nettoie en profondeur<\/li>\n<li style=\"margin: 0px;padding: 0px;border: 0px;background-color: transparent;vertical-align: baseline\">Ralenti le vieillissement de la peau<\/li>\n<li style=\"margin: 0px;padding: 0px;border: 0px;background-color: transparent;vertical-align: baseline\">Recommand\u00e9 pour les peaux matures<\/li>\n<\/ul>","protected":false},"excerpt":{"rendered":"<p>Le moringa a une excellente capacit\u00e9 de nettoyage qui permet de d\u00e9barrasser votre peau des radicaux libres et restaurer la vitalit\u00e9 et le teint de votre peau. Notre savon noir aux extraits de moringa restore l&rsquo;\u00e9clat de votre peau.<\/p>\n<p>Le pot de 600G est \u00e9conomique et id\u00e9al pour toute la famille.<\/p>","protected":false},"featured_media":1398,"comment_status":"open","ping_status":"closed","template":"","meta":{"_acf_changed":false},"product_cat":[132,114,120,115,209,211,210,124,206],"product_tag":[],"class_list":{"0":"post-1674","1":"product","2":"type-product","3":"status-publish","4":"has-post-thumbnail","6":"product_cat-bains-soins-de-peau","7":"product_cat-beaute","8":"product_cat-cosmetiques","9":"product_cat-enfants","10":"product_cat-savons-naturels","11":"product_cat-soins-cheuveux","12":"product_cat-soins-corps","13":"product_cat-soins-gommants","14":"product_cat-soins-visage","15":"product_shipping_class-nomal","17":"first","18":"instock","19":"shipping-taxable","20":"purchasable","21":"product-type-simple"},"aioseo_notices":[],"acf":[],"_links":{"self":[{"href":"https:\/\/adabla.com\/en\/wp-json\/wp\/v2\/product\/1674","targetHints":{"allow":["GET"]}}],"collection":[{"href":"https:\/\/adabla.com\/en\/wp-json\/wp\/v2\/product"}],"about":[{"href":"https:\/\/adabla.com\/en\/wp-json\/wp\/v2\/types\/product"}],"replies":[{"embeddable":true,"href":"https:\/\/adabla.com\/en\/wp-json\/wp\/v2\/comments?post=1674"}],"wp:featuredmedia":[{"embeddable":true,"href":"https:\/\/adabla.com\/en\/wp-json\/wp\/v2\/media\/1398"}],"wp:attachment":[{"href":"https:\/\/adabla.com\/en\/wp-json\/wp\/v2\/media?parent=1674"}],"wp:term":[{"taxonomy":"product_cat","embeddable":true,"href":"https:\/\/adabla.com\/en\/wp-json\/wp\/v2\/product_cat?post=1674"},{"taxonomy":"product_tag","embeddable":true,"href":"https:\/\/adabla.com\/en\/wp-json\/wp\/v2\/product_tag?post=1674"}],"curies":[{"name":"wp","href":"https:\/\/api.w.org\/{rel}","templated":true}]}}