{"id":1695,"date":"2021-12-09T22:04:12","date_gmt":"2021-12-09T22:04:12","guid":{"rendered":"https:\/\/adabla.com\/product\/oyemi-savon-noir-doux-aloe-500ml\/"},"modified":"2022-07-14T14:56:10","modified_gmt":"2022-07-14T14:56:10","slug":"oyemi-savon-noir-doux-aloe-500ml","status":"publish","type":"product","link":"https:\/\/adabla.com\/en\/product\/oyemi-savon-noir-doux-aloe-500ml\/","title":{"rendered":"OYEMI Savon Noir Doux Gel &#8211; Aloe &#8211; 500ML"},"content":{"rendered":"<p>Connu pour ses vertus r\u00e9g\u00e9n\u00e9rantes, l&rsquo;aloe vera est aussi un puissant anti-inflammatoire qui favorise la cicatrisation. Notre savon noir aux extraits d&rsquo;aloe vera est indiqu\u00e9 pour les peaux s\u00e8ches, \u00e0 probl\u00e8mes ainsi que les peaux sensibles.<\/p>\n<p>Egalement, enrichi en huile de palmiste, de coco et en glyc\u00e9rine, notre gel douche 3 en 1 (cheveux, corps et rasage) est naturellement doux et agr\u00e9able \u00e0 utiliser.<\/p>\n<p><strong style=\"margin: 0px;padding: 0px;border: 0px;background-color: transparent;vertical-align: baseline\" data-mce-style=\"margin: 0px; padding: 0px; border: 0px; background-color: transparent; vertical-align: baseline;\">Avantages:\u00a0<\/strong><\/p>\n<ul>\n<li style=\"margin: 0px;padding: 0px;border: 0px;background-color: transparent;vertical-align: baseline\" data-mce-style=\"margin: 0px; padding: 0px; border: 0px; background-color: transparent; vertical-align: baseline;\">Hydratant<\/li>\n<li style=\"margin: 0px;padding: 0px;border: 0px;background-color: transparent;vertical-align: baseline\" data-mce-style=\"margin: 0px; padding: 0px; border: 0px; background-color: transparent; vertical-align: baseline;\">Antiseptic naturel<\/li>\n<li style=\"margin: 0px;padding: 0px;border: 0px;background-color: transparent;vertical-align: baseline\" data-mce-style=\"margin: 0px; padding: 0px; border: 0px; background-color: transparent; vertical-align: baseline;\">Anti-acn\u00e9ique<\/li>\n<li style=\"margin: 0px;padding: 0px;border: 0px;background-color: transparent;vertical-align: baseline\" data-mce-style=\"margin: 0px; padding: 0px; border: 0px; background-color: transparent; vertical-align: baseline;\">Rafraichit et nettoie en profondeur<\/li>\n<li style=\"margin: 0px;padding: 0px;border: 0px;background-color: transparent;vertical-align: baseline\" data-mce-style=\"margin: 0px; padding: 0px; border: 0px; background-color: transparent; vertical-align: baseline;\">Ralenti le vieillissement de la peau<\/li>\n<li style=\"margin: 0px;padding: 0px;border: 0px;background-color: transparent;vertical-align: baseline\" data-mce-style=\"margin: 0px; padding: 0px; border: 0px; background-color: transparent; vertical-align: baseline;\">Recommand\u00e9 pour les peaux sensibles \u00e0 tendance acn\u00e9ique<\/li>\n<\/ul>","protected":false},"excerpt":{"rendered":"<div>\n<p>Connu pour ses vertus r\u00e9g\u00e9n\u00e9rantes, l&rsquo;aloe vera est aussi un puissant anti-inflammatoire qui favorise la cicatrisation. Notre savon noir aux extraits d&rsquo;aloe vera est indiqu\u00e9 pour les peaux s\u00e8ches, \u00e0 probl\u00e8mes ainsi que les peaux sensibles.<\/p>\n<p>Le gel douche de 500ML est id\u00e9al pour les peaux sensibles et convient \u00e0 toute la famille.<\/p>\n<\/div>","protected":false},"featured_media":1678,"comment_status":"open","ping_status":"closed","template":"","meta":{"_acf_changed":false},"product_cat":[132,114,120,115,209,211,210,124,206],"product_tag":[],"class_list":{"0":"post-1695","1":"product","2":"type-product","3":"status-publish","4":"has-post-thumbnail","6":"product_cat-bains-soins-de-peau","7":"product_cat-beaute","8":"product_cat-cosmetiques","9":"product_cat-enfants","10":"product_cat-savons-naturels","11":"product_cat-soins-cheuveux","12":"product_cat-soins-corps","13":"product_cat-soins-gommants","14":"product_cat-soins-visage","15":"product_shipping_class-nomal","17":"first","18":"instock","19":"shipping-taxable","20":"purchasable","21":"product-type-simple"},"aioseo_notices":[],"acf":[],"_links":{"self":[{"href":"https:\/\/adabla.com\/en\/wp-json\/wp\/v2\/product\/1695","targetHints":{"allow":["GET"]}}],"collection":[{"href":"https:\/\/adabla.com\/en\/wp-json\/wp\/v2\/product"}],"about":[{"href":"https:\/\/adabla.com\/en\/wp-json\/wp\/v2\/types\/product"}],"replies":[{"embeddable":true,"href":"https:\/\/adabla.com\/en\/wp-json\/wp\/v2\/comments?post=1695"}],"wp:featuredmedia":[{"embeddable":true,"href":"https:\/\/adabla.com\/en\/wp-json\/wp\/v2\/media\/1678"}],"wp:attachment":[{"href":"https:\/\/adabla.com\/en\/wp-json\/wp\/v2\/media?parent=1695"}],"wp:term":[{"taxonomy":"product_cat","embeddable":true,"href":"https:\/\/adabla.com\/en\/wp-json\/wp\/v2\/product_cat?post=1695"},{"taxonomy":"product_tag","embeddable":true,"href":"https:\/\/adabla.com\/en\/wp-json\/wp\/v2\/product_tag?post=1695"}],"curies":[{"name":"wp","href":"https:\/\/api.w.org\/{rel}","templated":true}]}}