{"id":1696,"date":"2021-12-09T22:07:35","date_gmt":"2021-12-09T22:07:35","guid":{"rendered":"https:\/\/adabla.com\/product\/savon-noir-doux-gel-cacao-500ml\/"},"modified":"2022-07-14T14:56:08","modified_gmt":"2022-07-14T14:56:08","slug":"savon-noir-doux-gel-cacao-500ml","status":"publish","type":"product","link":"https:\/\/adabla.com\/en\/product\/savon-noir-doux-gel-cacao-500ml\/","title":{"rendered":"OYEMI Savon Noir Doux Gel- Cacao- 500ML"},"content":{"rendered":"<p>Le beurre de cacao est tr\u00e8s reconnu pour ses pouvoirs hydratant et cicatrisant. Notre savon noir au beurre et extrait de cacao est tr\u00e8s hydratant pour les peaux s\u00e8ches et sensibles.<\/p>\n<p>Egalement, enrichi en huile de palmiste, de coco et en glyc\u00e9rine, notre gel douche 3 en 1 (cheveux, corps et rasage) est naturellement doux et agr\u00e9able \u00e0 utiliser.<\/p>\n<p><strong style=\"margin: 0px;padding: 0px;border: 0px;background-color: transparent;vertical-align: baseline\" data-mce-style=\"margin: 0px; padding: 0px; border: 0px; background-color: transparent; vertical-align: baseline;\">Avantages:\u00a0<\/strong><\/p>\n<ul>\n<li style=\"margin: 0px;padding: 0px;border: 0px;background-color: transparent;vertical-align: baseline\" data-mce-style=\"margin: 0px; padding: 0px; border: 0px; background-color: transparent; vertical-align: baseline;\">Hydratant<\/li>\n<li style=\"margin: 0px;padding: 0px;border: 0px;background-color: transparent;vertical-align: baseline\" data-mce-style=\"margin: 0px; padding: 0px; border: 0px; background-color: transparent; vertical-align: baseline;\">Antiseptic naturel<\/li>\n<li style=\"margin: 0px;padding: 0px;border: 0px;background-color: transparent;vertical-align: baseline\" data-mce-style=\"margin: 0px; padding: 0px; border: 0px; background-color: transparent; vertical-align: baseline;\">Anti-acn\u00e9ique<\/li>\n<li style=\"margin: 0px;padding: 0px;border: 0px;background-color: transparent;vertical-align: baseline\" data-mce-style=\"margin: 0px; padding: 0px; border: 0px; background-color: transparent; vertical-align: baseline;\">Rafraichit et nettoie en profondeur<\/li>\n<li style=\"margin: 0px;padding: 0px;border: 0px;background-color: transparent;vertical-align: baseline\" data-mce-style=\"margin: 0px; padding: 0px; border: 0px; background-color: transparent; vertical-align: baseline;\">Ralenti le vieillissement de la peau<\/li>\n<li style=\"margin: 0px;padding: 0px;border: 0px;background-color: transparent;vertical-align: baseline\" data-mce-style=\"margin: 0px; padding: 0px; border: 0px; background-color: transparent; vertical-align: baseline;\">Recommand\u00e9 pour les peaux s\u00e8ches<\/li>\n<\/ul>","protected":false},"excerpt":{"rendered":"<div>Le beurre de cacao est tr\u00e8s reconnu pour ses pouvoirs hydratant et cicatrisant. Notre savon noir au beurre et extrait de cacao est tr\u00e8s hydratant pour les peaux s\u00e8ches et sensibles.\u00a0<\/div>\n<p style=\"margin: 0px;padding: 0px;border: 0px;font-size: 14px;vertical-align: baseline\" data-mce-style=\"margin: 0px; padding: 0px; border: 0px; font-size: 14px; vertical-align: baseline;\">Le gel douche de 500ML est id\u00e9al pour les peaux sensibles et convient \u00e0 toute la famille.<\/p>","protected":false},"featured_media":1680,"comment_status":"open","ping_status":"closed","template":"","meta":{"_acf_changed":false},"product_cat":[132,114,120,115,209,211,210,124,206],"product_tag":[],"class_list":{"0":"post-1696","1":"product","2":"type-product","3":"status-publish","4":"has-post-thumbnail","6":"product_cat-bains-soins-de-peau","7":"product_cat-beaute","8":"product_cat-cosmetiques","9":"product_cat-enfants","10":"product_cat-savons-naturels","11":"product_cat-soins-cheuveux","12":"product_cat-soins-corps","13":"product_cat-soins-gommants","14":"product_cat-soins-visage","15":"product_shipping_class-nomal","17":"first","18":"instock","19":"shipping-taxable","20":"purchasable","21":"product-type-simple"},"aioseo_notices":[],"acf":[],"_links":{"self":[{"href":"https:\/\/adabla.com\/en\/wp-json\/wp\/v2\/product\/1696","targetHints":{"allow":["GET"]}}],"collection":[{"href":"https:\/\/adabla.com\/en\/wp-json\/wp\/v2\/product"}],"about":[{"href":"https:\/\/adabla.com\/en\/wp-json\/wp\/v2\/types\/product"}],"replies":[{"embeddable":true,"href":"https:\/\/adabla.com\/en\/wp-json\/wp\/v2\/comments?post=1696"}],"wp:featuredmedia":[{"embeddable":true,"href":"https:\/\/adabla.com\/en\/wp-json\/wp\/v2\/media\/1680"}],"wp:attachment":[{"href":"https:\/\/adabla.com\/en\/wp-json\/wp\/v2\/media?parent=1696"}],"wp:term":[{"taxonomy":"product_cat","embeddable":true,"href":"https:\/\/adabla.com\/en\/wp-json\/wp\/v2\/product_cat?post=1696"},{"taxonomy":"product_tag","embeddable":true,"href":"https:\/\/adabla.com\/en\/wp-json\/wp\/v2\/product_tag?post=1696"}],"curies":[{"name":"wp","href":"https:\/\/api.w.org\/{rel}","templated":true}]}}