{"id":1713,"date":"2021-12-19T15:45:12","date_gmt":"2021-12-19T15:45:12","guid":{"rendered":"https:\/\/adabla.com\/product\/aout-cosmetiques-savon-au-cafe\/"},"modified":"2022-07-14T14:56:03","modified_gmt":"2022-07-14T14:56:03","slug":"aout-cosmetiques-savon-au-cafe","status":"publish","type":"product","link":"https:\/\/adabla.com\/en\/product\/aout-cosmetiques-savon-au-cafe\/","title":{"rendered":"Ao\u00fbt cosm\u00e9tiques savon au caf\u00e9 110g"},"content":{"rendered":"<p style=\"text-align: center\" data-mce-style=\"text-align: center;\">Caf\u00e9 moulu, beurre de karit\u00e9, beurre de cacao, huile d&rsquo;olive, huile de coco, huile tournesol, huile de jojoba, acide de fruits en faible quantit\u00e9.<\/p>","protected":false},"excerpt":{"rendered":"<p style=\"text-align: right\" data-mce-style=\"text-align: right;\">Ce savon hydratant au caf\u00e9 moulu lutte contre le vieillissement cutan\u00e9e, il s\u00e8che les boutons, \u00e9limine les peaux mortes.il favorise aussi une bonne circulation sanguine<\/p>","protected":false},"featured_media":1715,"comment_status":"open","ping_status":"closed","template":"","meta":{"_acf_changed":false},"product_cat":[114,128,127,120,123,209,210,124,130,206],"product_tag":[],"class_list":{"0":"post-1713","1":"product","2":"type-product","3":"status-publish","4":"has-post-thumbnail","6":"product_cat-beaute","7":"product_cat-beurre-de-cacao","8":"product_cat-beu-rre-de-karite","9":"product_cat-cosmetiques","10":"product_cat-savons","11":"product_cat-savons-naturels","12":"product_cat-soins-corps","13":"product_cat-soins-gommants","14":"product_cat-soins-hydratents","15":"product_cat-soins-visage","16":"product_shipping_class-nomal","18":"first","19":"instock","20":"shipping-taxable","21":"purchasable","22":"product-type-simple"},"aioseo_notices":[],"acf":[],"_links":{"self":[{"href":"https:\/\/adabla.com\/en\/wp-json\/wp\/v2\/product\/1713","targetHints":{"allow":["GET"]}}],"collection":[{"href":"https:\/\/adabla.com\/en\/wp-json\/wp\/v2\/product"}],"about":[{"href":"https:\/\/adabla.com\/en\/wp-json\/wp\/v2\/types\/product"}],"replies":[{"embeddable":true,"href":"https:\/\/adabla.com\/en\/wp-json\/wp\/v2\/comments?post=1713"}],"wp:featuredmedia":[{"embeddable":true,"href":"https:\/\/adabla.com\/en\/wp-json\/wp\/v2\/media\/1715"}],"wp:attachment":[{"href":"https:\/\/adabla.com\/en\/wp-json\/wp\/v2\/media?parent=1713"}],"wp:term":[{"taxonomy":"product_cat","embeddable":true,"href":"https:\/\/adabla.com\/en\/wp-json\/wp\/v2\/product_cat?post=1713"},{"taxonomy":"product_tag","embeddable":true,"href":"https:\/\/adabla.com\/en\/wp-json\/wp\/v2\/product_tag?post=1713"}],"curies":[{"name":"wp","href":"https:\/\/api.w.org\/{rel}","templated":true}]}}