{"id":1714,"date":"2021-12-19T15:50:28","date_gmt":"2021-12-19T15:50:28","guid":{"rendered":"https:\/\/adabla.com\/product\/aout-cosmetique-savon-au-baobab\/"},"modified":"2022-07-18T14:35:36","modified_gmt":"2022-07-18T14:35:36","slug":"aout-cosmetique-savon-au-baobab","status":"publish","type":"product","link":"https:\/\/adabla.com\/en\/product\/aout-cosmetique-savon-au-baobab\/","title":{"rendered":"Ao\u00fbt cosm\u00e9tique savon au baobab 110g"},"content":{"rendered":"<p>Description courte du savon au baobab __<\/p>\n<p>Huile vegetale, pulpe de baobab, argile verte.<\/p>\n<p><\/p>","protected":false},"excerpt":{"rendered":"<p>Riche en vitamine c et en calcium l&rsquo;utilisation quotidienne de ce savon au baobab redonne de l&rsquo;\u00e9clat aux peaux ternes et fatigu\u00e9s, il lisse les traits du visage tout pr\u00e9venant les vergetures.<\/p>","protected":false},"featured_media":1716,"comment_status":"open","ping_status":"closed","template":"","meta":{"_acf_changed":false},"product_cat":[114,128,127,120,123,209,210,130,206],"product_tag":[],"class_list":{"0":"post-1714","1":"product","2":"type-product","3":"status-publish","4":"has-post-thumbnail","6":"product_cat-beaute","7":"product_cat-beurre-de-cacao","8":"product_cat-beu-rre-de-karite","9":"product_cat-cosmetiques","10":"product_cat-savons","11":"product_cat-savons-naturels","12":"product_cat-soins-corps","13":"product_cat-soins-hydratents","14":"product_cat-soins-visage","15":"product_shipping_class-nomal","17":"first","18":"instock","19":"shipping-taxable","20":"purchasable","21":"product-type-simple"},"aioseo_notices":[],"acf":[],"_links":{"self":[{"href":"https:\/\/adabla.com\/en\/wp-json\/wp\/v2\/product\/1714","targetHints":{"allow":["GET"]}}],"collection":[{"href":"https:\/\/adabla.com\/en\/wp-json\/wp\/v2\/product"}],"about":[{"href":"https:\/\/adabla.com\/en\/wp-json\/wp\/v2\/types\/product"}],"replies":[{"embeddable":true,"href":"https:\/\/adabla.com\/en\/wp-json\/wp\/v2\/comments?post=1714"}],"wp:featuredmedia":[{"embeddable":true,"href":"https:\/\/adabla.com\/en\/wp-json\/wp\/v2\/media\/1716"}],"wp:attachment":[{"href":"https:\/\/adabla.com\/en\/wp-json\/wp\/v2\/media?parent=1714"}],"wp:term":[{"taxonomy":"product_cat","embeddable":true,"href":"https:\/\/adabla.com\/en\/wp-json\/wp\/v2\/product_cat?post=1714"},{"taxonomy":"product_tag","embeddable":true,"href":"https:\/\/adabla.com\/en\/wp-json\/wp\/v2\/product_tag?post=1714"}],"curies":[{"name":"wp","href":"https:\/\/api.w.org\/{rel}","templated":true}]}}