{"id":1723,"date":"2022-01-05T16:27:15","date_gmt":"2022-01-05T16:27:15","guid":{"rendered":"https:\/\/adabla.com\/product\/afla-riz-violet\/"},"modified":"2022-07-18T14:35:35","modified_gmt":"2022-07-18T14:35:35","slug":"afla-riz-violet","status":"publish","type":"product","link":"https:\/\/adabla.com\/en\/product\/afla-riz-violet\/","title":{"rendered":"AFLA RIZ VIOLET 1 kg"},"content":{"rendered":"<p>AFLA riz violet est un riz di\u00e9t\u00e9tique.<\/p>\n<p>Le riz violet est un antioxydants naturels il r\u00e9duit et pr\u00e9vient les maladie cardiaque et le cancer.<\/p>\n<p>Il est aussi un excellent anti inflammatoire il prot\u00e8ge le corps des infections bact\u00e9riennes et Viral.<\/p>\n<p>Consomm\u00e9 AFLA riz violet c&rsquo;est prendre soin de son c\u0153ur et du foi.<\/p>\n<p>Il r\u00e9duit le taux de sucre dans le sang donc tr\u00e8s bon pour les diab\u00e9tiques.<\/p>\n<p>AFLA riz violet\u00a0 contient des \u00e9l\u00e9ments qui stimule la m\u00e9moire.<\/p>\n<p>Il pr\u00e9vient et r\u00e9duit la maladie d&rsquo;Alzheimer<\/p>","protected":false},"excerpt":{"rendered":"<p>AFLA riz violet aliments di\u00e9t\u00e9tique et nutritionnelle<\/p>\n<p>Munite de cuisson 15 \u00e0 30 min.<\/p>\n<p>Facile \u00e0 cuisiner comme tout autre riz\u00a0<\/p>\n<p>Vous pouvez y ajouter des \u00e9pices naturel \u00e0 votre convenance.<\/p>\n<p>BON APP\u00c9TIT<\/p>","protected":false},"featured_media":1724,"comment_status":"open","ping_status":"closed","template":"","meta":{"_acf_changed":false},"product_cat":[199,118,168],"product_tag":[],"class_list":{"0":"post-1723","1":"product","2":"type-product","3":"status-publish","4":"has-post-thumbnail","6":"product_cat-cereales","7":"product_cat-nourriture","8":"product_cat-riz","9":"product_shipping_class-moyen","11":"first","12":"instock","13":"shipping-taxable","14":"purchasable","15":"product-type-simple"},"aioseo_notices":[],"acf":[],"_links":{"self":[{"href":"https:\/\/adabla.com\/en\/wp-json\/wp\/v2\/product\/1723","targetHints":{"allow":["GET"]}}],"collection":[{"href":"https:\/\/adabla.com\/en\/wp-json\/wp\/v2\/product"}],"about":[{"href":"https:\/\/adabla.com\/en\/wp-json\/wp\/v2\/types\/product"}],"replies":[{"embeddable":true,"href":"https:\/\/adabla.com\/en\/wp-json\/wp\/v2\/comments?post=1723"}],"wp:featuredmedia":[{"embeddable":true,"href":"https:\/\/adabla.com\/en\/wp-json\/wp\/v2\/media\/1724"}],"wp:attachment":[{"href":"https:\/\/adabla.com\/en\/wp-json\/wp\/v2\/media?parent=1723"}],"wp:term":[{"taxonomy":"product_cat","embeddable":true,"href":"https:\/\/adabla.com\/en\/wp-json\/wp\/v2\/product_cat?post=1723"},{"taxonomy":"product_tag","embeddable":true,"href":"https:\/\/adabla.com\/en\/wp-json\/wp\/v2\/product_tag?post=1723"}],"curies":[{"name":"wp","href":"https:\/\/api.w.org\/{rel}","templated":true}]}}