{"id":1730,"date":"2022-01-06T15:13:50","date_gmt":"2022-01-06T15:13:50","guid":{"rendered":"https:\/\/adabla.com\/product\/afla-granule-de-riz-violet-au-tamarin-500g\/"},"modified":"2022-07-18T14:35:35","modified_gmt":"2022-07-18T14:35:35","slug":"afla-granule-de-riz-violet-au-tamarin-500g","status":"publish","type":"product","link":"https:\/\/adabla.com\/en\/product\/afla-granule-de-riz-violet-au-tamarin-500g\/","title":{"rendered":"AFLA granul\u00e9 de riz violet au tamarin 500g"},"content":{"rendered":"<p>LES GRANUL\u00c9S DE RIZ VIOLET AFLA\u00a0 pour un petit dej di\u00e9t\u00e9tique<\/p>\n<p>Il concours au bien de l&rsquo;organisme de l&rsquo;\u00eatre humain.<\/p>\n<p>Granul\u00e9s AFLA sont des d\u00e9riv\u00e9s du riz violet un excellent anti inflammatoire qui contient des substances anticanc\u00e9reux qui sont id\u00e9ales pour l&rsquo;homme.<\/p>\n<p>Aliments tr\u00e8s d\u00e9licieux avec un soup\u00e7on de tamarin.<\/p>\n<p>Mode de cuisson<\/p>\n<p>Ajouter un Demi litres d&rsquo;eau dans une\u00a0 casserole patient\u00e9 apr\u00e8s \u00e9bouillution ajouter 100g gramme de granul\u00e9s tourner pendant 10min ajouter le du lait \u00e0 votre convenance ensuite du sucre o\u00f9 du miel.<\/p>\n<p>C&rsquo;EST PRET BON APP\u00c9TIT<\/p>","protected":false},"excerpt":{"rendered":"<p>Granul\u00e9s de riz violet au tamarin c\u00e9r\u00e9ale di\u00e9t\u00e9tique<\/p>","protected":false},"featured_media":1729,"comment_status":"open","ping_status":"closed","template":"","meta":{"_acf_changed":false},"product_cat":[199,118,168],"product_tag":[],"class_list":{"0":"post-1730","1":"product","2":"type-product","3":"status-publish","4":"has-post-thumbnail","6":"product_cat-cereales","7":"product_cat-nourriture","8":"product_cat-riz","9":"product_shipping_class-nomal","11":"first","12":"outofstock","13":"shipping-taxable","14":"purchasable","15":"product-type-simple"},"aioseo_notices":[],"acf":[],"_links":{"self":[{"href":"https:\/\/adabla.com\/en\/wp-json\/wp\/v2\/product\/1730","targetHints":{"allow":["GET"]}}],"collection":[{"href":"https:\/\/adabla.com\/en\/wp-json\/wp\/v2\/product"}],"about":[{"href":"https:\/\/adabla.com\/en\/wp-json\/wp\/v2\/types\/product"}],"replies":[{"embeddable":true,"href":"https:\/\/adabla.com\/en\/wp-json\/wp\/v2\/comments?post=1730"}],"wp:featuredmedia":[{"embeddable":true,"href":"https:\/\/adabla.com\/en\/wp-json\/wp\/v2\/media\/1729"}],"wp:attachment":[{"href":"https:\/\/adabla.com\/en\/wp-json\/wp\/v2\/media?parent=1730"}],"wp:term":[{"taxonomy":"product_cat","embeddable":true,"href":"https:\/\/adabla.com\/en\/wp-json\/wp\/v2\/product_cat?post=1730"},{"taxonomy":"product_tag","embeddable":true,"href":"https:\/\/adabla.com\/en\/wp-json\/wp\/v2\/product_tag?post=1730"}],"curies":[{"name":"wp","href":"https:\/\/api.w.org\/{rel}","templated":true}]}}