{"id":1737,"date":"2022-01-12T12:52:12","date_gmt":"2022-01-12T12:52:12","guid":{"rendered":"https:\/\/adabla.com\/product\/chocolat-blanc-a-la-menthe\/"},"modified":"2022-07-14T14:55:48","modified_gmt":"2022-07-14T14:55:48","slug":"chocolat-blanc-a-la-menthe","status":"publish","type":"product","link":"https:\/\/adabla.com\/en\/product\/chocolat-blanc-a-la-menthe\/","title":{"rendered":"Chocolat Blanc \u00e0 la Menthe"},"content":{"rendered":"<p><b>Les Bienfaits du Lait<\/b><br \/>:<\/p>\n<p class=\"Default\">Le Lait aide les adultes et les enfants \u00e0 rester en bonne sant\u00e9,<br \/>il contient <b>de la niacine qui f<\/b>avorise une croissance normale et<br \/>contribue \u00e0 convertir les aliments en \u00e9nergie ainsi qu\u2019\u00e0 r\u00e9g\u00e9n\u00e9rer les tissus,<br \/>y compris les os.<\/p>\n<p class=\"MsoNormal\"><strong><span style=\"font-size:9.0pt;line-height:115%;color:black\" data-mce-style=\"font-size: 9.0pt; line-height: 115%; mso-bidi-font-family: Calibri; mso-bidi-theme-font: minor-latin; color: black;\">\u00a0Les Bienfaits de la Menthe<\/span><\/strong><span style=\"font-size: 9.0pt;line-height: 115%\" data-mce-style=\"font-size: 9.0pt; line-height: 115%;\">\u00a0:<\/span><\/p>\n<p>La<span class=\"apple-converted-space\">\u00a0<\/span><b>menthe<\/b><span class=\"apple-converted-space\">\u00a0<\/span>poss\u00e8de des vertus digestives. Elle<br \/>apaise l&rsquo;estomac et stimule la bile et donc la digestion gr\u00e2ce \u00e0 sa<br \/>concentration en fer et sa vitamine C.<\/p>","protected":false},"excerpt":{"rendered":"<p class=\"Default\"><strong><span data-mce-style=\"font-size: 9.0pt; font-family: 'Calibri','sans-serif'; mso-ascii-theme-font: minor-latin; mso-hansi-theme-font: minor-latin; mso-bidi-theme-font: minor-latin;\">Les<br \/>bienfaits du Cacao<\/span><\/strong> :<\/p>\n<p class=\"Default\">Riche en flavono\u00efdes, le Cacao pr\u00e9vient le vieillissement<br \/>cellulaire. Il contribue \u00e0 la lutte contre les maladies inflammatoires et<br \/>traite les troubles de la fonction immunitaire.<\/p>\n<p class=\"Default\">\u00a0<\/p>","protected":false},"featured_media":1735,"comment_status":"open","ping_status":"closed","template":"","meta":{"_acf_changed":false},"product_cat":[118,165],"product_tag":[],"class_list":{"0":"post-1737","1":"product","2":"type-product","3":"status-publish","4":"has-post-thumbnail","6":"product_cat-nourriture","7":"product_cat-tablettes-de-chocolat","8":"product_shipping_class-nomal","10":"first","11":"instock","12":"shipping-taxable","13":"purchasable","14":"product-type-simple"},"aioseo_notices":[],"acf":[],"_links":{"self":[{"href":"https:\/\/adabla.com\/en\/wp-json\/wp\/v2\/product\/1737","targetHints":{"allow":["GET"]}}],"collection":[{"href":"https:\/\/adabla.com\/en\/wp-json\/wp\/v2\/product"}],"about":[{"href":"https:\/\/adabla.com\/en\/wp-json\/wp\/v2\/types\/product"}],"replies":[{"embeddable":true,"href":"https:\/\/adabla.com\/en\/wp-json\/wp\/v2\/comments?post=1737"}],"wp:featuredmedia":[{"embeddable":true,"href":"https:\/\/adabla.com\/en\/wp-json\/wp\/v2\/media\/1735"}],"wp:attachment":[{"href":"https:\/\/adabla.com\/en\/wp-json\/wp\/v2\/media?parent=1737"}],"wp:term":[{"taxonomy":"product_cat","embeddable":true,"href":"https:\/\/adabla.com\/en\/wp-json\/wp\/v2\/product_cat?post=1737"},{"taxonomy":"product_tag","embeddable":true,"href":"https:\/\/adabla.com\/en\/wp-json\/wp\/v2\/product_tag?post=1737"}],"curies":[{"name":"wp","href":"https:\/\/api.w.org\/{rel}","templated":true}]}}