{"id":1741,"date":"2022-01-22T16:02:30","date_gmt":"2022-01-22T16:02:30","guid":{"rendered":"https:\/\/adabla.com\/product\/chocolat-blanc-aux-eclats-damandes-cajou\/"},"modified":"2022-07-14T14:55:46","modified_gmt":"2022-07-14T14:55:46","slug":"chocolat-blanc-aux-eclats-damandes-cajou","status":"publish","type":"product","link":"https:\/\/adabla.com\/en\/product\/chocolat-blanc-aux-eclats-damandes-cajou\/","title":{"rendered":"Chocolat Blanc aux Eclats d\u2019Amandes Cajou"},"content":{"rendered":"<p><p class=\"Default\"><span>\u00a0<b><u>Les bienfaits du Lait<\/u><\/b><br \/>\n: <\/span><\/p>\n<p class=\"Default\"><span>Le Lait aide les adultes et les enfants \u00e0 rester en bonne sant\u00e9,<br \/>\nil contient de la v<b>itamine D <\/b>qui am\u00e9liore l\u2019absorption du calcium et du<br \/>\nphosphore, dont d\u00e9pendent la solidit\u00e9 des os et la sant\u00e9 des dents. <\/span><\/p>\n<p class=\"Default\"><span>\u00a0<\/span><\/p>\n<p class=\"Default\"><span>\u00a0<b><u>Les bienfaits de<br \/>\nl\u2019Amande de Cajou<\/u><\/b> : <\/span><\/p>\n<p class=\"Default\"><span>Elle contient des prot\u00e9ines, des acides gras et de grandes<br \/>\nquantit\u00e9s de magn\u00e9sium qui jouent un r\u00f4le important dans la formation des os.<br \/>\nEn consommer r\u00e9guli\u00e8rement peut prot\u00e9ger de l\u2019hypertension art\u00e9rielle, des<br \/>\ncrampes musculaires, des maux de t\u00eate et de la fatigue chronique. <\/span><\/p>\n<p><br data-mce-bogus=\"1\"><\/p>","protected":false},"excerpt":{"rendered":"<p><p class=\"Default\"><b><span>Les<br \/>\nbienfaits du Cacao<\/span><\/b><span> : <\/span><span><\/span><\/p>\n<p class=\"MsoNormal\"><span style=\"font-size:9.0pt;line-height:115%\">Riche en soufre, le Cacao aide \u00e0<br \/>\nr\u00e9g\u00e9n\u00e9rer le collag\u00e8ne et la k\u00e9ratine. Il donne ainsi des cheveux brillants et<br \/>\nrenforce les ongles.<\/span><\/p>\n<p><br data-mce-bogus=\"1\"><\/p>","protected":false},"featured_media":1738,"comment_status":"open","ping_status":"closed","template":"","meta":{"_acf_changed":false},"product_cat":[118,165],"product_tag":[],"class_list":{"0":"post-1741","1":"product","2":"type-product","3":"status-publish","4":"has-post-thumbnail","6":"product_cat-nourriture","7":"product_cat-tablettes-de-chocolat","8":"product_shipping_class-nomal","10":"first","11":"instock","12":"shipping-taxable","13":"purchasable","14":"product-type-simple"},"aioseo_notices":[],"acf":[],"_links":{"self":[{"href":"https:\/\/adabla.com\/en\/wp-json\/wp\/v2\/product\/1741","targetHints":{"allow":["GET"]}}],"collection":[{"href":"https:\/\/adabla.com\/en\/wp-json\/wp\/v2\/product"}],"about":[{"href":"https:\/\/adabla.com\/en\/wp-json\/wp\/v2\/types\/product"}],"replies":[{"embeddable":true,"href":"https:\/\/adabla.com\/en\/wp-json\/wp\/v2\/comments?post=1741"}],"wp:featuredmedia":[{"embeddable":true,"href":"https:\/\/adabla.com\/en\/wp-json\/wp\/v2\/media\/1738"}],"wp:attachment":[{"href":"https:\/\/adabla.com\/en\/wp-json\/wp\/v2\/media?parent=1741"}],"wp:term":[{"taxonomy":"product_cat","embeddable":true,"href":"https:\/\/adabla.com\/en\/wp-json\/wp\/v2\/product_cat?post=1741"},{"taxonomy":"product_tag","embeddable":true,"href":"https:\/\/adabla.com\/en\/wp-json\/wp\/v2\/product_tag?post=1741"}],"curies":[{"name":"wp","href":"https:\/\/api.w.org\/{rel}","templated":true}]}}