{"id":1745,"date":"2022-01-31T14:21:43","date_gmt":"2022-01-31T14:21:43","guid":{"rendered":"https:\/\/adabla.com\/product\/chocolat-noir-75-aux-eclats-de-feves-de-cacao-2\/"},"modified":"2022-07-14T14:55:43","modified_gmt":"2022-07-14T14:55:43","slug":"chocolat-noir-75-aux-eclats-de-feves-de-cacao-2","status":"publish","type":"product","link":"https:\/\/adabla.com\/en\/product\/chocolat-noir-75-aux-eclats-de-feves-de-cacao-2\/","title":{"rendered":"Chocolat Noir 75% aux \u00e9clats de F\u00e8ves De Cacao"},"content":{"rendered":"<p><br data-mce-bogus=\"1\"><\/p>","protected":false},"excerpt":{"rendered":"<p><p class=\"Default\"><b><span>Les<br \/>\nbienfaits du Cacao<\/span><\/b><span> : <\/span><\/p>\n<p class=\"MsoNormal\"><span style=\"font-size:9.0pt;line-height:115%\">En favorisant le flux sanguin<br \/>\nc\u00e9r\u00e9bral, le Cacao booste nos fonctions cognitives, am\u00e9liore notre capacit\u00e9 de<br \/>\nconcentration. <\/span><\/p>\n<p class=\"MsoNormal\"><span style=\"font-size:9.0pt;line-height:115%\">Il nous aide \u00e0 maintenir notre<br \/>\nm\u00e9moire.<\/span><\/p>\n<p class=\"MsoNormal\"><span>prot\u00e8ge le syst\u00e8me cardio-vasculaire et diminue<br \/>\nl&rsquo;hypertension art\u00e9rielle.<\/span><span style=\"font-size:9.0pt;line-height:115%\"><\/span><\/p>\n<p><br data-mce-bogus=\"1\"><\/p>","protected":false},"featured_media":1744,"comment_status":"open","ping_status":"closed","template":"","meta":{"_acf_changed":false},"product_cat":[118,165],"product_tag":[],"class_list":{"0":"post-1745","1":"product","2":"type-product","3":"status-publish","4":"has-post-thumbnail","6":"product_cat-nourriture","7":"product_cat-tablettes-de-chocolat","8":"product_shipping_class-nomal","10":"first","11":"instock","12":"shipping-taxable","13":"purchasable","14":"product-type-simple"},"aioseo_notices":[],"acf":[],"_links":{"self":[{"href":"https:\/\/adabla.com\/en\/wp-json\/wp\/v2\/product\/1745","targetHints":{"allow":["GET"]}}],"collection":[{"href":"https:\/\/adabla.com\/en\/wp-json\/wp\/v2\/product"}],"about":[{"href":"https:\/\/adabla.com\/en\/wp-json\/wp\/v2\/types\/product"}],"replies":[{"embeddable":true,"href":"https:\/\/adabla.com\/en\/wp-json\/wp\/v2\/comments?post=1745"}],"wp:featuredmedia":[{"embeddable":true,"href":"https:\/\/adabla.com\/en\/wp-json\/wp\/v2\/media\/1744"}],"wp:attachment":[{"href":"https:\/\/adabla.com\/en\/wp-json\/wp\/v2\/media?parent=1745"}],"wp:term":[{"taxonomy":"product_cat","embeddable":true,"href":"https:\/\/adabla.com\/en\/wp-json\/wp\/v2\/product_cat?post=1745"},{"taxonomy":"product_tag","embeddable":true,"href":"https:\/\/adabla.com\/en\/wp-json\/wp\/v2\/product_tag?post=1745"}],"curies":[{"name":"wp","href":"https:\/\/api.w.org\/{rel}","templated":true}]}}