{"id":1747,"date":"2022-01-31T14:36:34","date_gmt":"2022-01-31T14:36:34","guid":{"rendered":"https:\/\/adabla.com\/product\/viricao\/"},"modified":"2022-07-14T14:49:01","modified_gmt":"2022-07-14T14:49:01","slug":"viricao","status":"publish","type":"product","link":"https:\/\/adabla.com\/en\/product\/viricao\/","title":{"rendered":"ViriCao"},"content":{"rendered":"<p><p class=\"MsoNormal\" style=\"line-height:150%\"><b><span>ViriCao<\/span><\/b><span><br \/>\nrenforce le syst\u00e8me immunitaire, lutte contre la faiblesse sexuelle,<br \/>\nl\u2019\u00e9jaculation pr\u00e9coce, corrige Les disfonctionnements \u00e9rectiles, tout en<br \/>\naugmentant la performance sexuelle et l\u2019endurance.<\/span><\/p>\n<p><br data-mce-bogus=\"1\"><\/p>","protected":false},"excerpt":{"rendered":"<p><p class=\"MsoNormal\" style=\"line-height:150%\"><span>Toute la force et la<br \/>\nrichesse du Cacao dans une boisson chocolat\u00e9e, exquise pour des moments de<br \/>\nplaisirs intenses.<\/span><\/p>\n<p><br data-mce-bogus=\"1\"><\/p>","protected":false},"featured_media":1746,"comment_status":"open","ping_status":"closed","template":"","meta":{"_acf_changed":false},"product_cat":[161,118],"product_tag":[],"class_list":{"0":"post-1747","1":"product","2":"type-product","3":"status-publish","4":"has-post-thumbnail","6":"product_cat-boissons","7":"product_cat-nourriture","8":"product_shipping_class-moyen","10":"first","11":"instock","12":"shipping-taxable","13":"purchasable","14":"product-type-simple"},"aioseo_notices":[],"acf":[],"_links":{"self":[{"href":"https:\/\/adabla.com\/en\/wp-json\/wp\/v2\/product\/1747","targetHints":{"allow":["GET"]}}],"collection":[{"href":"https:\/\/adabla.com\/en\/wp-json\/wp\/v2\/product"}],"about":[{"href":"https:\/\/adabla.com\/en\/wp-json\/wp\/v2\/types\/product"}],"replies":[{"embeddable":true,"href":"https:\/\/adabla.com\/en\/wp-json\/wp\/v2\/comments?post=1747"}],"wp:featuredmedia":[{"embeddable":true,"href":"https:\/\/adabla.com\/en\/wp-json\/wp\/v2\/media\/1746"}],"wp:attachment":[{"href":"https:\/\/adabla.com\/en\/wp-json\/wp\/v2\/media?parent=1747"}],"wp:term":[{"taxonomy":"product_cat","embeddable":true,"href":"https:\/\/adabla.com\/en\/wp-json\/wp\/v2\/product_cat?post=1747"},{"taxonomy":"product_tag","embeddable":true,"href":"https:\/\/adabla.com\/en\/wp-json\/wp\/v2\/product_tag?post=1747"}],"curies":[{"name":"wp","href":"https:\/\/api.w.org\/{rel}","templated":true}]}}