{"id":1749,"date":"2022-02-01T16:06:41","date_gmt":"2022-02-01T16:06:41","guid":{"rendered":"https:\/\/adabla.com\/product\/chocolat-noir-75-aux-eclats-damandes-de-cajou\/"},"modified":"2022-07-14T14:45:48","modified_gmt":"2022-07-14T14:45:48","slug":"chocolat-noir-75-aux-eclats-damandes-de-cajou","status":"publish","type":"product","link":"https:\/\/adabla.com\/en\/product\/chocolat-noir-75-aux-eclats-damandes-de-cajou\/","title":{"rendered":"Chocolat Noir 75% aux \u00e9clats d\u2019Amandes de Cajou"},"content":{"rendered":"<p><p class=\"Default\"><b><span>Les bienfaits<br \/>\nde l\u2019Amande de Cajou<\/span><\/b><span> : <\/span><\/p>\n<p class=\"Default\"><span>Elle contient des prot\u00e9ines, des acides gras et de grandes<br \/>\nquantit\u00e9s de magn\u00e9sium qui jouent un r\u00f4le important dans la formation des os.<br \/>\nEn consommer r\u00e9guli\u00e8rement peut prot\u00e9ger de l\u2019hypertension art\u00e9rielle, des<br \/>\ncrampes musculaires, des maux de t\u00eate et de la fatigue chronique. <\/span><\/p>\n<p><br data-mce-bogus=\"1\"><\/p>","protected":false},"excerpt":{"rendered":"<p><p class=\"Default\"><b><span>Les<br \/>\nbienfaits du Cacao<\/span><\/b><span> : <\/span><span><\/span><\/p>\n<p class=\"MsoNormal\"><span>Riche en magn\u00e9sium, le Cacao baisse la pression art\u00e9rielle et aide<br \/>\nau bon fonctionnement du syst\u00e8me nerveux.<\/span><\/p><\/p>","protected":false},"featured_media":1748,"comment_status":"open","ping_status":"closed","template":"","meta":{"_acf_changed":false},"product_cat":[118,165],"product_tag":[],"class_list":{"0":"post-1749","1":"product","2":"type-product","3":"status-publish","4":"has-post-thumbnail","6":"product_cat-nourriture","7":"product_cat-tablettes-de-chocolat","8":"product_shipping_class-nomal","10":"first","11":"instock","12":"shipping-taxable","13":"purchasable","14":"product-type-simple"},"aioseo_notices":[],"acf":[],"_links":{"self":[{"href":"https:\/\/adabla.com\/en\/wp-json\/wp\/v2\/product\/1749","targetHints":{"allow":["GET"]}}],"collection":[{"href":"https:\/\/adabla.com\/en\/wp-json\/wp\/v2\/product"}],"about":[{"href":"https:\/\/adabla.com\/en\/wp-json\/wp\/v2\/types\/product"}],"replies":[{"embeddable":true,"href":"https:\/\/adabla.com\/en\/wp-json\/wp\/v2\/comments?post=1749"}],"wp:featuredmedia":[{"embeddable":true,"href":"https:\/\/adabla.com\/en\/wp-json\/wp\/v2\/media\/1748"}],"wp:attachment":[{"href":"https:\/\/adabla.com\/en\/wp-json\/wp\/v2\/media?parent=1749"}],"wp:term":[{"taxonomy":"product_cat","embeddable":true,"href":"https:\/\/adabla.com\/en\/wp-json\/wp\/v2\/product_cat?post=1749"},{"taxonomy":"product_tag","embeddable":true,"href":"https:\/\/adabla.com\/en\/wp-json\/wp\/v2\/product_tag?post=1749"}],"curies":[{"name":"wp","href":"https:\/\/api.w.org\/{rel}","templated":true}]}}