{"id":1751,"date":"2022-02-01T16:14:58","date_gmt":"2022-02-01T16:14:58","guid":{"rendered":"https:\/\/adabla.com\/product\/chocolat-noir-85-a-lorange\/"},"modified":"2022-07-14T14:45:45","modified_gmt":"2022-07-14T14:45:45","slug":"chocolat-noir-85-a-lorange","status":"publish","type":"product","link":"https:\/\/adabla.com\/en\/product\/chocolat-noir-85-a-lorange\/","title":{"rendered":"Chocolat Noir 85% \u00e0 l\u2019Orange"},"content":{"rendered":"<p class=\"MsoNormal\"><b><span style=\"font-size:9.0pt;line-height:115%\">Les bienfaits du l\u2019Orange\u00a0:<\/span><\/b><span style=\"font-size:9.0pt;line-height:115%\"><\/span><\/p>\n<p><span>L\u2019orange permet \u00e0<br \/>\nl\u2019organisme de nettoyer les substances difficiles \u00e0 absorber par les diff\u00e9rents<br \/>\norganes. Elle est capable de d\u00e9sinfecter et\u00a0<strong><span style=\"border: 1pt none windowtext;padding: 0cm\">dissoudre ces r\u00e9sidus<\/span><\/strong>,<br \/>\nfacilitant ainsi la digestion, participant \u00e0 la sant\u00e9 de la peau et favorisant<br \/>\nl\u2019absorption de fer par l\u2019organisme.<\/span><br data-mce-bogus=\"1\"><\/p>","protected":false},"excerpt":{"rendered":"<p><p class=\"Default\"><b><span>Les<br \/>\nbienfaits du Cacao<\/span><\/b><span> <\/span><span>:<br \/>\n<\/span><\/p>\n<p class=\"Default\"><span>Gr\u00e2ce \u00e0 sa teneur en th\u00e9obromine, le Cacao est un antid\u00e9presseur<br \/>\nnaturel. Source de magn\u00e9sium, c&rsquo;est<span>\u00a0<br \/>\n<\/span>\u00e9galement, un tr\u00e8s bon antistress et un antifatigue reconnu. <\/span><\/p>\n<p><br data-mce-bogus=\"1\"><\/p>","protected":false},"featured_media":1750,"comment_status":"open","ping_status":"closed","template":"","meta":{"_acf_changed":false},"product_cat":[118,165],"product_tag":[],"class_list":{"0":"post-1751","1":"product","2":"type-product","3":"status-publish","4":"has-post-thumbnail","6":"product_cat-nourriture","7":"product_cat-tablettes-de-chocolat","8":"product_shipping_class-nomal","10":"first","11":"instock","12":"shipping-taxable","13":"purchasable","14":"product-type-simple"},"aioseo_notices":[],"acf":[],"_links":{"self":[{"href":"https:\/\/adabla.com\/en\/wp-json\/wp\/v2\/product\/1751","targetHints":{"allow":["GET"]}}],"collection":[{"href":"https:\/\/adabla.com\/en\/wp-json\/wp\/v2\/product"}],"about":[{"href":"https:\/\/adabla.com\/en\/wp-json\/wp\/v2\/types\/product"}],"replies":[{"embeddable":true,"href":"https:\/\/adabla.com\/en\/wp-json\/wp\/v2\/comments?post=1751"}],"wp:featuredmedia":[{"embeddable":true,"href":"https:\/\/adabla.com\/en\/wp-json\/wp\/v2\/media\/1750"}],"wp:attachment":[{"href":"https:\/\/adabla.com\/en\/wp-json\/wp\/v2\/media?parent=1751"}],"wp:term":[{"taxonomy":"product_cat","embeddable":true,"href":"https:\/\/adabla.com\/en\/wp-json\/wp\/v2\/product_cat?post=1751"},{"taxonomy":"product_tag","embeddable":true,"href":"https:\/\/adabla.com\/en\/wp-json\/wp\/v2\/product_tag?post=1751"}],"curies":[{"name":"wp","href":"https:\/\/api.w.org\/{rel}","templated":true}]}}