{"id":1755,"date":"2022-02-08T16:48:11","date_gmt":"2022-02-08T16:48:11","guid":{"rendered":"https:\/\/adabla.com\/product\/shampoing\/"},"modified":"2022-07-14T14:45:42","modified_gmt":"2022-07-14T14:45:42","slug":"shampoing","status":"publish","type":"product","link":"https:\/\/adabla.com\/en\/product\/shampoing\/","title":{"rendered":"Shampoing"},"content":{"rendered":"<p>USAGE<\/p>\n<p>Appliquer sur les cheveux mouill\u00e9s, laver en massant d\u00e9licatement le cuir chevelu et rincer abondamment<\/p>\n<p>INGR\u00c9DIENTS<\/p>\n<p>Eau, Savon noir, Alo\u00e8s Vera, Huiles V\u00e9g\u00e9tales, Fleur d\u2019hibiscus, Actifs cosm\u00e9tiques, Gomme Guar,<\/p>\n<p>Panth\u00e9nol, Prot\u00e9ines, Extraits aromatiques naturels, conservateur.<\/p>\n<p>CE \u00c0 QUOI S\u2019ATTENDRE<\/p>\n<p>Odeur: L\u00e9g\u00e8re senteur tropicale<\/p>\n<p>Texture: Onctueuse et mousse facilement au contact de l\u2019eau<\/p>\n<p>Sensation: Propret\u00e9 et douceur<\/p>","protected":false},"excerpt":{"rendered":"<p>Enrichi en pro-vitamine B5, ce shampooing nettoie, nourrit et d\u00e9m\u00eale en douceur les cheveux. Il calme les<\/p>\n<p>d\u00e9mangeaisons. Adapt\u00e9 \u00e0 tous les types de cheveu et textures.<\/p>","protected":false},"featured_media":1754,"comment_status":"open","ping_status":"closed","template":"","meta":{"_acf_changed":false},"product_cat":[114,120,211],"product_tag":[],"class_list":{"0":"post-1755","1":"product","2":"type-product","3":"status-publish","4":"has-post-thumbnail","6":"product_cat-beaute","7":"product_cat-cosmetiques","8":"product_cat-soins-cheuveux","9":"product_shipping_class-nomal","11":"first","12":"instock","13":"shipping-taxable","14":"purchasable","15":"product-type-simple"},"aioseo_notices":[],"acf":[],"_links":{"self":[{"href":"https:\/\/adabla.com\/en\/wp-json\/wp\/v2\/product\/1755","targetHints":{"allow":["GET"]}}],"collection":[{"href":"https:\/\/adabla.com\/en\/wp-json\/wp\/v2\/product"}],"about":[{"href":"https:\/\/adabla.com\/en\/wp-json\/wp\/v2\/types\/product"}],"replies":[{"embeddable":true,"href":"https:\/\/adabla.com\/en\/wp-json\/wp\/v2\/comments?post=1755"}],"wp:featuredmedia":[{"embeddable":true,"href":"https:\/\/adabla.com\/en\/wp-json\/wp\/v2\/media\/1754"}],"wp:attachment":[{"href":"https:\/\/adabla.com\/en\/wp-json\/wp\/v2\/media?parent=1755"}],"wp:term":[{"taxonomy":"product_cat","embeddable":true,"href":"https:\/\/adabla.com\/en\/wp-json\/wp\/v2\/product_cat?post=1755"},{"taxonomy":"product_tag","embeddable":true,"href":"https:\/\/adabla.com\/en\/wp-json\/wp\/v2\/product_tag?post=1755"}],"curies":[{"name":"wp","href":"https:\/\/api.w.org\/{rel}","templated":true}]}}