{"id":1835,"date":"2022-03-04T18:05:27","date_gmt":"2022-03-04T18:05:27","guid":{"rendered":"https:\/\/adabla.com\/product\/tisane-bio-artemisia\/"},"modified":"2022-07-14T14:45:40","modified_gmt":"2022-07-14T14:45:40","slug":"tisane-bio-artemisia","status":"publish","type":"product","link":"https:\/\/adabla.com\/en\/product\/tisane-bio-artemisia\/","title":{"rendered":"Tisane bio Artemisia"},"content":{"rendered":"<p>Il traite aussi les probl\u00e9mes de foi, de fatigue et la bilharziose. Conseill\u00e9 aux femmes a partir de 3 mois de grossesse elle leur permet de vivre une grossesse sans palu. Les enfants peuvent en prendre. Bon contre la fatigue&#8230; Il est conseill\u00e9 d&rsquo;en consommer fr\u00e9quemment en pr\u00e9ventif.\u00a0<\/p>\n<p>En curatif<\/p>\n<p>Boire 1l par jour pendant 7 jours m\u00eame si les sympt\u00f4mes disparaissent. Pour les enfants de moins de 5 ans (-15kg) diminuer la prise de moiti\u00e9 pendant 7 jours.\u00a0<\/p>\n<p>En pr\u00e9ventif<\/p>\n<p>Boire 1 tasse de 33cl par jour chaque 2 jours pour enfants et adultes.<\/p>","protected":false},"excerpt":{"rendered":"<p>L&rsquo;artemisia soigne et pr\u00e9vient le paludisme.\u00a0<\/p>","protected":false},"featured_media":1834,"comment_status":"open","ping_status":"closed","template":"","meta":{"_acf_changed":false},"product_cat":[161,118,164],"product_tag":[],"class_list":{"0":"post-1835","1":"product","2":"type-product","3":"status-publish","4":"has-post-thumbnail","6":"product_cat-boissons","7":"product_cat-nourriture","8":"product_cat-the","9":"product_shipping_class-nomal","11":"first","12":"instock","13":"shipping-taxable","14":"purchasable","15":"product-type-simple"},"aioseo_notices":[],"acf":[],"_links":{"self":[{"href":"https:\/\/adabla.com\/en\/wp-json\/wp\/v2\/product\/1835","targetHints":{"allow":["GET"]}}],"collection":[{"href":"https:\/\/adabla.com\/en\/wp-json\/wp\/v2\/product"}],"about":[{"href":"https:\/\/adabla.com\/en\/wp-json\/wp\/v2\/types\/product"}],"replies":[{"embeddable":true,"href":"https:\/\/adabla.com\/en\/wp-json\/wp\/v2\/comments?post=1835"}],"wp:featuredmedia":[{"embeddable":true,"href":"https:\/\/adabla.com\/en\/wp-json\/wp\/v2\/media\/1834"}],"wp:attachment":[{"href":"https:\/\/adabla.com\/en\/wp-json\/wp\/v2\/media?parent=1835"}],"wp:term":[{"taxonomy":"product_cat","embeddable":true,"href":"https:\/\/adabla.com\/en\/wp-json\/wp\/v2\/product_cat?post=1835"},{"taxonomy":"product_tag","embeddable":true,"href":"https:\/\/adabla.com\/en\/wp-json\/wp\/v2\/product_tag?post=1835"}],"curies":[{"name":"wp","href":"https:\/\/api.w.org\/{rel}","templated":true}]}}