{"id":1916,"date":"2022-03-11T22:03:59","date_gmt":"2022-03-11T22:03:59","guid":{"rendered":"https:\/\/adabla.com\/product\/la-robe-mimi-taille-standard\/"},"modified":"2022-07-14T14:41:16","modified_gmt":"2022-07-14T14:41:16","slug":"la-robe-mimi-taille-standard","status":"publish","type":"product","link":"https:\/\/adabla.com\/en\/product\/la-robe-mimi-taille-standard\/","title":{"rendered":"La robe Mimi ( Taille standard)"},"content":{"rendered":"<p><\/p>","protected":false},"excerpt":{"rendered":"<p>Mini boubou confectionn\u00e9 avec du kokodunda du Burkina , soigneusement brod\u00e9 , id\u00e9al pour toutes vos\u00a0 sorties de villes ou vos journ\u00e9es de travail<\/p>","protected":false},"featured_media":1914,"comment_status":"open","ping_status":"closed","template":"","meta":{"_acf_changed":false},"product_cat":[117,144],"product_tag":[],"class_list":{"0":"post-1916","1":"product","2":"type-product","3":"status-publish","4":"has-post-thumbnail","6":"product_cat-mode","7":"product_cat-vetements-femme","8":"product_shipping_class-moyen","10":"first","11":"instock","12":"shipping-taxable","13":"purchasable","14":"product-type-simple"},"aioseo_notices":[],"acf":[],"_links":{"self":[{"href":"https:\/\/adabla.com\/en\/wp-json\/wp\/v2\/product\/1916","targetHints":{"allow":["GET"]}}],"collection":[{"href":"https:\/\/adabla.com\/en\/wp-json\/wp\/v2\/product"}],"about":[{"href":"https:\/\/adabla.com\/en\/wp-json\/wp\/v2\/types\/product"}],"replies":[{"embeddable":true,"href":"https:\/\/adabla.com\/en\/wp-json\/wp\/v2\/comments?post=1916"}],"wp:featuredmedia":[{"embeddable":true,"href":"https:\/\/adabla.com\/en\/wp-json\/wp\/v2\/media\/1914"}],"wp:attachment":[{"href":"https:\/\/adabla.com\/en\/wp-json\/wp\/v2\/media?parent=1916"}],"wp:term":[{"taxonomy":"product_cat","embeddable":true,"href":"https:\/\/adabla.com\/en\/wp-json\/wp\/v2\/product_cat?post=1916"},{"taxonomy":"product_tag","embeddable":true,"href":"https:\/\/adabla.com\/en\/wp-json\/wp\/v2\/product_tag?post=1916"}],"curies":[{"name":"wp","href":"https:\/\/api.w.org\/{rel}","templated":true}]}}