{"id":2041,"date":"2022-03-18T14:09:03","date_gmt":"2022-03-18T14:09:03","guid":{"rendered":"https:\/\/adabla.com\/product\/robe-noura-taille-l\/"},"modified":"2022-07-14T14:41:04","modified_gmt":"2022-07-14T14:41:04","slug":"robe-noura-taille-l","status":"publish","type":"product","link":"https:\/\/adabla.com\/en\/product\/robe-noura-taille-l\/","title":{"rendered":"Robe Noura Taille L"},"content":{"rendered":"<p><br data-mce-bogus=\"1\"><\/p>","protected":false},"excerpt":{"rendered":"<p>Robe Noura fait \u00e0 base de textile du Burkina et de legging de haute qualit\u00e9 . Robe id\u00e9ale pour toutes vos sorties ou pour vous rendre au bureau .\u00a0<\/p>","protected":false},"featured_media":2040,"comment_status":"open","ping_status":"closed","template":"","meta":{"_acf_changed":false},"product_cat":[117,144],"product_tag":[],"class_list":{"0":"post-2041","1":"product","2":"type-product","3":"status-publish","4":"has-post-thumbnail","6":"product_cat-mode","7":"product_cat-vetements-femme","8":"product_shipping_class-moyen","10":"first","11":"instock","12":"shipping-taxable","13":"purchasable","14":"product-type-simple"},"aioseo_notices":[],"acf":[],"_links":{"self":[{"href":"https:\/\/adabla.com\/en\/wp-json\/wp\/v2\/product\/2041","targetHints":{"allow":["GET"]}}],"collection":[{"href":"https:\/\/adabla.com\/en\/wp-json\/wp\/v2\/product"}],"about":[{"href":"https:\/\/adabla.com\/en\/wp-json\/wp\/v2\/types\/product"}],"replies":[{"embeddable":true,"href":"https:\/\/adabla.com\/en\/wp-json\/wp\/v2\/comments?post=2041"}],"wp:featuredmedia":[{"embeddable":true,"href":"https:\/\/adabla.com\/en\/wp-json\/wp\/v2\/media\/2040"}],"wp:attachment":[{"href":"https:\/\/adabla.com\/en\/wp-json\/wp\/v2\/media?parent=2041"}],"wp:term":[{"taxonomy":"product_cat","embeddable":true,"href":"https:\/\/adabla.com\/en\/wp-json\/wp\/v2\/product_cat?post=2041"},{"taxonomy":"product_tag","embeddable":true,"href":"https:\/\/adabla.com\/en\/wp-json\/wp\/v2\/product_tag?post=2041"}],"curies":[{"name":"wp","href":"https:\/\/api.w.org\/{rel}","templated":true}]}}