{"id":2045,"date":"2022-03-18T14:21:05","date_gmt":"2022-03-18T14:21:05","guid":{"rendered":"https:\/\/adabla.com\/product\/chemise-boss-brodee-taille-xxl\/"},"modified":"2022-07-14T14:40:59","modified_gmt":"2022-07-14T14:40:59","slug":"chemise-boss-brodee-taille-xxl","status":"publish","type":"product","link":"https:\/\/adabla.com\/en\/product\/chemise-boss-brodee-taille-xxl\/","title":{"rendered":"Chemise Boss brod\u00e9e taille XXL"},"content":{"rendered":"<p><br data-mce-bogus=\"1\"><\/p>","protected":false},"excerpt":{"rendered":"<p>Chemise Boss d\u00e9licatement brod\u00e9e , confectionn\u00e9e avec du tissu soie de haute qualit\u00e9 m\u00e9lang\u00e9 au kokodunda du Burkina\u00a0<\/p>","protected":false},"featured_media":2044,"comment_status":"open","ping_status":"closed","template":"","meta":{"_acf_changed":false},"product_cat":[143],"product_tag":[],"class_list":{"0":"post-2045","1":"product","2":"type-product","3":"status-publish","4":"has-post-thumbnail","6":"product_cat-vetements-homme","7":"product_shipping_class-moyen","9":"first","10":"instock","11":"shipping-taxable","12":"purchasable","13":"product-type-simple"},"aioseo_notices":[],"acf":[],"_links":{"self":[{"href":"https:\/\/adabla.com\/en\/wp-json\/wp\/v2\/product\/2045","targetHints":{"allow":["GET"]}}],"collection":[{"href":"https:\/\/adabla.com\/en\/wp-json\/wp\/v2\/product"}],"about":[{"href":"https:\/\/adabla.com\/en\/wp-json\/wp\/v2\/types\/product"}],"replies":[{"embeddable":true,"href":"https:\/\/adabla.com\/en\/wp-json\/wp\/v2\/comments?post=2045"}],"wp:featuredmedia":[{"embeddable":true,"href":"https:\/\/adabla.com\/en\/wp-json\/wp\/v2\/media\/2044"}],"wp:attachment":[{"href":"https:\/\/adabla.com\/en\/wp-json\/wp\/v2\/media?parent=2045"}],"wp:term":[{"taxonomy":"product_cat","embeddable":true,"href":"https:\/\/adabla.com\/en\/wp-json\/wp\/v2\/product_cat?post=2045"},{"taxonomy":"product_tag","embeddable":true,"href":"https:\/\/adabla.com\/en\/wp-json\/wp\/v2\/product_tag?post=2045"}],"curies":[{"name":"wp","href":"https:\/\/api.w.org\/{rel}","templated":true}]}}