{"id":2339,"date":"2022-04-12T16:03:25","date_gmt":"2022-04-12T16:03:25","guid":{"rendered":"https:\/\/adabla.com\/product\/box-3-en-1-poisson-poisson-crevette-viande\/"},"modified":"2022-07-14T14:34:16","modified_gmt":"2022-07-14T14:34:16","slug":"box-3-en-1-poisson-poisson-crevette-viande","status":"publish","type":"product","link":"https:\/\/adabla.com\/en\/product\/box-3-en-1-poisson-poisson-crevette-viande\/","title":{"rendered":"Box 3 en 1( Poisson 100g , Poisson-crevette 100g, Viande 100g)"},"content":{"rendered":"<p><\/p>","protected":false},"excerpt":{"rendered":"<p>BOX 3 EN 1\u00a0<\/p>\n<p>Composition : piment, ail, gingembre, crevette s\u00e8ch\u00e9s, magne s\u00e8ch\u00e9s, viande, oignon , huile\u00a0<\/p>\n<p>Sans conservateur , bio , 100% naturelle<\/p>","protected":false},"featured_media":2336,"comment_status":"open","ping_status":"closed","template":"","meta":{"_acf_changed":false},"product_cat":[163,118,222],"product_tag":[],"class_list":{"0":"post-2339","1":"product","2":"type-product","3":"status-publish","4":"has-post-thumbnail","6":"product_cat-epices","7":"product_cat-nourriture","8":"product_cat-sauce","9":"product_shipping_class-nomal","11":"first","12":"instock","13":"shipping-taxable","14":"purchasable","15":"product-type-simple"},"aioseo_notices":[],"acf":[],"_links":{"self":[{"href":"https:\/\/adabla.com\/en\/wp-json\/wp\/v2\/product\/2339","targetHints":{"allow":["GET"]}}],"collection":[{"href":"https:\/\/adabla.com\/en\/wp-json\/wp\/v2\/product"}],"about":[{"href":"https:\/\/adabla.com\/en\/wp-json\/wp\/v2\/types\/product"}],"replies":[{"embeddable":true,"href":"https:\/\/adabla.com\/en\/wp-json\/wp\/v2\/comments?post=2339"}],"wp:featuredmedia":[{"embeddable":true,"href":"https:\/\/adabla.com\/en\/wp-json\/wp\/v2\/media\/2336"}],"wp:attachment":[{"href":"https:\/\/adabla.com\/en\/wp-json\/wp\/v2\/media?parent=2339"}],"wp:term":[{"taxonomy":"product_cat","embeddable":true,"href":"https:\/\/adabla.com\/en\/wp-json\/wp\/v2\/product_cat?post=2339"},{"taxonomy":"product_tag","embeddable":true,"href":"https:\/\/adabla.com\/en\/wp-json\/wp\/v2\/product_tag?post=2339"}],"curies":[{"name":"wp","href":"https:\/\/api.w.org\/{rel}","templated":true}]}}