{"id":2372,"date":"2022-04-14T17:15:04","date_gmt":"2022-04-14T17:15:04","guid":{"rendered":"https:\/\/adabla.com\/product\/oyemi-savon-noir-doux-cacao-150g\/"},"modified":"2022-07-14T14:34:15","modified_gmt":"2022-07-14T14:34:15","slug":"oyemi-savon-noir-doux-cacao-150g","status":"publish","type":"product","link":"https:\/\/adabla.com\/en\/product\/oyemi-savon-noir-doux-cacao-150g\/","title":{"rendered":"OYEMI Savon Noir Doux \u2013 Cacao 150G"},"content":{"rendered":"<h2>Description<\/h2>\n<p>Le beurre de cacao est tr\u00e8s reconnu pour ses pouvoirs hydratant et cicatrisant. Notre savon noir au beurre et extrait de cacao est tr\u00e8s hydratant pour les peaux s\u00e8ches et sensibles.<\/p>\n<p>Egalement, enrichi en huile de palmiste, de coco et en glyc\u00e9rine, notre savon noir 3 en 1 (cheveux, corps et rasage) est naturellement doux et agr\u00e9able \u00e0 utiliser.<\/p>\n<p><strong style=\"margin: 0px;padding: 0px;border: 0px;background: transparent;vertical-align: baseline\" data-mce-style=\"margin: 0px; padding: 0px; border: 0px; background: transparent; vertical-align: baseline;\">Avantages:\u00a0<\/strong><\/p>\n<ul>\n<li style=\"margin: 0px;padding: 0px;border: 0px;background: transparent;vertical-align: baseline\" data-mce-style=\"margin: 0px; padding: 0px; border: 0px; background: transparent; vertical-align: baseline;\">Hydratant<\/li>\n<li style=\"margin: 0px;padding: 0px;border: 0px;background: transparent;vertical-align: baseline\" data-mce-style=\"margin: 0px; padding: 0px; border: 0px; background: transparent; vertical-align: baseline;\">Antiseptic naturel<\/li>\n<li style=\"margin: 0px;padding: 0px;border: 0px;background: transparent;vertical-align: baseline\" data-mce-style=\"margin: 0px; padding: 0px; border: 0px; background: transparent; vertical-align: baseline;\">Anti-acn\u00e9ique<\/li>\n<li style=\"margin: 0px;padding: 0px;border: 0px;background: transparent;vertical-align: baseline\" data-mce-style=\"margin: 0px; padding: 0px; border: 0px; background: transparent; vertical-align: baseline;\">Rafraichit et nettoie en profondeur<\/li>\n<li style=\"margin: 0px;padding: 0px;border: 0px;background: transparent;vertical-align: baseline\" data-mce-style=\"margin: 0px; padding: 0px; border: 0px; background: transparent; vertical-align: baseline;\">Ralenti le vieillissement de la peau<\/li>\n<li style=\"margin: 0px;padding: 0px;border: 0px;background: transparent;vertical-align: baseline\" data-mce-style=\"margin: 0px; padding: 0px; border: 0px; background: transparent; vertical-align: baseline;\">Recommand\u00e9 pour les peaux s\u00e8ches<\/li>\n<\/ul>","protected":false},"excerpt":{"rendered":"<p>Le beurre de cacao est tr\u00e8s reconnu pour ses pouvoirs hydratant et cicatrisant. Notre savon noir au beurre et extrait de cacao est tr\u00e8s hydratant pour les peaux s\u00e8ches et sensibles.<\/p>","protected":false},"featured_media":2379,"comment_status":"open","ping_status":"closed","template":"","meta":{"_acf_changed":false},"product_cat":[132,114,133,115],"product_tag":[],"class_list":{"0":"post-2372","1":"product","2":"type-product","3":"status-publish","4":"has-post-thumbnail","6":"product_cat-bains-soins-de-peau","7":"product_cat-beaute","8":"product_cat-bebe","9":"product_cat-enfants","10":"product_shipping_class-nomal","12":"first","13":"instock","14":"shipping-taxable","15":"purchasable","16":"product-type-simple"},"aioseo_notices":[],"acf":[],"_links":{"self":[{"href":"https:\/\/adabla.com\/en\/wp-json\/wp\/v2\/product\/2372","targetHints":{"allow":["GET"]}}],"collection":[{"href":"https:\/\/adabla.com\/en\/wp-json\/wp\/v2\/product"}],"about":[{"href":"https:\/\/adabla.com\/en\/wp-json\/wp\/v2\/types\/product"}],"replies":[{"embeddable":true,"href":"https:\/\/adabla.com\/en\/wp-json\/wp\/v2\/comments?post=2372"}],"wp:featuredmedia":[{"embeddable":true,"href":"https:\/\/adabla.com\/en\/wp-json\/wp\/v2\/media\/2379"}],"wp:attachment":[{"href":"https:\/\/adabla.com\/en\/wp-json\/wp\/v2\/media?parent=2372"}],"wp:term":[{"taxonomy":"product_cat","embeddable":true,"href":"https:\/\/adabla.com\/en\/wp-json\/wp\/v2\/product_cat?post=2372"},{"taxonomy":"product_tag","embeddable":true,"href":"https:\/\/adabla.com\/en\/wp-json\/wp\/v2\/product_tag?post=2372"}],"curies":[{"name":"wp","href":"https:\/\/api.w.org\/{rel}","templated":true}]}}