{"id":2373,"date":"2022-04-14T17:17:46","date_gmt":"2022-04-14T17:17:46","guid":{"rendered":"https:\/\/adabla.com\/product\/oyemi-savon-noir-doux-citron-150g\/"},"modified":"2022-07-14T14:34:15","modified_gmt":"2022-07-14T14:34:15","slug":"oyemi-savon-noir-doux-citron-150g","status":"publish","type":"product","link":"https:\/\/adabla.com\/en\/product\/oyemi-savon-noir-doux-citron-150g\/","title":{"rendered":"OYEMI Savon Noir Doux \u2013 Citron 150G"},"content":{"rendered":"<h2>Description<\/h2>\n<p>Notre savon noir est un exfoliant naturel car il contient de l\u2019acide citric qui d\u00e9barrasse l\u2019\u00e9piderme des impuret\u00e9s et des peaux mortes en profondeur, tout en respectant les peaux m\u00eame les plus sensibles. Il acc\u00e9l\u00e8re la regeneration de votre peau.<\/p>\n<p>Egalement, enrichi en huile de palmiste, de coco et en glyc\u00e9rine, notre savon noir 3 en 1 (cheveux, corps et rasage) est naturellement doux et agr\u00e9able \u00e0 utiliser.<\/p>\n<p><strong style=\"margin: 0px;padding: 0px;border: 0px;background: transparent;vertical-align: baseline\" data-mce-style=\"margin: 0px; padding: 0px; border: 0px; background: transparent; vertical-align: baseline;\">Avantages:\u00a0<\/strong><\/p>\n<ul>\n<li style=\"margin: 0px;padding: 0px;border: 0px;background: transparent;vertical-align: baseline\" data-mce-style=\"margin: 0px; padding: 0px; border: 0px; background: transparent; vertical-align: baseline;\">Hydratant<\/li>\n<li style=\"margin: 0px;padding: 0px;border: 0px;background: transparent;vertical-align: baseline\" data-mce-style=\"margin: 0px; padding: 0px; border: 0px; background: transparent; vertical-align: baseline;\">Antiseptic naturel<\/li>\n<li style=\"margin: 0px;padding: 0px;border: 0px;background: transparent;vertical-align: baseline\" data-mce-style=\"margin: 0px; padding: 0px; border: 0px; background: transparent; vertical-align: baseline;\">Anti-acn\u00e9ique<\/li>\n<li style=\"margin: 0px;padding: 0px;border: 0px;background: transparent;vertical-align: baseline\" data-mce-style=\"margin: 0px; padding: 0px; border: 0px; background: transparent; vertical-align: baseline;\">Rafraichit et nettoie en profondeur<\/li>\n<li style=\"margin: 0px;padding: 0px;border: 0px;background: transparent;vertical-align: baseline\" data-mce-style=\"margin: 0px; padding: 0px; border: 0px; background: transparent; vertical-align: baseline;\">Ralenti le vieillissement de la peau<\/li>\n<li style=\"margin: 0px;padding: 0px;border: 0px;background: transparent;vertical-align: baseline\" data-mce-style=\"margin: 0px; padding: 0px; border: 0px; background: transparent; vertical-align: baseline;\">Recommand\u00e9 pour les peaux grasses<\/li>\n<\/ul>","protected":false},"excerpt":{"rendered":"<p>Notre savon noir est un exfoliant naturel car il contient de l\u2019acide citric qui d\u00e9barrasse l\u2019\u00e9piderme des impuret\u00e9s et des peaux mortes en profondeur, tout en respectant les peaux m\u00eame les plus sensibles. Il acc\u00e9l\u00e8re la regeneration de votre peau.<\/p>","protected":false},"featured_media":2381,"comment_status":"open","ping_status":"closed","template":"","meta":{"_acf_changed":false},"product_cat":[132,114,120,115,123,209,211,210,124,206],"product_tag":[],"class_list":{"0":"post-2373","1":"product","2":"type-product","3":"status-publish","4":"has-post-thumbnail","6":"product_cat-bains-soins-de-peau","7":"product_cat-beaute","8":"product_cat-cosmetiques","9":"product_cat-enfants","10":"product_cat-savons","11":"product_cat-savons-naturels","12":"product_cat-soins-cheuveux","13":"product_cat-soins-corps","14":"product_cat-soins-gommants","15":"product_cat-soins-visage","16":"product_shipping_class-nomal","18":"first","19":"instock","20":"shipping-taxable","21":"purchasable","22":"product-type-simple"},"aioseo_notices":[],"acf":[],"_links":{"self":[{"href":"https:\/\/adabla.com\/en\/wp-json\/wp\/v2\/product\/2373","targetHints":{"allow":["GET"]}}],"collection":[{"href":"https:\/\/adabla.com\/en\/wp-json\/wp\/v2\/product"}],"about":[{"href":"https:\/\/adabla.com\/en\/wp-json\/wp\/v2\/types\/product"}],"replies":[{"embeddable":true,"href":"https:\/\/adabla.com\/en\/wp-json\/wp\/v2\/comments?post=2373"}],"wp:featuredmedia":[{"embeddable":true,"href":"https:\/\/adabla.com\/en\/wp-json\/wp\/v2\/media\/2381"}],"wp:attachment":[{"href":"https:\/\/adabla.com\/en\/wp-json\/wp\/v2\/media?parent=2373"}],"wp:term":[{"taxonomy":"product_cat","embeddable":true,"href":"https:\/\/adabla.com\/en\/wp-json\/wp\/v2\/product_cat?post=2373"},{"taxonomy":"product_tag","embeddable":true,"href":"https:\/\/adabla.com\/en\/wp-json\/wp\/v2\/product_tag?post=2373"}],"curies":[{"name":"wp","href":"https:\/\/api.w.org\/{rel}","templated":true}]}}