{"id":2374,"date":"2022-04-14T17:38:06","date_gmt":"2022-04-14T17:38:06","guid":{"rendered":"https:\/\/adabla.com\/product\/oyemi-savon-noir-doux-miel-150g\/"},"modified":"2022-07-14T14:34:14","modified_gmt":"2022-07-14T14:34:14","slug":"oyemi-savon-noir-doux-miel-150g","status":"publish","type":"product","link":"https:\/\/adabla.com\/en\/product\/oyemi-savon-noir-doux-miel-150g\/","title":{"rendered":"OYEMI Savon Noir Doux \u2013 Miel 150G"},"content":{"rendered":"<h2>Description<\/h2>\n<p>El\u00e9ment-cl\u00e9 pour la beaut\u00e9 de la peau, le miel poss\u00e8de de nombreuses propri\u00e9t\u00e9s\u00a0:\u00a0cicatrisantes, antioxydantes, apaisantes, hydratantes, revitalisantes.\u00a0Notre savon noir au miel est tr\u00e8s hydratant et ralenti le vieillissement de votre peau.<\/p>\n<p>Egalement, enrichi en huile de palmiste, de coco et en glyc\u00e9rine, notre savon noir 3 en 1 (cheveux, corps et rasage) est naturellement doux et agr\u00e9able \u00e0 utiliser.<\/p>\n<p><strong style=\"margin: 0px; padding: 0px; border: 0px; background: transparent; vertical-align: baseline;\">Avantages:\u00a0<\/strong><\/p>\n<ul>\n<li style=\"margin: 0px; padding: 0px; border: 0px; background: transparent; vertical-align: baseline;\">Hydratant<\/li>\n<li style=\"margin: 0px; padding: 0px; border: 0px; background: transparent; vertical-align: baseline;\">Antiseptic naturel<\/li>\n<li style=\"margin: 0px; padding: 0px; border: 0px; background: transparent; vertical-align: baseline;\">Anti-acn\u00e9ique<\/li>\n<li style=\"margin: 0px; padding: 0px; border: 0px; background: transparent; vertical-align: baseline;\">Rafraichit et nettoie en profondeur<\/li>\n<li style=\"margin: 0px; padding: 0px; border: 0px; background: transparent; vertical-align: baseline;\">Ralenti le vieillissement de la peau<\/li>\n<li style=\"margin: 0px; padding: 0px; border: 0px; background: transparent; vertical-align: baseline;\">Recommand\u00e9 pour les peaux normales et mixtes<\/li>\n<\/ul>","protected":false},"excerpt":{"rendered":"<p>El\u00e9ment-cl\u00e9 pour la beaut\u00e9 de la peau, le miel poss\u00e8de de nombreuses propri\u00e9t\u00e9s : cicatrisantes, antioxydantes, apaisantes, hydratantes, revitalisantes.<\/p>","protected":false},"featured_media":1405,"comment_status":"open","ping_status":"closed","template":"","meta":{"_acf_changed":false},"product_cat":[15],"product_tag":[],"class_list":{"0":"post-2374","1":"product","2":"type-product","3":"status-publish","4":"has-post-thumbnail","6":"product_cat-uncategorized","7":"product_shipping_class-nomal","9":"first","10":"instock","11":"shipping-taxable","12":"purchasable","13":"product-type-simple"},"aioseo_notices":[],"acf":[],"_links":{"self":[{"href":"https:\/\/adabla.com\/en\/wp-json\/wp\/v2\/product\/2374","targetHints":{"allow":["GET"]}}],"collection":[{"href":"https:\/\/adabla.com\/en\/wp-json\/wp\/v2\/product"}],"about":[{"href":"https:\/\/adabla.com\/en\/wp-json\/wp\/v2\/types\/product"}],"replies":[{"embeddable":true,"href":"https:\/\/adabla.com\/en\/wp-json\/wp\/v2\/comments?post=2374"}],"wp:featuredmedia":[{"embeddable":true,"href":"https:\/\/adabla.com\/en\/wp-json\/wp\/v2\/media\/1405"}],"wp:attachment":[{"href":"https:\/\/adabla.com\/en\/wp-json\/wp\/v2\/media?parent=2374"}],"wp:term":[{"taxonomy":"product_cat","embeddable":true,"href":"https:\/\/adabla.com\/en\/wp-json\/wp\/v2\/product_cat?post=2374"},{"taxonomy":"product_tag","embeddable":true,"href":"https:\/\/adabla.com\/en\/wp-json\/wp\/v2\/product_tag?post=2374"}],"curies":[{"name":"wp","href":"https:\/\/api.w.org\/{rel}","templated":true}]}}