{"id":2600,"date":"2022-05-06T18:30:40","date_gmt":"2022-05-06T18:30:40","guid":{"rendered":"https:\/\/adabla.com\/product\/la-box-moyenne-saveurs-epicees-1\/"},"modified":"2022-07-14T14:25:31","modified_gmt":"2022-07-14T14:25:31","slug":"la-box-moyenne-saveurs-epicees-1","status":"publish","type":"product","link":"https:\/\/adabla.com\/en\/product\/la-box-moyenne-saveurs-epicees-1\/","title":{"rendered":"La BOX moyenne \u00a0\u00bb saveurs \u00e9pic\u00e9es \u00a0\u00bb ( 1 )"},"content":{"rendered":"<ol>\n<li>Soumara CHILI show\u00a0<\/li>\n<\/ol>\n<p style=\"text-align: left\" data-mce-style=\"text-align: left;\">Delicieuse pur\u00e9e d\u00e9j\u00e0 cuisin\u00e9e et pr\u00eate \u00e0 \u00eatre d\u00e9gust\u00e9e des ouverture. Pur\u00e9e de piment et soumara,\u00a0 le fameux fromage ivoirien. D\u00e9couvrez un go\u00fbt authentique et une saveur ethnique incomparable.\u00a0<br data-mce-bogus=\"1\"><\/p>\n<p>Composition : soumara, piment , huile, sel naturel .<\/p>\n<p>\u00a0 \u00a0 \u00a0 \u00a0 2- RED CHILI JAM\u00a0<\/p>\n<p data-mce-style=\"text-align: left;\">Confiture de piment rouge , d\u00e9licieux pour vos instants Ap\u00e9ros. Il s&rsquo;\u00e9tale d\u00e9licatement sur vos toast au fromage et vous faire d\u00e9couvrir des saveurs \u00e9pic\u00e9es et sucr\u00e9es d&rsquo;Afrique.\u00a0<\/p>\n<p>Composition :<\/p>\n<p>Piment rouge, sucre Roux<\/p>\n<p>D\u00e9licat go\u00fbt sucr\u00e9,\u00a0 \u00e9pic\u00e9 et aigre-douce cuisin\u00e9e et pr\u00eate \u00e0 \u00eatre d\u00e9gust\u00e9e des ouverture.\u00a0<\/p>\n<p>\u00a0 \u00a0 \u00a0 \u00a0 \u00a03- Piment grillade YELLOW\u00a0<\/p>\n<p>Cette pur\u00e9e est parfum\u00e9e et tr\u00e8s piquante,\u00a0 id\u00e9ale pour les amateurs de bon piment parfum\u00e9.\u00a0<\/p>\n<p>Composition :<\/p>\n<p>Piment jaune ,\u00a0 oignon,\u00a0 huile, sel naturel\u00a0<\/p>\n<p>Delicieuse pur\u00e9e d\u00e9j\u00e0 cuisin\u00e9e et pr\u00eate \u00e0 \u00eatre d\u00e9gust\u00e9e d\u00e8s ouverture.\u00a0<\/p>\n<p>\u00a0 \u00a0 \u00a0 \u00a0 \u00a0 \u00a04- Piments Passe &#8211; partout\u00a0<\/p>\n<p data-mce-style=\"text-align: left;\">D\u00e9licieuse pur\u00e9e de de piment qui accompagne toutes vos grillades (alloco,\u00a0 poisson grill\u00e9,\u00a0 poulet grill\u00e9,\u00a0 igname,\u00a0 patates ect&#8230;)<\/p>\n<p>Composition :<\/p>\n<p>Piment rouge, oignon,\u00a0 huile\u00a0 sel naturel\u00a0<\/p>\n<p>Delicieuse pur\u00e9e d\u00e9j\u00e0 cuisin\u00e9e et pr\u00eate \u00e0 \u00eatre d\u00e9gust\u00e9e des ouverture.\u00a0<\/p>","protected":false},"excerpt":{"rendered":"<p>La BOX moyenne de piment grillade \u00ab\u00a0saveurs \u00e9pic\u00e9es \u00a0\u00bb est compos\u00e9e de 4 piments grillade de 125 g :<\/p>\n<ul>\n<li>Piment grillade YELLOW\u00a0<\/li>\n<li>Piment grillade passe-partout\u00a0<\/li>\n<li>RED CHILI JAM ( confiture de piment rouge)<\/li>\n<li>Soumara CHILI show\u00a0<\/li>\n<\/ul>\n<p><br data-mce-bogus=\"1\"><\/p>","protected":false},"featured_media":2599,"comment_status":"open","ping_status":"closed","template":"","meta":{"_acf_changed":false},"product_cat":[155,163,223,222],"product_tag":[],"class_list":{"0":"post-2600","1":"product","2":"type-product","3":"status-publish","4":"has-post-thumbnail","6":"product_cat-confitures","7":"product_cat-epices","8":"product_cat-naturel","9":"product_cat-sauce","10":"product_shipping_class-moyen","12":"first","13":"instock","14":"shipping-taxable","15":"purchasable","16":"product-type-simple"},"aioseo_notices":[],"acf":[],"_links":{"self":[{"href":"https:\/\/adabla.com\/en\/wp-json\/wp\/v2\/product\/2600","targetHints":{"allow":["GET"]}}],"collection":[{"href":"https:\/\/adabla.com\/en\/wp-json\/wp\/v2\/product"}],"about":[{"href":"https:\/\/adabla.com\/en\/wp-json\/wp\/v2\/types\/product"}],"replies":[{"embeddable":true,"href":"https:\/\/adabla.com\/en\/wp-json\/wp\/v2\/comments?post=2600"}],"wp:featuredmedia":[{"embeddable":true,"href":"https:\/\/adabla.com\/en\/wp-json\/wp\/v2\/media\/2599"}],"wp:attachment":[{"href":"https:\/\/adabla.com\/en\/wp-json\/wp\/v2\/media?parent=2600"}],"wp:term":[{"taxonomy":"product_cat","embeddable":true,"href":"https:\/\/adabla.com\/en\/wp-json\/wp\/v2\/product_cat?post=2600"},{"taxonomy":"product_tag","embeddable":true,"href":"https:\/\/adabla.com\/en\/wp-json\/wp\/v2\/product_tag?post=2600"}],"curies":[{"name":"wp","href":"https:\/\/api.w.org\/{rel}","templated":true}]}}