{"id":2602,"date":"2022-05-06T18:56:50","date_gmt":"2022-05-06T18:56:50","guid":{"rendered":"https:\/\/adabla.com\/product\/la-box-moyenne-saveurs-epicees-2\/"},"modified":"2022-07-14T14:25:28","modified_gmt":"2022-07-14T14:25:28","slug":"la-box-moyenne-saveurs-epicees-2","status":"publish","type":"product","link":"https:\/\/adabla.com\/en\/product\/la-box-moyenne-saveurs-epicees-2\/","title":{"rendered":"La grande BOX \u00ab\u00a0saveurs \u00e9pic\u00e9es \u00a0\u00bb (7 Piments)"},"content":{"rendered":"<p>Piment grillade RED\u00a0<\/p>\n<p data-mce-style=\"text-align: left;\">Pur\u00e9e de tomate,\u00a0 non piquante,\u00a0 id\u00e9ale pour accompagner vos grillade,\u00a0 sp\u00e9cialement concoct\u00e9e pour accompagner p\u00e2te destin\u00e9e aux enfants.\u00a0<\/p>\n<p>Composition :<\/p>\n<p>Tomates , huile , oignon, ail, feuilles d&rsquo;oignon\u00a0<\/p>\n<p>Delicieuse pur\u00e9e d\u00e9j\u00e0 cuisin\u00e9e et pr\u00eate \u00e0 \u00eatre d\u00e9gust\u00e9e des ouverture.\u00a0<\/p>\n<p>\u00a0 \u00a0 \u00a0 \u00a0 \u00a0 2- Shit\u00f4 CHILI show\u00a0<\/p>\n<p>Pur\u00e9e de shit\u00f4, le piment ghan\u00e9en et togolais r\u00e9put\u00e9 pour son go\u00fbt authentique.\u00a0<\/p>\n<p>Composition :<\/p>\n<p>Piment, Poudre de crevette, huile\u00a0 poudre de poisson, oignon, ail<\/p>\n<p>Delicieuse pur\u00e9e d\u00e9j\u00e0 cuisin\u00e9e et pr\u00eate \u00e0 \u00eatre d\u00e9gust\u00e9e des ouverture.\u00a0<\/p>\n<p>\u00a0 \u00a0 \u00a0 \u00a0 \u00a0 \u00a0 \u00a0 \u00a0 3- YELLOW CHILI JAM\u00a0<\/p>\n<p>Ce produit est sans colorant,\u00a0 sans conservateur et cuisin\u00e9 avec amour dans les cuisines de notre atelier.\u00a0<\/p>\n<p>Cette une d\u00e9licieuse confiture, qui d\u00e9gage l&rsquo;agr\u00e9able saveur de mangue et piment jaune, fera voyager vos papilles,\u00a0 tout en \u00e9tant \u00e0\u00a0 la fois sucr\u00e9e et \u00e9pic\u00e9e. Elle est id\u00e9ale pour tous les amoureux du sucr\u00e9\/ fruit\u00e9 <strong>( mangue)<\/strong>et \u00e9pic\u00e9<\/p>\n<p>Avant ouverture, elle se conserve dans un endroit frais et sec . Apr\u00e8s des ouverture, elle se conserve au r\u00e9frig\u00e9rateur.<\/p>\n<p>\u00a0 \u00a0 \u00a0 \u00a0 \u00a0 \u00a0 4- Piment grillade YELLOW\u00a0<\/p>\n<p>Cette pur\u00e9e est parfum\u00e9e et tr\u00e8s piquante,\u00a0 id\u00e9ale pour les amateurs de bon piment parfum\u00e9.\u00a0<\/p>\n<p>Composition :<\/p>\n<p>Piment jaune parfum\u00e9, oignon,\u00a0 huile,\u00a0 p, ail, sel naturel\u00a0<\/p>\n<p>Delicieuse pur\u00e9e d\u00e9j\u00e0 cuisin\u00e9e et pr\u00eate \u00e0 \u00eatre d\u00e9gust\u00e9e d\u00e8s ouverture.\u00a0<\/p>\n<p>\u00a0 \u00a0 \u00a0 \u00a0 \u00a0 \u00a0 \u00a05- RED CHILI\u00a0 JAM\u00a0<\/p>\n<p>Confiture de piment rouge , d\u00e9licieux pour vos instants Ap\u00e9ros. Il s&rsquo;\u00e9tale d\u00e9licatement sur vos toast au fromage et vous faire d\u00e9couvrir des saveurs \u00e9pic\u00e9es et sucr\u00e9es d&rsquo;Afrique.\u00a0<\/p>\n<p>Composition :<\/p>\n<p>Piment rouge, sucre Roux<\/p>\n<p>D\u00e9licat go\u00fbt sucr\u00e9,\u00a0 \u00e9pic\u00e9 et aigre-douce cuisin\u00e9e et pr\u00eate \u00e0 \u00eatre d\u00e9gust\u00e9e des ouverture.\u00a0<\/p>\n<p>\u00a0 \u00a0 \u00a0 \u00a0 6- Soumara CHILI show<\/p>\n<p>Pur\u00e9e de piment et soumara,\u00a0 le fameux fromage ivoirien. D\u00e9couvrez un go\u00fbt authentique et une saveur ethnique incomparable.\u00a0<\/p>\n<p>Cette pur\u00e9e est est 100% naturelle,\u00a0 sans colorant,\u00a0 sans conservateur.\u00a0<\/p>\n<p>Cette une d\u00e9licieuse pur\u00e9e qui d\u00e9gage les saveurs authentique de l&rsquo;Afrique de l&rsquo;Ouest.<\/p>\n<p>Avant ouverture, elle se conserve dans un endroit frais et sec . Apr\u00e8s des ouverture, elle se conserve au r\u00e9frig\u00e9rateur\u00a0<\/p>\n<p>\u00a0 \u00a0 \u00a0 \u00a0 \u00a07- piment grillade Passe-partout\u00a0<\/p>\n<p data-mce-style=\"text-align: left;\">D\u00e9licieuse pur\u00e9e de de piment qui accompagne toute vos grillades (alloco,\u00a0 poisson grill\u00e9,\u00a0 poulet grill\u00e9,\u00a0 igname,\u00a0 patates ect&#8230;)<\/p>\n<p>Composition :<\/p>\n<p>Piment rouge, oignon, ail, huile\u00a0 sel naturel\u00a0<\/p>\n<p>Delicieuse pur\u00e9e d\u00e9j\u00e0 cuisin\u00e9e et pr\u00eate \u00e0 \u00eatre d\u00e9gust\u00e9e des ouverture.\u00a0<\/p>","protected":false},"excerpt":{"rendered":"<p>La grande Box \u00ab\u00a0saveurs \u00e9pic\u00e9es \u00a0\u00bb de 4 piment grillade (2):<\/p>\n<ol>\n<li>Piment grillade YELLOW\u00a0<\/li>\n<li>YELLOW CHILI JAM\u00a0<\/li>\n<li>Shit\u00f4 CHILI show\u00a0<\/li>\n<li>Piment grillade RED\u00a0<\/li>\n<li>RED CHILI JAM\u00a0<\/li>\n<li>Soumara CHILI show\u00a0<\/li>\n<li>Piment grillade PASSE-PARTOUT\u00a0<\/li>\n<\/ol>","protected":false},"featured_media":2603,"comment_status":"open","ping_status":"closed","template":"","meta":{"_acf_changed":false},"product_cat":[155,163,118,222],"product_tag":[],"class_list":{"0":"post-2602","1":"product","2":"type-product","3":"status-publish","4":"has-post-thumbnail","6":"product_cat-confitures","7":"product_cat-epices","8":"product_cat-nourriture","9":"product_cat-sauce","10":"product_shipping_class-moyen","12":"first","13":"instock","14":"shipping-taxable","15":"purchasable","16":"product-type-simple"},"aioseo_notices":[],"acf":[],"_links":{"self":[{"href":"https:\/\/adabla.com\/en\/wp-json\/wp\/v2\/product\/2602","targetHints":{"allow":["GET"]}}],"collection":[{"href":"https:\/\/adabla.com\/en\/wp-json\/wp\/v2\/product"}],"about":[{"href":"https:\/\/adabla.com\/en\/wp-json\/wp\/v2\/types\/product"}],"replies":[{"embeddable":true,"href":"https:\/\/adabla.com\/en\/wp-json\/wp\/v2\/comments?post=2602"}],"wp:featuredmedia":[{"embeddable":true,"href":"https:\/\/adabla.com\/en\/wp-json\/wp\/v2\/media\/2603"}],"wp:attachment":[{"href":"https:\/\/adabla.com\/en\/wp-json\/wp\/v2\/media?parent=2602"}],"wp:term":[{"taxonomy":"product_cat","embeddable":true,"href":"https:\/\/adabla.com\/en\/wp-json\/wp\/v2\/product_cat?post=2602"},{"taxonomy":"product_tag","embeddable":true,"href":"https:\/\/adabla.com\/en\/wp-json\/wp\/v2\/product_tag?post=2602"}],"curies":[{"name":"wp","href":"https:\/\/api.w.org\/{rel}","templated":true}]}}