{"id":2808,"date":"2022-05-13T17:51:51","date_gmt":"2022-05-13T17:51:51","guid":{"rendered":"https:\/\/adabla.com\/product\/valepoue-2\/"},"modified":"2025-08-27T15:25:58","modified_gmt":"2025-08-27T15:25:58","slug":"valepoue-2","status":"publish","type":"product","link":"https:\/\/adabla.com\/en\/product\/valepoue-2\/","title":{"rendered":"Val\u00e8pou\u00e8 2"},"content":{"rendered":"<p>Commandez vos tirages en choisissant :\u00a0<\/p>\n<p>&#8211; Le type d&rsquo;encadrement (Cadre MDF, Caisse Am\u00e9ricaine, Baguette moderne)<\/p>\n<p>&#8211; La taille que vous souhaitez.<\/p>\n<p>Les tirages sont r\u00e9alis\u00e9es d\u00e8s validation des commandes.<\/p>\n<p>La r\u00e9alisation de votre produit prendra environ 5-7 jours hors d\u00e9lai livraison.<\/p>\n<p>Le rendu est juste magnifique!<\/p>","protected":false},"excerpt":{"rendered":"<p>Val\u00e8pou\u00e8 d\u00e9signe en langue abour\u00e9 \u00ab\u00a0une nouvelle m\u00e8re\u00a0\u00bb. Les abour\u00e9 c\u00e9l\u00e8brent la naissance en habillant et maquillant les val\u00e8pou\u00e8. Elles se prom\u00e8nent ensuite dans les rues de Bonoua et re\u00e7oivent b\u00e9n\u00e9dictions et pr\u00e9sents.<\/p>","protected":false},"featured_media":2683,"comment_status":"open","ping_status":"closed","template":"","meta":{"_acf_changed":false},"product_cat":[169,175],"product_tag":[],"class_list":{"0":"post-2808","1":"product","2":"type-product","3":"status-publish","4":"has-post-thumbnail","6":"product_cat-art","7":"product_cat-artisanat","8":"product_shipping_class-moyen","10":"first","11":"instock","12":"shipping-taxable","13":"purchasable","14":"product-type-variable"},"aioseo_notices":[],"acf":[],"_links":{"self":[{"href":"https:\/\/adabla.com\/en\/wp-json\/wp\/v2\/product\/2808","targetHints":{"allow":["GET"]}}],"collection":[{"href":"https:\/\/adabla.com\/en\/wp-json\/wp\/v2\/product"}],"about":[{"href":"https:\/\/adabla.com\/en\/wp-json\/wp\/v2\/types\/product"}],"replies":[{"embeddable":true,"href":"https:\/\/adabla.com\/en\/wp-json\/wp\/v2\/comments?post=2808"}],"wp:featuredmedia":[{"embeddable":true,"href":"https:\/\/adabla.com\/en\/wp-json\/wp\/v2\/media\/2683"}],"wp:attachment":[{"href":"https:\/\/adabla.com\/en\/wp-json\/wp\/v2\/media?parent=2808"}],"wp:term":[{"taxonomy":"product_cat","embeddable":true,"href":"https:\/\/adabla.com\/en\/wp-json\/wp\/v2\/product_cat?post=2808"},{"taxonomy":"product_tag","embeddable":true,"href":"https:\/\/adabla.com\/en\/wp-json\/wp\/v2\/product_tag?post=2808"}],"curies":[{"name":"wp","href":"https:\/\/api.w.org\/{rel}","templated":true}]}}