{"id":3132,"date":"2022-05-19T10:53:29","date_gmt":"2022-05-19T10:53:29","guid":{"rendered":"https:\/\/adabla.com\/product\/huile-rouge-1l\/"},"modified":"2022-05-19T22:29:42","modified_gmt":"2022-05-19T22:29:42","slug":"huile-rouge-1l","status":"publish","type":"product","link":"https:\/\/adabla.com\/en\/product\/huile-rouge-1l\/","title":{"rendered":"HUILE ROUGE 1L"},"content":{"rendered":"<p><\/p>","protected":false},"excerpt":{"rendered":"<p>L\u2019huile rouge de palme des Produits YONA provient de la region des 18<\/p>\n<p>Montagnes de la C\u00f4te d\u2019Ivoire. Elle est riche en vitamines E (notamment\u00a0<\/p>\n<p>en tocotri\u00e9nols) et en carot\u00e8nes (pr\u00e9curseur de la vitamine A).\u00a0<\/p>\n<p>Extraite par pression \u00e0 chaud de la pulpe des fruits du palmier \u00e0 huile,\u00a0<\/p>\n<p>elle est extra vierge, Bio, non\u00a0 raffin\u00e9e ni trait\u00e9e et se conserve longtemps.\u00a0<\/p>\n<p>Huile 100% fruit de palmier , sans colorant ni additif .\u00a0<\/p>\n<p>Produit et emball\u00e9 en C\u00f4te d\u2019Ivoire .<\/p>","protected":false},"featured_media":3133,"comment_status":"open","ping_status":"closed","template":"","meta":{"_acf_changed":false},"product_cat":[187,118],"product_tag":[],"class_list":{"0":"post-3132","1":"product","2":"type-product","3":"status-publish","4":"has-post-thumbnail","6":"product_cat-huile","7":"product_cat-nourriture","9":"first","10":"instock","11":"shipping-taxable","12":"purchasable","13":"product-type-simple"},"aioseo_notices":[],"acf":[],"_links":{"self":[{"href":"https:\/\/adabla.com\/en\/wp-json\/wp\/v2\/product\/3132","targetHints":{"allow":["GET"]}}],"collection":[{"href":"https:\/\/adabla.com\/en\/wp-json\/wp\/v2\/product"}],"about":[{"href":"https:\/\/adabla.com\/en\/wp-json\/wp\/v2\/types\/product"}],"replies":[{"embeddable":true,"href":"https:\/\/adabla.com\/en\/wp-json\/wp\/v2\/comments?post=3132"}],"wp:featuredmedia":[{"embeddable":true,"href":"https:\/\/adabla.com\/en\/wp-json\/wp\/v2\/media\/3133"}],"wp:attachment":[{"href":"https:\/\/adabla.com\/en\/wp-json\/wp\/v2\/media?parent=3132"}],"wp:term":[{"taxonomy":"product_cat","embeddable":true,"href":"https:\/\/adabla.com\/en\/wp-json\/wp\/v2\/product_cat?post=3132"},{"taxonomy":"product_tag","embeddable":true,"href":"https:\/\/adabla.com\/en\/wp-json\/wp\/v2\/product_tag?post=3132"}],"curies":[{"name":"wp","href":"https:\/\/api.w.org\/{rel}","templated":true}]}}