{"id":3177,"date":"2022-05-20T16:55:06","date_gmt":"2022-05-20T16:55:06","guid":{"rendered":"https:\/\/adabla.com\/product\/bogo-ja-7\/"},"modified":"2025-08-27T15:25:58","modified_gmt":"2025-08-27T15:25:58","slug":"bogo-ja-7","status":"publish","type":"product","link":"https:\/\/adabla.com\/en\/product\/bogo-ja-7\/","title":{"rendered":"Bogo JA 7"},"content":{"rendered":"<p>Description g\u00e9n\u00e9rale :\u00a0<\/p>\n<p>Commandez vos tirages en choisissant :\u00a0<\/p>\n<p>&#8211; Le type d&rsquo;encadrement (Cadre MDF, Caisse Am\u00e9ricaine, Baguette moderne)<\/p>\n<p>&#8211; La taille que vous souhaitez.<\/p>\n<p>Les tirages sont r\u00e9alis\u00e9es d\u00e8s validation des commandes.<\/p>\n<p>La r\u00e9alisation de votre produit prendra environ 5-7 jours hors d\u00e9lai livraison.<\/p>\n<p>Le rendu est juste magnifique!<\/p>","protected":false},"excerpt":{"rendered":"<p>Photo r\u00e9alis\u00e9e en 2022 \u00e0 Siby au Mali.<\/p>\n<p>Les femmes de Siby peignent leurs concessions avec des mat\u00e9riaux naturelles et des motifs extraordinaires ce qui donne une magnifique allure au village.<\/p>","protected":false},"featured_media":2708,"comment_status":"open","ping_status":"closed","template":"","meta":{"_acf_changed":false},"product_cat":[170,169,175],"product_tag":[],"class_list":{"0":"post-3177","1":"product","2":"type-product","3":"status-publish","4":"has-post-thumbnail","6":"product_cat-accessoires-2","7":"product_cat-art","8":"product_cat-artisanat","10":"first","11":"instock","12":"shipping-taxable","13":"purchasable","14":"product-type-variable"},"aioseo_notices":[],"acf":[],"_links":{"self":[{"href":"https:\/\/adabla.com\/en\/wp-json\/wp\/v2\/product\/3177","targetHints":{"allow":["GET"]}}],"collection":[{"href":"https:\/\/adabla.com\/en\/wp-json\/wp\/v2\/product"}],"about":[{"href":"https:\/\/adabla.com\/en\/wp-json\/wp\/v2\/types\/product"}],"replies":[{"embeddable":true,"href":"https:\/\/adabla.com\/en\/wp-json\/wp\/v2\/comments?post=3177"}],"wp:featuredmedia":[{"embeddable":true,"href":"https:\/\/adabla.com\/en\/wp-json\/wp\/v2\/media\/2708"}],"wp:attachment":[{"href":"https:\/\/adabla.com\/en\/wp-json\/wp\/v2\/media?parent=3177"}],"wp:term":[{"taxonomy":"product_cat","embeddable":true,"href":"https:\/\/adabla.com\/en\/wp-json\/wp\/v2\/product_cat?post=3177"},{"taxonomy":"product_tag","embeddable":true,"href":"https:\/\/adabla.com\/en\/wp-json\/wp\/v2\/product_tag?post=3177"}],"curies":[{"name":"wp","href":"https:\/\/api.w.org\/{rel}","templated":true}]}}