{"id":3371,"date":"2022-06-09T09:24:24","date_gmt":"2022-06-09T09:24:24","guid":{"rendered":"https:\/\/adabla.com\/product\/ango-2\/"},"modified":"2025-08-27T15:25:57","modified_gmt":"2025-08-27T15:25:57","slug":"ango-2","status":"publish","type":"product","link":"https:\/\/adabla.com\/en\/product\/ango-2\/","title":{"rendered":"Ango"},"content":{"rendered":"<p><\/p>","protected":false},"excerpt":{"rendered":"<p>Bient\u00f4t l&rsquo;\u00e9t\u00e9, voyager original avec nos prot\u00e8ge-passeports<\/p>","protected":false},"featured_media":3370,"comment_status":"open","ping_status":"closed","template":"","meta":{"_acf_changed":false},"product_cat":[149,175,117,145],"product_tag":[],"class_list":{"0":"post-3371","1":"product","2":"type-product","3":"status-publish","4":"has-post-thumbnail","6":"product_cat-accessoires","7":"product_cat-artisanat","8":"product_cat-mode","9":"product_cat-sacs","10":"product_shipping_class-moyen","12":"first","13":"instock","14":"shipping-taxable","15":"purchasable","16":"product-type-variable"},"aioseo_notices":[],"acf":[],"_links":{"self":[{"href":"https:\/\/adabla.com\/en\/wp-json\/wp\/v2\/product\/3371","targetHints":{"allow":["GET"]}}],"collection":[{"href":"https:\/\/adabla.com\/en\/wp-json\/wp\/v2\/product"}],"about":[{"href":"https:\/\/adabla.com\/en\/wp-json\/wp\/v2\/types\/product"}],"replies":[{"embeddable":true,"href":"https:\/\/adabla.com\/en\/wp-json\/wp\/v2\/comments?post=3371"}],"wp:featuredmedia":[{"embeddable":true,"href":"https:\/\/adabla.com\/en\/wp-json\/wp\/v2\/media\/3370"}],"wp:attachment":[{"href":"https:\/\/adabla.com\/en\/wp-json\/wp\/v2\/media?parent=3371"}],"wp:term":[{"taxonomy":"product_cat","embeddable":true,"href":"https:\/\/adabla.com\/en\/wp-json\/wp\/v2\/product_cat?post=3371"},{"taxonomy":"product_tag","embeddable":true,"href":"https:\/\/adabla.com\/en\/wp-json\/wp\/v2\/product_tag?post=3371"}],"curies":[{"name":"wp","href":"https:\/\/api.w.org\/{rel}","templated":true}]}}