{"id":3399,"date":"2022-06-09T12:13:20","date_gmt":"2022-06-09T12:13:20","guid":{"rendered":"https:\/\/adabla.com\/product\/moni\/"},"modified":"2022-06-09T12:13:20","modified_gmt":"2022-06-09T12:13:20","slug":"moni","status":"publish","type":"product","link":"https:\/\/adabla.com\/en\/product\/moni\/","title":{"rendered":"Moni"},"content":{"rendered":"<p><br data-mce-bogus=\"1\"><\/p>","protected":false},"excerpt":{"rendered":"<div dir=\"auto\">Kotokou&rsquo;n vous pr\u00e9sente des porte-ch\u00e9quiers dont les lignes restent fid\u00e8les \u00e0 l&rsquo;esprit de la marque. <\/div>\n<div dir=\"auto\">Notre porte-ch\u00e9quier est compos\u00e9 de deux (2) volets comprenant  un (1) emplacement ch\u00e9quier, quatre (4) encoches de cartes, une (1) patte pour le stylo et un (1) emplacement billets.<\/div>\n<div dir=\"auto\">Dimensions : 9,5cm x 24,5cm<\/div>","protected":false},"featured_media":3397,"comment_status":"open","ping_status":"closed","template":"","meta":{"_acf_changed":false},"product_cat":[175],"product_tag":[],"class_list":{"0":"post-3399","1":"product","2":"type-product","3":"status-publish","4":"has-post-thumbnail","6":"product_cat-artisanat","8":"first","9":"instock","10":"shipping-taxable","11":"purchasable","12":"product-type-simple"},"aioseo_notices":[],"acf":[],"_links":{"self":[{"href":"https:\/\/adabla.com\/en\/wp-json\/wp\/v2\/product\/3399","targetHints":{"allow":["GET"]}}],"collection":[{"href":"https:\/\/adabla.com\/en\/wp-json\/wp\/v2\/product"}],"about":[{"href":"https:\/\/adabla.com\/en\/wp-json\/wp\/v2\/types\/product"}],"replies":[{"embeddable":true,"href":"https:\/\/adabla.com\/en\/wp-json\/wp\/v2\/comments?post=3399"}],"wp:featuredmedia":[{"embeddable":true,"href":"https:\/\/adabla.com\/en\/wp-json\/wp\/v2\/media\/3397"}],"wp:attachment":[{"href":"https:\/\/adabla.com\/en\/wp-json\/wp\/v2\/media?parent=3399"}],"wp:term":[{"taxonomy":"product_cat","embeddable":true,"href":"https:\/\/adabla.com\/en\/wp-json\/wp\/v2\/product_cat?post=3399"},{"taxonomy":"product_tag","embeddable":true,"href":"https:\/\/adabla.com\/en\/wp-json\/wp\/v2\/product_tag?post=3399"}],"curies":[{"name":"wp","href":"https:\/\/api.w.org\/{rel}","templated":true}]}}