{"id":3471,"date":"2022-06-30T11:47:04","date_gmt":"2022-06-30T11:47:04","guid":{"rendered":"https:\/\/adabla.com\/product\/sauce-arachide-deshydrate\/"},"modified":"2022-07-14T14:13:33","modified_gmt":"2022-07-14T14:13:33","slug":"sauce-arachide-deshydrate","status":"publish","type":"product","link":"https:\/\/adabla.com\/en\/product\/sauce-arachide-deshydrate\/","title":{"rendered":"Sauce arachide d\u00e9shydrat\u00e9e"},"content":{"rendered":"<p class=\"MsoNormal\" style=\"margin: 0cm;\"><span style=\"font-family: Arial, sans-serif; font-size: x-large;\"><b>\u00a0<\/b><\/span><b><span style=\"font-size: 18pt; font-family: Arial, sans-serif;\">Ingr\u00e9dients:<\/span><\/b><\/p>\n<p class=\"MsoNormal\"><span style=\"font-size: 18pt; font-family: Arial, sans-serif;\">Poudre\u00a0d&rsquo;arachide, poudre d\u2019\u00e9chalote, poudre de poisson, poudre de crevettes, poudre de tomates, poudre d&rsquo;ail, sel.<\/span><\/p>\n<p class=\"MsoNormal\"><b><span style=\"font-size: 18pt; font-family: Arial, sans-serif;\">Mode de pr\u00e9paration:<\/span><\/b><b><\/b><\/p>\n<p class=\"MsoNormal\"><b><span style=\"font-size: 18pt; font-family: Arial, sans-serif;\">les \u00e9tapes:<\/span><\/b><b><\/b><\/p>\n<p class=\"MsoNormal\"><b><span style=\"font-size: 18pt; font-family: Arial, sans-serif;\">1.<\/span><\/b><span style=\"font-size: 18pt; font-family: Arial, sans-serif;\">\u00a0Dans une casserole mettre un filet d\u2019huile, faire revenir le poisson ou la viande ou le poulet\u00a0<\/span><\/p>\n<p class=\"MsoNormal\"><b><span style=\"font-size: 18pt; font-family: Arial, sans-serif;\">2.<\/span><\/b><span style=\"font-size: 18pt; font-family: Arial, sans-serif;\">\u00a0Ajouter environ 1 l d\u2019eau dans la casserole et portez l\u2019ensemble \u00e0 \u00e9bullition\u00a0<\/span><\/p>\n<p class=\"MsoNormal\"><b><span style=\"font-size: 18pt; font-family: Arial, sans-serif;\">3<\/span><\/b><span style=\"font-size: 18pt; font-family: Arial, sans-serif;\">. Ajoutez le contenu du sachet ajoutez le contenu du sachet Ma\u00eft\u00e9 et laissez cuire environ 30 minutes<\/span><\/p>\n<p class=\"MsoNormal\"><b><span style=\"font-size: 18pt; font-family: Arial, sans-serif;\">4<\/span><\/b><span style=\"font-size: 18pt; font-family: Arial, sans-serif;\">. Ajoutez le sel et le piment \u00e0 votre convenance et laissez mijoter pendant 15 minutes la sauce est pr\u00eate bon app\u00e9tit pr\u00e9cuire les viandes durs.<\/span><\/p>\n<p class=\"MsoNormal\"><b><span style=\"font-size: 18pt; font-family: Arial, sans-serif;\">Accompagnements:<\/span><\/b><\/p>\n<p class=\"MsoNormal\"><span style=\"font-size: 18pt; font-family: Arial, sans-serif;\">Riz blanc, Foutou igname, Foutou banane.<\/span><\/p>\n<p class=\"MsoNormal\"><b><span style=\"font-size: 18pt; font-family: Arial, sans-serif;\">Ma\u00eft\u00e9 saveurs du terroir<\/span><\/b><span style=\"font-size: 18pt; font-family: Arial, sans-serif;\">\u00a0c\u2019est la garantie d\u2019un repas rapide et naturel les mati\u00e8res premi\u00e8res sont s\u00e9lectionn\u00e9es avec soin afin de vous garantit une alimentation saine et de qualit\u00e9, Vous vous d\u00e9lecterez des douces saveurs du terroir en toute s\u00e9curit\u00e9.<\/span><\/p>\n<p class=\"MsoNormal\"><b><span style=\"font-size: 18pt; font-family: Arial, sans-serif;\">Poids\u00a0net:<\/span><\/b><span style=\"font-size: 18pt; font-family: Arial, sans-serif;\">\u00a0<b>190 g<\/b>\u00a0soit environ 700 ml de sauce\u00a0Arachide<\/span><\/p>\n<p class=\"MsoNormal\"><b><span style=\"font-size: 18pt; font-family: Arial, sans-serif;\">Valeur nutritionnelle moyenne<\/span><\/b><\/p>\n<table class=\"MsoNormalTable\" style=\"border-collapse: collapse;\" border=\"0\" cellspacing=\"0\" cellpadding=\"0\">\n<tbody>\n<tr>\n<td style=\"width: 155.7pt; border: 1pt solid windowtext; padding: 0cm 5.4pt;\" valign=\"top\" width=\"208\">\n<p class=\"MsoNormal\" align=\"center\"><span style=\"font-family: Arial, sans-serif;\">\u00a0<\/span><\/p>\n<p class=\"MsoNormal\" align=\"center\"><span style=\"font-family: Arial, sans-serif;\">D\u00e9clarations\u00a0<\/span><\/p>\n<p class=\"MsoNormal\" align=\"center\"><span style=\"font-family: Arial, sans-serif;\">Nutritionnelles<\/span><\/p>\n<p class=\"MsoNormal\" align=\"center\"><span style=\"font-family: Arial, sans-serif;\">\u00a0<\/span><\/p>\n<\/td>\n<td style=\"width: 120.5pt; border-top-width: 1pt; border-right-width: 1pt; border-bottom-width: 1pt; border-style: solid solid solid none; border-top-color: windowtext; border-right-color: windowtext; border-bottom-color: windowtext; padding: 0cm 5.4pt;\" valign=\"top\" width=\"161\">\n<p class=\"MsoNormal\" align=\"center\"><span style=\"font-family: Arial, sans-serif;\">\u00a0<\/span><\/p>\n<p class=\"MsoNormal\" align=\"center\"><span style=\"font-family: Arial, sans-serif;\">100g de produits d\u00e9shydrat\u00e9<\/span><\/p>\n<\/td>\n<td style=\"width: 99.2pt; border-top-width: 1pt; border-right-width: 1pt; border-bottom-width: 1pt; border-style: solid solid solid none; border-top-color: windowtext; border-right-color: windowtext; border-bottom-color: windowtext; padding: 0cm 5.4pt;\" valign=\"top\" width=\"132\">\n<p class=\"MsoNormal\" align=\"center\"><span style=\"font-family: Arial, sans-serif;\">\u00a0<\/span><\/p>\n<p class=\"MsoNormal\" align=\"center\"><span style=\"font-family: Arial, sans-serif;\">Par portion de 47,5g<\/span><\/p>\n<\/td>\n<td style=\"width: 77.4pt; border-top-width: 1pt; border-right-width: 1pt; border-bottom-width: 1pt; border-style: solid solid solid none; border-top-color: windowtext; border-right-color: windowtext; border-bottom-color: windowtext; padding: 0cm 5.4pt;\" valign=\"top\" width=\"103\">\n<p class=\"MsoNormal\" align=\"center\"><span style=\"font-family: Arial, sans-serif;\">\u00a0<\/span><\/p>\n<p class=\"MsoNormal\" align=\"center\"><span style=\"font-family: Arial, sans-serif;\">AJ%(1)<\/span><\/p>\n<\/td>\n<\/tr>\n<tr>\n<td style=\"width: 155.7pt; border-right-width: 1pt; border-bottom-width: 1pt; border-left-width: 1pt; border-style: none solid solid; border-right-color: windowtext; border-bottom-color: windowtext; border-left-color: windowtext; padding: 0cm 5.4pt;\" valign=\"top\" width=\"208\">\n<p class=\"MsoNormal\"><span style=\"font-family: Arial, sans-serif;\">\u00a0<\/span><\/p>\n<p class=\"MsoNormal\"><span style=\"font-family: Arial, sans-serif;\">Energie (KJ\/Kcal)<\/span><\/p>\n<p class=\"MsoNormal\"><span style=\"font-family: Arial, sans-serif;\">\u00a0<\/span><\/p>\n<\/td>\n<td style=\"width: 120.5pt; border-style: none solid solid none; border-bottom-width: 1pt; border-bottom-color: windowtext; border-right-width: 1pt; border-right-color: windowtext; padding: 0cm 5.4pt;\" valign=\"top\" width=\"161\">\n<p class=\"MsoNormal\"><span style=\"font-family: Arial, sans-serif;\">1876\/450<\/span><\/p>\n<\/td>\n<td style=\"width: 99.2pt; border-style: none solid solid none; border-bottom-width: 1pt; border-bottom-color: windowtext; border-right-width: 1pt; border-right-color: windowtext; padding: 0cm 5.4pt;\" valign=\"top\" width=\"132\">\n<p class=\"MsoNormal\" align=\"center\"><span style=\"font-family: Arial, sans-serif;\">\u00a0<\/span><\/p>\n<p class=\"MsoNormal\" align=\"center\"><span style=\"font-family: Arial, sans-serif;\">891\/214<\/span><\/p>\n<\/td>\n<td style=\"width: 77.4pt; border-style: none solid solid none; border-bottom-width: 1pt; border-bottom-color: windowtext; border-right-width: 1pt; border-right-color: windowtext; padding: 0cm 5.4pt;\" valign=\"top\" width=\"103\">\n<p class=\"MsoNormal\" align=\"center\"><span style=\"font-family: Arial, sans-serif;\">\u00a0<\/span><\/p>\n<p class=\"MsoNormal\" align=\"center\"><span style=\"font-family: Arial, sans-serif;\">10,6<\/span><\/p>\n<\/td>\n<\/tr>\n<tr>\n<td style=\"width: 155.7pt; border-right-width: 1pt; border-bottom-width: 1pt; border-left-width: 1pt; border-style: none solid solid; border-right-color: windowtext; border-bottom-color: windowtext; border-left-color: windowtext; padding: 0cm 5.4pt;\" valign=\"top\" width=\"208\">\n<p class=\"MsoNormal\"><span style=\"font-family: Arial, sans-serif;\">\u00a0<\/span><\/p>\n<p class=\"MsoNormal\"><span style=\"font-family: Arial, sans-serif;\">Mati\u00e8re grasses (g)<\/span><\/p>\n<p class=\"MsoNormal\"><span style=\"font-family: Arial, sans-serif;\">dont Acides Gras Satur\u00e9s<\/span><\/p>\n<p class=\"MsoNormal\"><span style=\"font-family: Arial, sans-serif;\">\u00a0<\/span><\/p>\n<\/td>\n<td style=\"width: 120.5pt; border-style: none solid solid none; border-bottom-width: 1pt; border-bottom-color: windowtext; border-right-width: 1pt; border-right-color: windowtext; padding: 0cm 5.4pt;\" valign=\"top\" width=\"161\">\n<p class=\"MsoNormal\" align=\"center\"><span style=\"font-family: Arial, sans-serif;\">\u00a0<\/span><\/p>\n<p class=\"MsoNormal\" align=\"center\"><span style=\"font-family: Arial, sans-serif;\">25<\/span><\/p>\n<p class=\"MsoNormal\" align=\"center\"><span style=\"font-family: Calibri, sans-serif;\">3,5<\/span><\/p>\n<\/td>\n<td style=\"width: 99.2pt; border-style: none solid solid none; border-bottom-width: 1pt; border-bottom-color: windowtext; border-right-width: 1pt; border-right-color: windowtext; padding: 0cm 5.4pt;\" valign=\"top\" width=\"132\">\n<p class=\"MsoNormal\" align=\"center\"><span style=\"font-family: Arial, sans-serif;\">\u00a0<\/span><\/p>\n<p class=\"MsoNormal\" align=\"center\"><span style=\"font-family: Arial, sans-serif;\">12<\/span><\/p>\n<p class=\"MsoNormal\" align=\"center\"><span style=\"font-family: Arial, sans-serif;\">1,7<\/span><\/p>\n<\/td>\n<td style=\"width: 77.4pt; border-style: none solid solid none; border-bottom-width: 1pt; border-bottom-color: windowtext; border-right-width: 1pt; border-right-color: windowtext; padding: 0cm 5.4pt;\" valign=\"top\" width=\"103\">\n<p class=\"MsoNormal\" align=\"center\"><span style=\"font-family: Arial, sans-serif;\">\u00a0<\/span><\/p>\n<p class=\"MsoNormal\" align=\"center\"><span style=\"font-family: Arial, sans-serif;\">17,2<\/span><\/p>\n<p class=\"MsoNormal\" align=\"center\"><span style=\"font-family: Arial, sans-serif;\">8,5<\/span><\/p>\n<\/td>\n<\/tr>\n<tr>\n<td style=\"width: 155.7pt; border-right-width: 1pt; border-bottom-width: 1pt; border-left-width: 1pt; border-style: none solid solid; border-right-color: windowtext; border-bottom-color: windowtext; border-left-color: windowtext; padding: 0cm 5.4pt;\" valign=\"top\" width=\"208\">\n<p class=\"MsoNormal\"><span style=\"font-family: Arial, sans-serif;\">\u00a0<\/span><\/p>\n<p class=\"MsoNormal\"><span style=\"font-family: Arial, sans-serif;\">Glucides (g)\u00a0<\/span><\/p>\n<p class=\"MsoNormal\"><span style=\"font-family: Arial, sans-serif;\">dont Sucres<\/span><\/p>\n<p class=\"MsoNormal\"><span style=\"font-family: Arial, sans-serif;\">\u00a0<\/span><\/p>\n<\/td>\n<td style=\"width: 120.5pt; border-style: none solid solid none; border-bottom-width: 1pt; border-bottom-color: windowtext; border-right-width: 1pt; border-right-color: windowtext; padding: 0cm 5.4pt;\" valign=\"top\" width=\"161\">\n<p class=\"MsoNormal\" align=\"center\"><span style=\"font-family: Arial, sans-serif;\">\u00a0<\/span><\/p>\n<p class=\"MsoNormal\" align=\"center\"><span style=\"font-family: Arial, sans-serif;\">16<\/span><\/p>\n<p class=\"MsoNormal\" align=\"center\"><span style=\"font-family: inherit, serif;\">4,3<\/span><\/p>\n<\/td>\n<td style=\"width: 99.2pt; border-style: none solid solid none; border-bottom-width: 1pt; border-bottom-color: windowtext; border-right-width: 1pt; border-right-color: windowtext; padding: 0cm 5.4pt;\" valign=\"top\" width=\"132\">\n<p class=\"MsoNormal\" align=\"center\"><span style=\"font-family: Arial, sans-serif;\">\u00a0<\/span><\/p>\n<p class=\"MsoNormal\" align=\"center\"><span style=\"font-family: Arial, sans-serif;\">7,6<\/span><\/p>\n<p class=\"MsoNormal\" align=\"center\"><span style=\"font-family: Arial, sans-serif;\">2<\/span><\/p>\n<\/td>\n<td style=\"width: 77.4pt; border-style: none solid solid none; border-bottom-width: 1pt; border-bottom-color: windowtext; border-right-width: 1pt; border-right-color: windowtext; padding: 0cm 5.4pt;\" valign=\"top\" width=\"103\">\n<p class=\"MsoNormal\" align=\"center\"><span style=\"font-family: Arial, sans-serif;\">\u00a0<\/span><\/p>\n<p class=\"MsoNormal\" align=\"center\"><span style=\"font-family: Arial, sans-serif;\">2,9<\/span><\/p>\n<p class=\"MsoNormal\" align=\"center\"><span style=\"font-family: Arial, sans-serif;\">2,2<\/span><\/p>\n<\/td>\n<\/tr>\n<tr>\n<td style=\"width: 155.7pt; border-right-width: 1pt; border-bottom-width: 1pt; border-left-width: 1pt; border-style: none solid solid; border-right-color: windowtext; border-bottom-color: windowtext; border-left-color: windowtext; padding: 0cm 5.4pt;\" valign=\"top\" width=\"208\">\n<p class=\"MsoNormal\"><span style=\"font-family: Arial, sans-serif;\">\u00a0<\/span><\/p>\n<p class=\"MsoNormal\"><span style=\"font-family: Arial, sans-serif;\">Fibres Alimentaires (g)<\/span><\/p>\n<p class=\"MsoNormal\"><span style=\"font-family: Arial, sans-serif;\">\u00a0<\/span><\/p>\n<\/td>\n<td style=\"width: 120.5pt; border-style: none solid solid none; border-bottom-width: 1pt; border-bottom-color: windowtext; border-right-width: 1pt; border-right-color: windowtext; padding: 0cm 5.4pt;\" valign=\"top\" width=\"161\">\n<p class=\"MsoNormal\" align=\"center\"><span style=\"font-family: Arial, sans-serif;\">\u00a0<\/span><\/p>\n<p class=\"MsoNormal\" align=\"center\"><span style=\"font-family: Arial, sans-serif;\">7<\/span><\/p>\n<\/td>\n<td style=\"width: 99.2pt; border-style: none solid solid none; border-bottom-width: 1pt; border-bottom-color: windowtext; border-right-width: 1pt; border-right-color: windowtext; padding: 0cm 5.4pt;\" valign=\"top\" width=\"132\">\n<p class=\"MsoNormal\" align=\"center\"><span style=\"font-family: Arial, sans-serif;\">\u00a0<\/span><\/p>\n<p class=\"MsoNormal\" align=\"center\"><span style=\"font-family: Arial, sans-serif;\">3,3<\/span><\/p>\n<\/td>\n<td style=\"width: 77.4pt; border-style: none solid solid none; border-bottom-width: 1pt; border-bottom-color: windowtext; border-right-width: 1pt; border-right-color: windowtext; padding: 0cm 5.4pt;\" valign=\"top\" width=\"103\">\n<p class=\"MsoNormal\" align=\"center\"><span style=\"font-family: Arial, sans-serif;\">\u00a0<\/span><\/p>\n<p class=\"MsoNormal\" align=\"center\"><span style=\"font-family: Arial, sans-serif;\">14,3<\/span><\/p>\n<\/td>\n<\/tr>\n<tr>\n<td style=\"width: 155.7pt; border-right-width: 1pt; border-bottom-width: 1pt; border-left-width: 1pt; border-style: none solid solid; border-right-color: windowtext; border-bottom-color: windowtext; border-left-color: windowtext; padding: 0cm 5.4pt;\" valign=\"top\" width=\"208\">\n<p class=\"MsoNormal\"><span style=\"font-family: Arial, sans-serif;\">\u00a0<\/span><\/p>\n<p class=\"MsoNormal\"><span style=\"font-family: Arial, sans-serif;\">Prot\u00e9ines (g)<\/span><\/p>\n<p class=\"MsoNormal\"><span style=\"font-family: Arial, sans-serif;\">\u00a0<\/span><\/p>\n<\/td>\n<td style=\"width: 120.5pt; border-style: none solid solid none; border-bottom-width: 1pt; border-bottom-color: windowtext; border-right-width: 1pt; border-right-color: windowtext; padding: 0cm 5.4pt;\" valign=\"top\" width=\"161\">\n<p class=\"MsoNormal\" align=\"center\"><span style=\"font-family: Arial, sans-serif;\">\u00a0<\/span><\/p>\n<p class=\"MsoNormal\" align=\"center\"><span style=\"font-family: Arial, sans-serif;\">26<\/span><\/p>\n<\/td>\n<td style=\"width: 99.2pt; border-style: none solid solid none; border-bottom-width: 1pt; border-bottom-color: windowtext; border-right-width: 1pt; border-right-color: windowtext; padding: 0cm 5.4pt;\" valign=\"top\" width=\"132\">\n<p class=\"MsoNormal\" align=\"center\"><span style=\"font-family: Arial, sans-serif;\">\u00a0<\/span><\/p>\n<p class=\"MsoNormal\" align=\"center\"><span style=\"font-family: Arial, sans-serif;\">12,3<\/span><\/p>\n<\/td>\n<td style=\"width: 77.4pt; border-style: none solid solid none; border-bottom-width: 1pt; border-bottom-color: windowtext; border-right-width: 1pt; border-right-color: windowtext; padding: 0cm 5.4pt;\" valign=\"top\" width=\"103\">\n<p class=\"MsoNormal\" align=\"center\"><span style=\"font-family: Arial, sans-serif;\">\u00a0<\/span><\/p>\n<p class=\"MsoNormal\" align=\"center\"><span style=\"font-family: Arial, sans-serif;\">24,6<\/span><\/p>\n<\/td>\n<\/tr>\n<tr>\n<td style=\"width: 155.7pt; border-right-width: 1pt; border-bottom-width: 1pt; border-left-width: 1pt; border-style: none solid solid; border-right-color: windowtext; border-bottom-color: windowtext; border-left-color: windowtext; padding: 0cm 5.4pt;\" valign=\"top\" width=\"208\">\n<p class=\"MsoNormal\"><span style=\"font-family: Arial, sans-serif;\">\u00a0<\/span><\/p>\n<p class=\"MsoNormal\"><span style=\"font-family: Arial, sans-serif;\">Sel (g)<\/span><\/p>\n<p class=\"MsoNormal\"><span style=\"font-family: Arial, sans-serif;\">\u00a0<\/span><\/p>\n<\/td>\n<td style=\"width: 120.5pt; border-style: none solid solid none; border-bottom-width: 1pt; border-bottom-color: windowtext; border-right-width: 1pt; border-right-color: windowtext; padding: 0cm 5.4pt;\" valign=\"top\" width=\"161\">\n<p class=\"MsoNormal\" align=\"center\"><span style=\"font-family: Arial, sans-serif;\">\u00a0<\/span><\/p>\n<p class=\"MsoNormal\" align=\"center\"><span style=\"font-family: Arial, sans-serif;\">2,8<\/span><\/p>\n<\/td>\n<td style=\"width: 99.2pt; border-style: none solid solid none; border-bottom-width: 1pt; border-bottom-color: windowtext; border-right-width: 1pt; border-right-color: windowtext; padding: 0cm 5.4pt;\" valign=\"top\" width=\"132\">\n<p class=\"MsoNormal\" align=\"center\"><span style=\"font-family: Arial, sans-serif;\">\u00a0<\/span><\/p>\n<p class=\"MsoNormal\" align=\"center\"><span style=\"font-family: Arial, sans-serif;\">0,7<\/span><\/p>\n<\/td>\n<td style=\"width: 77.4pt; border-style: none solid solid none; border-bottom-width: 1pt; border-bottom-color: windowtext; border-right-width: 1pt; border-right-color: windowtext; padding: 0cm 5.4pt;\" valign=\"top\" width=\"103\">\n<p class=\"MsoNormal\" align=\"center\"><span style=\"font-family: Arial, sans-serif;\">\u00a0<\/span><\/p>\n<p class=\"MsoNormal\" align=\"center\"><span style=\"font-family: Arial, sans-serif;\">11,7<\/span><\/p>\n<\/td>\n<\/tr>\n<\/tbody>\n<\/table>\n<p class=\"MsoNormal\"><b><span style=\"font-size: 18pt; font-family: Arial, sans-serif;\">A consommer de pr\u00e9f\u00e9rence avant fin ao\u00fbt 2023\u00a0<\/span><\/b><\/p>\n<p class=\"MsoNormal\"><b><span style=\"font-size: 18pt; font-family: Arial, sans-serif;\">A conserver<\/span><\/b><span style=\"font-size: 18pt; font-family: Arial, sans-serif;\">\u00a0dans un endroit frais et sec pour pr\u00e9server toute sa saveur.<\/span><\/p>\n<p class=\"MsoNormal\"><b><span style=\"font-size: 18pt; font-family: Arial, sans-serif;\">Ma\u00eft\u00e9<\/span><\/b><span style=\"font-size: 18pt; font-family: Arial, sans-serif;\">\u00a0est une marque d\u00e9pos\u00e9e<\/span><\/p>\n<p class=\"MsoNormal\"><span style=\"font-size: 18pt; font-family: Arial, sans-serif;\">Fabriqu\u00e9 par\u00a0<b>Rob\u00e2tes Industries<\/b>\u00a0en C\u00f4te d\u2019Ivoire<\/span><\/p>","protected":false},"excerpt":{"rendered":"<p class=\"MsoNormal\" style=\"margin: 0cm; font-size: medium; font-family: Calibri, sans-serif;\"><b><span style=\"font-size: 18pt; font-family: Arial, sans-serif;\">Les sauces Ma\u00eft\u00e9<\/span><\/b><span style=\"font-size: 18pt; font-family: Arial, sans-serif;\">\u00a0saveurs du terroir ivoirien, la sauce\u00a0arachide,\u00a0riche en go\u00fbt,\u00a0sans glutamate ajoutez, sans conservateur. Pour trois ou quatre personnes.\u00a0<\/span><\/p>\n<p class=\"MsoNormal\" style=\"margin: 0cm; font-size: medium; font-family: Calibri, sans-serif;\"><b><span style=\"font-size: 18pt; font-family: Arial, sans-serif;\">Des ingr\u00e9dients naturels<\/span><\/b><span style=\"font-size: 18pt; font-family: Arial, sans-serif;\">\u00a0pour une cuisine rapide et facile.\u00a0<\/span><\/p>","protected":false},"featured_media":3470,"comment_status":"open","ping_status":"closed","template":"","meta":{"_acf_changed":false},"product_cat":[118,222],"product_tag":[277],"class_list":{"0":"post-3471","1":"product","2":"type-product","3":"status-publish","4":"has-post-thumbnail","6":"product_cat-nourriture","7":"product_cat-sauce","8":"product_tag-sauces-deshydratees","9":"product_shipping_class-nomal","11":"first","12":"instock","13":"sold-individually","14":"shipping-taxable","15":"purchasable","16":"product-type-simple"},"aioseo_notices":[],"acf":[],"_links":{"self":[{"href":"https:\/\/adabla.com\/en\/wp-json\/wp\/v2\/product\/3471","targetHints":{"allow":["GET"]}}],"collection":[{"href":"https:\/\/adabla.com\/en\/wp-json\/wp\/v2\/product"}],"about":[{"href":"https:\/\/adabla.com\/en\/wp-json\/wp\/v2\/types\/product"}],"replies":[{"embeddable":true,"href":"https:\/\/adabla.com\/en\/wp-json\/wp\/v2\/comments?post=3471"}],"wp:featuredmedia":[{"embeddable":true,"href":"https:\/\/adabla.com\/en\/wp-json\/wp\/v2\/media\/3470"}],"wp:attachment":[{"href":"https:\/\/adabla.com\/en\/wp-json\/wp\/v2\/media?parent=3471"}],"wp:term":[{"taxonomy":"product_cat","embeddable":true,"href":"https:\/\/adabla.com\/en\/wp-json\/wp\/v2\/product_cat?post=3471"},{"taxonomy":"product_tag","embeddable":true,"href":"https:\/\/adabla.com\/en\/wp-json\/wp\/v2\/product_tag?post=3471"}],"curies":[{"name":"wp","href":"https:\/\/api.w.org\/{rel}","templated":true}]}}