{"id":4293,"date":"2022-08-29T11:09:36","date_gmt":"2022-08-29T11:09:36","guid":{"rendered":"https:\/\/adabla.com\/product\/cafe-noir-a-la-moringa-oleifera\/"},"modified":"2023-01-04T22:17:52","modified_gmt":"2023-01-04T22:17:52","slug":"cafe-noir-a-la-moringa-oleifera","status":"publish","type":"product","link":"https:\/\/adabla.com\/en\/product\/cafe-noir-a-la-moringa-oleifera\/","title":{"rendered":"CAFE NOIR A LA MORINGA OLEIFERA"},"content":{"rendered":"<p class=\"MsoNormal\" style=\"margin-bottom: .0001pt;background: white\" data-mce-style=\"margin-bottom: .0001pt; background: white;\"><b>Les bienfaits de la Moringa Oleifera :<\/b><\/p>\n<p class=\"MsoNormal\" style=\"margin-bottom: .0001pt;background: white\" data-mce-style=\"margin-bottom: .0001pt; background: white;\">L\u2019extrait de feuille de Moringa en<br \/>poudre est efficace dans la r\u00e9duction des taux de lipides et de glucose, ainsi<br \/>que dans la r\u00e9gulation du stress oxydatif chez les patients atteints de<br \/>diab\u00e8te. Elle a des bienfaits pour la sant\u00e9 de votre c\u0153ur en luttant contre la<br \/>formation de plaques dans les art\u00e8res.<\/p>","protected":false},"excerpt":{"rendered":"<p class=\"MsoNormal\" style=\"text-align: justify\" data-mce-style=\"text-align: justify;\"><b>Les<br \/>bienfaits du Caf\u00e9 :<\/b><\/p>\n<p class=\"MsoNormal\" style=\"text-align: justify\" data-mce-style=\"text-align: justify;\">L\u2019un des principaux<br \/>bienfaits du Caf\u00e9 est sa haute teneur en antioxydants, qui sont plus nombreux<br \/>que ce qu\u2019apportent les fruits et les l\u00e9gumes.<\/p>","protected":false},"featured_media":4303,"comment_status":"open","ping_status":"closed","template":"","meta":{"_acf_changed":false},"product_cat":[153,118],"product_tag":[],"class_list":{"0":"post-4293","1":"product","2":"type-product","3":"status-publish","4":"has-post-thumbnail","6":"product_cat-cafe","7":"product_cat-nourriture","8":"product_shipping_class-moyen","10":"first","11":"onbackorder","12":"shipping-taxable","13":"purchasable","14":"product-type-simple"},"aioseo_notices":[],"acf":[],"_links":{"self":[{"href":"https:\/\/adabla.com\/en\/wp-json\/wp\/v2\/product\/4293","targetHints":{"allow":["GET"]}}],"collection":[{"href":"https:\/\/adabla.com\/en\/wp-json\/wp\/v2\/product"}],"about":[{"href":"https:\/\/adabla.com\/en\/wp-json\/wp\/v2\/types\/product"}],"replies":[{"embeddable":true,"href":"https:\/\/adabla.com\/en\/wp-json\/wp\/v2\/comments?post=4293"}],"wp:featuredmedia":[{"embeddable":true,"href":"https:\/\/adabla.com\/en\/wp-json\/wp\/v2\/media\/4303"}],"wp:attachment":[{"href":"https:\/\/adabla.com\/en\/wp-json\/wp\/v2\/media?parent=4293"}],"wp:term":[{"taxonomy":"product_cat","embeddable":true,"href":"https:\/\/adabla.com\/en\/wp-json\/wp\/v2\/product_cat?post=4293"},{"taxonomy":"product_tag","embeddable":true,"href":"https:\/\/adabla.com\/en\/wp-json\/wp\/v2\/product_tag?post=4293"}],"curies":[{"name":"wp","href":"https:\/\/api.w.org\/{rel}","templated":true}]}}