{"id":4298,"date":"2022-08-29T11:18:28","date_gmt":"2022-08-29T11:18:28","guid":{"rendered":"https:\/\/adabla.com\/product\/cafe-noir-au-ganoderma-lucidum\/"},"modified":"2023-01-04T22:05:43","modified_gmt":"2023-01-04T22:05:43","slug":"cafe-noir-au-ganoderma-lucidum","status":"publish","type":"product","link":"https:\/\/adabla.com\/en\/product\/cafe-noir-au-ganoderma-lucidum\/","title":{"rendered":"CAFE NOIR AU GANODERMA LUCIDUM"},"content":{"rendered":"<p class=\"MsoNormal\" style=\"margin-bottom: .0001pt;text-align: justify;line-height: normal;background: white\" data-mce-style=\"margin-bottom: .0001pt; text-align: justify; line-height: normal; background: white;\"><b>Les<br \/>bienfaits du Ganoderma Lucidum :<\/b><\/p>\n<p class=\"MsoNormal\" style=\"margin-bottom: .0001pt;text-align: justify;line-height: normal;background: white\" data-mce-style=\"margin-bottom: .0001pt; text-align: justify; line-height: normal; background: white;\">Longtemps<br \/>r\u00e9serv\u00e9 \u00e0 la haute dynastie Asiatique comme \u00e9lixir de long\u00e9vit\u00e9, le Ganoderma<br \/>Lucidum, plante m\u00e9dicinale par excellence signifie \u00ab Puissance Spirituelle \u00bb.<br \/>Ce champignon est dit adaptog\u00e8ne, car Il aide le corps \u00e0 s\u2019adapter \u00e0 son<br \/>environnement, \u00e0 se nettoyer et tout ceci, en renfor\u00e7ant la vitalit\u00e9 de son<br \/>consommateur.<\/p>","protected":false},"excerpt":{"rendered":"<p class=\"MsoNormal\" style=\"text-align: justify\" data-mce-style=\"text-align: justify;\"><b>Les<br \/>bienfaits du Caf\u00e9 :<\/b><\/p>\n<p class=\"MsoNormal\" style=\"text-align: justify\" data-mce-style=\"text-align: justify;\">L\u2019un des principaux<br \/>bienfaits du Caf\u00e9 est sa haute teneur en antioxydants, qui sont plus nombreux<br \/>que ce qu\u2019apportent les fruits et les l\u00e9gumes.<\/p>","protected":false},"featured_media":4299,"comment_status":"open","ping_status":"closed","template":"","meta":{"_acf_changed":false},"product_cat":[153,118],"product_tag":[],"class_list":{"0":"post-4298","1":"product","2":"type-product","3":"status-publish","4":"has-post-thumbnail","6":"product_cat-cafe","7":"product_cat-nourriture","8":"product_shipping_class-moyen","10":"first","11":"onbackorder","12":"shipping-taxable","13":"purchasable","14":"product-type-simple"},"aioseo_notices":[],"acf":[],"_links":{"self":[{"href":"https:\/\/adabla.com\/en\/wp-json\/wp\/v2\/product\/4298","targetHints":{"allow":["GET"]}}],"collection":[{"href":"https:\/\/adabla.com\/en\/wp-json\/wp\/v2\/product"}],"about":[{"href":"https:\/\/adabla.com\/en\/wp-json\/wp\/v2\/types\/product"}],"replies":[{"embeddable":true,"href":"https:\/\/adabla.com\/en\/wp-json\/wp\/v2\/comments?post=4298"}],"wp:featuredmedia":[{"embeddable":true,"href":"https:\/\/adabla.com\/en\/wp-json\/wp\/v2\/media\/4299"}],"wp:attachment":[{"href":"https:\/\/adabla.com\/en\/wp-json\/wp\/v2\/media?parent=4298"}],"wp:term":[{"taxonomy":"product_cat","embeddable":true,"href":"https:\/\/adabla.com\/en\/wp-json\/wp\/v2\/product_cat?post=4298"},{"taxonomy":"product_tag","embeddable":true,"href":"https:\/\/adabla.com\/en\/wp-json\/wp\/v2\/product_tag?post=4298"}],"curies":[{"name":"wp","href":"https:\/\/api.w.org\/{rel}","templated":true}]}}