{"id":4301,"date":"2022-08-29T11:24:03","date_gmt":"2022-08-29T11:24:03","guid":{"rendered":"https:\/\/adabla.com\/product\/poudre-de-cacao-noir-nature-a-lortie\/"},"modified":"2023-01-04T22:06:42","modified_gmt":"2023-01-04T22:06:42","slug":"poudre-de-cacao-noir-nature-a-lortie","status":"publish","type":"product","link":"https:\/\/adabla.com\/en\/product\/poudre-de-cacao-noir-nature-a-lortie\/","title":{"rendered":"POUDRE DE CACAO NOIR NATURE A L\u2019ORTIE"},"content":{"rendered":"<p class=\"MsoNormal\" style=\"margin-bottom: .0001pt;text-align: justify;background: white\" data-mce-style=\"margin-bottom: .0001pt; text-align: justify; background: white;\"><b>Les<br \/>bienfaits de l\u2019Ortie :<\/b><\/p>\n<p class=\"MsoNormal\" style=\"margin-bottom: .0001pt;text-align: justify;background: white\" data-mce-style=\"margin-bottom: .0001pt; text-align: justify; background: white;\">Naturellement<br \/>riche en vitamines A,B et C, l&rsquo;Ortie est fortement min\u00e9ralis\u00e9e en fer, calcium,<br \/>magn\u00e9sium, potassium et phosphore. Elle est donc, un excellent compl\u00e9ment<br \/>alimentaire.<\/p>","protected":false},"excerpt":{"rendered":"<p class=\"MsoNormal\" style=\"margin-bottom: .0001pt;text-align: justify;background: white\" data-mce-style=\"margin-bottom: .0001pt; text-align: justify; background: white;\"><b>Les<br \/>bienfaits du Cacao :<\/b><\/p>\n<p class=\"MsoNormal\" style=\"margin-bottom: .0001pt;text-align: justify;background: white\" data-mce-style=\"margin-bottom: .0001pt; text-align: justify; background: white;\">Le<br \/>Cacao contient de l&rsquo;anadamide, autrement appel\u00e9 \u00ab mol\u00e9cule du bonheur \u00bb qui<br \/>agit sur le cerveau comme un euphorisant. Il contient aussi de la<br \/>ph\u00e9nyl\u00e9thylamine, qui apr\u00e8s avoir d\u00e9clench\u00e9 des endorphines dans le cerveau,<br \/>stimule les organes reproducteurs et am\u00e9liore la libido.<\/p>\n<p class=\"MsoNormal\" style=\"margin-bottom: .0001pt;text-align: justify;background: white\" data-mce-style=\"margin-bottom: .0001pt; text-align: justify; background: white;\">C&rsquo;est<br \/>la raison pour laquelle, il est courant d&rsquo;offrir du Cacao sous toutes ses<br \/>formes \u00e0 son conjoint !<\/p>","protected":false},"featured_media":4300,"comment_status":"open","ping_status":"closed","template":"","meta":{"_acf_changed":false},"product_cat":[118,166],"product_tag":[],"class_list":{"0":"post-4301","1":"product","2":"type-product","3":"status-publish","4":"has-post-thumbnail","6":"product_cat-nourriture","7":"product_cat-poudre-de-cacao","8":"product_shipping_class-moyen","10":"first","11":"onbackorder","12":"shipping-taxable","13":"purchasable","14":"product-type-simple"},"aioseo_notices":[],"acf":[],"_links":{"self":[{"href":"https:\/\/adabla.com\/en\/wp-json\/wp\/v2\/product\/4301","targetHints":{"allow":["GET"]}}],"collection":[{"href":"https:\/\/adabla.com\/en\/wp-json\/wp\/v2\/product"}],"about":[{"href":"https:\/\/adabla.com\/en\/wp-json\/wp\/v2\/types\/product"}],"replies":[{"embeddable":true,"href":"https:\/\/adabla.com\/en\/wp-json\/wp\/v2\/comments?post=4301"}],"wp:featuredmedia":[{"embeddable":true,"href":"https:\/\/adabla.com\/en\/wp-json\/wp\/v2\/media\/4300"}],"wp:attachment":[{"href":"https:\/\/adabla.com\/en\/wp-json\/wp\/v2\/media?parent=4301"}],"wp:term":[{"taxonomy":"product_cat","embeddable":true,"href":"https:\/\/adabla.com\/en\/wp-json\/wp\/v2\/product_cat?post=4301"},{"taxonomy":"product_tag","embeddable":true,"href":"https:\/\/adabla.com\/en\/wp-json\/wp\/v2\/product_tag?post=4301"}],"curies":[{"name":"wp","href":"https:\/\/api.w.org\/{rel}","templated":true}]}}