{"id":4304,"date":"2022-08-29T11:27:24","date_gmt":"2022-08-29T11:27:24","guid":{"rendered":"https:\/\/adabla.com\/product\/poudre-de-cacao-noir-nature-au-gingembre\/"},"modified":"2023-01-04T22:07:08","modified_gmt":"2023-01-04T22:07:08","slug":"poudre-de-cacao-noir-nature-au-gingembre","status":"publish","type":"product","link":"https:\/\/adabla.com\/en\/product\/poudre-de-cacao-noir-nature-au-gingembre\/","title":{"rendered":"POUDRE DE CACAO NOIR NATURE AU GINGEMBRE."},"content":{"rendered":"<p class=\"MsoNormal\" style=\"margin-bottom: .0001pt;background: white\" data-mce-style=\"margin-bottom: .0001pt; background: white;\"><b>Les bienfaits du Gingembre :\u00a0\u00a0<\/b><\/p>\n<p class=\"MsoNormal\" style=\"margin-bottom: .0001pt;background: white\" data-mce-style=\"margin-bottom: .0001pt; background: white;\">Le Gingembre aide \u00e0 maintenir la flore<br \/>intestinale en bon \u00e9tat, \u00e0 dig\u00e9rer les graisses, \u00e0 calmer ou soulager le<br \/>tractus digestif.il est surtout un excellent tonifiant et fortifiant de<br \/>l\u2019organisme. D\u2019ailleurs, ses vertus aphrodisiaques lui viennent de sa capacit\u00e9<br \/>\u00e0 tonifier l\u2019ensemble de l\u2019organisme.<\/p>","protected":false},"excerpt":{"rendered":"<p class=\"MsoNormal\" style=\"margin-bottom: .0001pt;background: white\" data-mce-style=\"margin-bottom: .0001pt; background: white;\"><b>Les bienfaits du Cacao :<\/b><\/p>\n<p class=\"MsoNormal\" style=\"margin-bottom: .0001pt;background: white\" data-mce-style=\"margin-bottom: .0001pt; background: white;\">Riche en flavono\u00efdes, le Cacao pr\u00e9vient<br \/>le vieillissement cellulaire. Il contribue \u00e0 la lutte contre les maladies inflammatoires<br \/>et traite les troubles de la fonction immunitaire.<\/p>","protected":false},"featured_media":4306,"comment_status":"open","ping_status":"closed","template":"","meta":{"_acf_changed":false},"product_cat":[118,166],"product_tag":[],"class_list":{"0":"post-4304","1":"product","2":"type-product","3":"status-publish","4":"has-post-thumbnail","6":"product_cat-nourriture","7":"product_cat-poudre-de-cacao","8":"product_shipping_class-moyen","10":"first","11":"onbackorder","12":"shipping-taxable","13":"purchasable","14":"product-type-simple"},"aioseo_notices":[],"acf":[],"_links":{"self":[{"href":"https:\/\/adabla.com\/en\/wp-json\/wp\/v2\/product\/4304","targetHints":{"allow":["GET"]}}],"collection":[{"href":"https:\/\/adabla.com\/en\/wp-json\/wp\/v2\/product"}],"about":[{"href":"https:\/\/adabla.com\/en\/wp-json\/wp\/v2\/types\/product"}],"replies":[{"embeddable":true,"href":"https:\/\/adabla.com\/en\/wp-json\/wp\/v2\/comments?post=4304"}],"wp:featuredmedia":[{"embeddable":true,"href":"https:\/\/adabla.com\/en\/wp-json\/wp\/v2\/media\/4306"}],"wp:attachment":[{"href":"https:\/\/adabla.com\/en\/wp-json\/wp\/v2\/media?parent=4304"}],"wp:term":[{"taxonomy":"product_cat","embeddable":true,"href":"https:\/\/adabla.com\/en\/wp-json\/wp\/v2\/product_cat?post=4304"},{"taxonomy":"product_tag","embeddable":true,"href":"https:\/\/adabla.com\/en\/wp-json\/wp\/v2\/product_tag?post=4304"}],"curies":[{"name":"wp","href":"https:\/\/api.w.org\/{rel}","templated":true}]}}