{"id":4308,"date":"2022-08-29T11:33:39","date_gmt":"2022-08-29T11:33:39","guid":{"rendered":"https:\/\/adabla.com\/product\/poudre-de-cacao-noir-nature-au-ganoderma-lucidum\/"},"modified":"2023-01-04T22:07:23","modified_gmt":"2023-01-04T22:07:23","slug":"poudre-de-cacao-noir-nature-au-ganoderma-lucidum","status":"publish","type":"product","link":"https:\/\/adabla.com\/en\/product\/poudre-de-cacao-noir-nature-au-ganoderma-lucidum\/","title":{"rendered":"POUDRE DE CACAO NOIR NATURE AU GANODERMA LUCIDUM"},"content":{"rendered":"<p class=\"MsoNormal\" style=\"margin-bottom: .0001pt;text-align: justify;background: white\" data-mce-style=\"margin-bottom: .0001pt; text-align: justify; background: white;\"><b>Les<br \/>bienfaits du Ganoderma Lucidum :<\/b><\/p>\n<p class=\"MsoNormal\" style=\"margin-bottom: .0001pt;text-align: justify;background: white\" data-mce-style=\"margin-bottom: .0001pt; text-align: justify; background: white;\">Longtemps<br \/>r\u00e9serv\u00e9 \u00e0 la haute dynastie Asiatique comme \u00e9lixir de long\u00e9vit\u00e9, le Ganoderma<br \/>Lucidum, plante m\u00e9dicinale par excellence signifie puissance spirituelle. Ce<br \/>champignon est dit adaptog\u00e8ne, car Il aide le corps \u00e0 s\u2019adapter \u00e0 son<br \/>environnement, \u00e0 se nettoyer et tout ceci, en renfor\u00e7ant la vitalit\u00e9 de son<br \/>consommateur. \u00a0Son action sur le foie et les poumons est particuli\u00e8rement<br \/>remarquable, car il est une aide efficace pour faire face aux h\u00e9patites,<br \/>cirrhoses, digestions difficiles et \u00e0 toutes les personnes intoxiqu\u00e9es aux<br \/>polluants et m\u00e9taux lourds.\u00a0Il renforce efficacement le syst\u00e8me<br \/>immunitaire, ce qui apporte une grande aide pour soutenir l\u2019organisme lors de<br \/>toutes maladies, affaiblissements, et autres manques de vitalit\u00e9 dans les<br \/>p\u00e9riodes difficiles.<\/p>\n<p><\/p>","protected":false},"excerpt":{"rendered":"<p class=\"MsoNormal\" style=\"margin-bottom: .0001pt;background: white\" data-mce-style=\"margin-bottom: .0001pt; background: white;\"><b>Les bienfaits du Cacao :<\/b><\/p>\n<p class=\"MsoNormal\" style=\"margin-bottom: .0001pt;background: white\" data-mce-style=\"margin-bottom: .0001pt; background: white;\">Riche en flavono\u00efdes, le Cacao pr\u00e9vient<br \/>le vieillissement cellulaire. Il contribue \u00e0 la lutte contre les maladies<br \/>inflammatoires et traite les troubles de la fonction immunitaire.<\/p>\n<p><\/p>","protected":false},"featured_media":4307,"comment_status":"open","ping_status":"closed","template":"","meta":{"_acf_changed":false},"product_cat":[118,166],"product_tag":[],"class_list":{"0":"post-4308","1":"product","2":"type-product","3":"status-publish","4":"has-post-thumbnail","6":"product_cat-nourriture","7":"product_cat-poudre-de-cacao","8":"product_shipping_class-moyen","10":"first","11":"onbackorder","12":"shipping-taxable","13":"purchasable","14":"product-type-simple"},"aioseo_notices":[],"acf":[],"_links":{"self":[{"href":"https:\/\/adabla.com\/en\/wp-json\/wp\/v2\/product\/4308","targetHints":{"allow":["GET"]}}],"collection":[{"href":"https:\/\/adabla.com\/en\/wp-json\/wp\/v2\/product"}],"about":[{"href":"https:\/\/adabla.com\/en\/wp-json\/wp\/v2\/types\/product"}],"replies":[{"embeddable":true,"href":"https:\/\/adabla.com\/en\/wp-json\/wp\/v2\/comments?post=4308"}],"wp:featuredmedia":[{"embeddable":true,"href":"https:\/\/adabla.com\/en\/wp-json\/wp\/v2\/media\/4307"}],"wp:attachment":[{"href":"https:\/\/adabla.com\/en\/wp-json\/wp\/v2\/media?parent=4308"}],"wp:term":[{"taxonomy":"product_cat","embeddable":true,"href":"https:\/\/adabla.com\/en\/wp-json\/wp\/v2\/product_cat?post=4308"},{"taxonomy":"product_tag","embeddable":true,"href":"https:\/\/adabla.com\/en\/wp-json\/wp\/v2\/product_tag?post=4308"}],"curies":[{"name":"wp","href":"https:\/\/api.w.org\/{rel}","templated":true}]}}