{"id":4310,"date":"2022-08-29T11:40:13","date_gmt":"2022-08-29T11:40:13","guid":{"rendered":"https:\/\/adabla.com\/product\/poudre-de-cacao-noir-nature-a-la-moringa-oleifera\/"},"modified":"2023-01-04T22:05:10","modified_gmt":"2023-01-04T22:05:10","slug":"poudre-de-cacao-noir-nature-a-la-moringa-oleifera","status":"publish","type":"product","link":"https:\/\/adabla.com\/en\/product\/poudre-de-cacao-noir-nature-a-la-moringa-oleifera\/","title":{"rendered":"POUDRE DE CACAO NOIR NATURE A LA MORINGA OLEIFERA"},"content":{"rendered":"<p class=\"MsoNormal\" style=\"margin-bottom: .0001pt;background: white\" data-mce-style=\"margin-bottom: .0001pt; background: white;\"><b>Les bienfaits de La Moringa Oleifera :<\/b><\/p>\n<p class=\"MsoNormal\" style=\"margin-bottom: .0001pt;background: white\" data-mce-style=\"margin-bottom: .0001pt; background: white;\">L\u2019extrait de feuille de Moringa en<br \/>poudre, est efficace dans la r\u00e9duction des taux de lipides et de glucose, ainsi<br \/>que dans la r\u00e9gulation du stress oxydatif chez les patients atteints de<br \/>diab\u00e8te.<\/p>\n<p class=\"MsoNormal\" style=\"margin-bottom: .0001pt;background: white\" data-mce-style=\"margin-bottom: .0001pt; background: white;\">Elle a des bienfaits pour la sant\u00e9 de<br \/>votre c\u0153ur, en luttant contre la formation de plaques dans les art\u00e8res. Ses<br \/>propri\u00e9t\u00e9s m\u00e9dicinales aident \u00e0 baisser le taux de sucre dans le sang et le<br \/>cholest\u00e9rol, tout en am\u00e9liorant la protection contre les dommages caus\u00e9s aux<br \/>cellules du corps humain.<\/p>","protected":false},"excerpt":{"rendered":"<p class=\"MsoNormal\" style=\"margin-bottom: .0001pt;background: white\" data-mce-style=\"margin-bottom: .0001pt; background: white;\"><b>Les bienfaits du Cacao :<\/b><\/p>\n<p class=\"MsoNormal\" style=\"margin-bottom: .0001pt;background: white\" data-mce-style=\"margin-bottom: .0001pt; background: white;\">Anti-fatigue, antistress et antioxydant,<br \/>le Cacao prot\u00e8ge le syst\u00e8me cardio-vasculaire. En favorisant le flux sanguin<br \/>c\u00e9r\u00e9bral, il booste nos fonctions cognitives, am\u00e9liore notre capacit\u00e9 de<br \/>concentration et nous aide \u00e0 maintenir notre m\u00e9moire.<\/p>","protected":false},"featured_media":4312,"comment_status":"open","ping_status":"closed","template":"","meta":{"_acf_changed":false},"product_cat":[118,166],"product_tag":[],"class_list":{"0":"post-4310","1":"product","2":"type-product","3":"status-publish","4":"has-post-thumbnail","6":"product_cat-nourriture","7":"product_cat-poudre-de-cacao","8":"product_shipping_class-moyen","10":"first","11":"onbackorder","12":"shipping-taxable","13":"purchasable","14":"product-type-simple"},"aioseo_notices":[],"acf":[],"_links":{"self":[{"href":"https:\/\/adabla.com\/en\/wp-json\/wp\/v2\/product\/4310","targetHints":{"allow":["GET"]}}],"collection":[{"href":"https:\/\/adabla.com\/en\/wp-json\/wp\/v2\/product"}],"about":[{"href":"https:\/\/adabla.com\/en\/wp-json\/wp\/v2\/types\/product"}],"replies":[{"embeddable":true,"href":"https:\/\/adabla.com\/en\/wp-json\/wp\/v2\/comments?post=4310"}],"wp:featuredmedia":[{"embeddable":true,"href":"https:\/\/adabla.com\/en\/wp-json\/wp\/v2\/media\/4312"}],"wp:attachment":[{"href":"https:\/\/adabla.com\/en\/wp-json\/wp\/v2\/media?parent=4310"}],"wp:term":[{"taxonomy":"product_cat","embeddable":true,"href":"https:\/\/adabla.com\/en\/wp-json\/wp\/v2\/product_cat?post=4310"},{"taxonomy":"product_tag","embeddable":true,"href":"https:\/\/adabla.com\/en\/wp-json\/wp\/v2\/product_tag?post=4310"}],"curies":[{"name":"wp","href":"https:\/\/api.w.org\/{rel}","templated":true}]}}