{"id":4329,"date":"2022-09-05T18:04:34","date_gmt":"2022-09-05T18:04:34","guid":{"rendered":"https:\/\/adabla.com\/product\/chocolat-noir-70-2\/"},"modified":"2022-12-25T18:45:54","modified_gmt":"2022-12-25T18:45:54","slug":"chocolat-noir-70-2","status":"publish","type":"product","link":"https:\/\/adabla.com\/en\/product\/chocolat-noir-70-2\/","title":{"rendered":"Chocolat noir 70%"},"content":{"rendered":"<p><strong>INGR\u00c9DIENTS\u00a0<\/strong><\/p>\n<ul>\n<li>mati\u00e8res premi\u00e8res: f\u00e8ves issues de plantations certifi\u00e9es bio par ECOCERT (certificateur Europ\u00e9en)<\/li>\n<li>beurre : beurre de cacao extrait de f\u00e8ves bio<\/li>\n<li>sucre : la cassonade<\/li>\n<li>la vanille naturelle<\/li>\n<\/ul>\n<p>consommons bien, consommons bio, consommons naturel.<\/p>","protected":false},"excerpt":{"rendered":"<p>Chocolat Ivoire Concept est une marque ivoirienne de chocolat cr\u00e9\u00e9e en 2021 \u00e0 Abidjan, capital \u00e9conomique de la C\u00f4te d&rsquo;Ivoire.<\/p>\n<p>CHIC propose des tablettes de chocolat extra bon produit par des artisans chocolatiers exer\u00e7ant dans le domaine depuis plus de 10 ans et ayant d\u00e9croch\u00e9s des prix en C\u00f4te d&rsquo;Ivoire et \u00e0 l&rsquo;international. ces tablettes avec leurs caract\u00e8res bio et naturels\u00a0 r\u00e9pondent toujours aux attentes de notre aimable client\u00e8le.<\/p>","protected":false},"featured_media":4327,"comment_status":"open","ping_status":"closed","template":"","meta":{"_acf_changed":false},"product_cat":[175,118,165],"product_tag":[314,313,316,311,310,315,312],"class_list":{"0":"post-4329","1":"product","2":"type-product","3":"status-publish","4":"has-post-thumbnail","6":"product_cat-artisanat","7":"product_cat-nourriture","8":"product_cat-tablettes-de-chocolat","9":"product_tag-artisanal","10":"product_tag-bio","11":"product_tag-chocolat","12":"product_tag-chocolat-artisanal","13":"product_tag-chocolat-noir","14":"product_tag-made-in-cote-divoire","15":"product_tag-produit-bio","16":"product_shipping_class-nomal","18":"first","19":"instock","20":"shipping-taxable","21":"purchasable","22":"product-type-simple"},"aioseo_notices":[],"acf":[],"_links":{"self":[{"href":"https:\/\/adabla.com\/en\/wp-json\/wp\/v2\/product\/4329","targetHints":{"allow":["GET"]}}],"collection":[{"href":"https:\/\/adabla.com\/en\/wp-json\/wp\/v2\/product"}],"about":[{"href":"https:\/\/adabla.com\/en\/wp-json\/wp\/v2\/types\/product"}],"replies":[{"embeddable":true,"href":"https:\/\/adabla.com\/en\/wp-json\/wp\/v2\/comments?post=4329"}],"wp:featuredmedia":[{"embeddable":true,"href":"https:\/\/adabla.com\/en\/wp-json\/wp\/v2\/media\/4327"}],"wp:attachment":[{"href":"https:\/\/adabla.com\/en\/wp-json\/wp\/v2\/media?parent=4329"}],"wp:term":[{"taxonomy":"product_cat","embeddable":true,"href":"https:\/\/adabla.com\/en\/wp-json\/wp\/v2\/product_cat?post=4329"},{"taxonomy":"product_tag","embeddable":true,"href":"https:\/\/adabla.com\/en\/wp-json\/wp\/v2\/product_tag?post=4329"}],"curies":[{"name":"wp","href":"https:\/\/api.w.org\/{rel}","templated":true}]}}