{"id":4434,"date":"2022-12-22T12:54:49","date_gmt":"2022-12-22T12:54:49","guid":{"rendered":"https:\/\/adabla.com\/?post_type=product&#038;p=4434"},"modified":"2023-09-21T14:27:09","modified_gmt":"2023-09-21T14:27:09","slug":"chips-de-banane-plantain-mures-90g","status":"publish","type":"product","link":"https:\/\/adabla.com\/en\/product\/chips-de-banane-plantain-mures-90g\/","title":{"rendered":"CHIPS DE BANANE PLANTAIN MURES \u2013 90g"},"content":{"rendered":"","protected":false},"excerpt":{"rendered":"<p class=\"MsoNormal\"><span style=\"font-family: Arial, sans-serif; background-image: initial; background-position: initial; background-size: initial; background-attachment: initial;\">Atouts nutritionnels. Les Bananes Chips ont une\u00a0<\/span><b>haute densit\u00e9 \u00e9nerg\u00e9tique et nutritionnelle<\/b>. Elles provoquent rapidement la sati\u00e9t\u00e9. Ces chips de bananes sont riches en fibres et potassium, source de vitamines B6, B1, B2 et B3.<\/p>\n<p class=\"MsoNormal\"><span style=\"font-family: Arial, sans-serif; background-image: initial; background-position: initial; background-size: initial; background-attachment: initial;\">Une seule tasse (90 grammes) de\u00a0<\/span><b>chips de banane<\/b>\u00a0contient 24 grammes de graisse, dont 21 sont satur\u00e9es. Un r\u00e9gime alimentaire riche en graisses satur\u00e9es provenant d&rsquo;aliments transform\u00e9s\u00a0<b>est<\/b>\u00a0li\u00e9 \u00e0 un risque plus \u00e9lev\u00e9 de maladies chroniques comme les maladies cardiaques.<\/p>\n<p class=\"MsoNormal\">\n<p class=\"MsoNormal\"><span style=\"font-family: Arial, sans-serif; background-image: initial; background-position: initial; background-size: initial; background-attachment: initial;\">Avec sa teneur en glucides, la <\/span><b style=\"font-weight: bold !important;\">banane<\/b>\u00a0apporte de l&rsquo;\u00e9nergie et des vitamines int\u00e9ressantes. De plus, gr\u00e2ce au magn\u00e9sium et au potassium qu&rsquo;elle contient, elle est aussi tr\u00e8s efficace pour r\u00e9duire les crampes, pour favoriser une r\u00e9cup\u00e9ration musculaire rapide et pour limiter la fatigue.<\/p>","protected":false},"featured_media":4433,"comment_status":"open","ping_status":"closed","template":"","meta":{"_acf_changed":false},"product_cat":[118],"product_tag":[],"class_list":{"0":"post-4434","1":"product","2":"type-product","3":"status-publish","4":"has-post-thumbnail","6":"product_cat-nourriture","8":"first","9":"instock","10":"featured","11":"sold-individually","12":"shipping-taxable","13":"purchasable","14":"product-type-simple"},"aioseo_notices":[],"acf":[],"_links":{"self":[{"href":"https:\/\/adabla.com\/en\/wp-json\/wp\/v2\/product\/4434","targetHints":{"allow":["GET"]}}],"collection":[{"href":"https:\/\/adabla.com\/en\/wp-json\/wp\/v2\/product"}],"about":[{"href":"https:\/\/adabla.com\/en\/wp-json\/wp\/v2\/types\/product"}],"replies":[{"embeddable":true,"href":"https:\/\/adabla.com\/en\/wp-json\/wp\/v2\/comments?post=4434"}],"wp:featuredmedia":[{"embeddable":true,"href":"https:\/\/adabla.com\/en\/wp-json\/wp\/v2\/media\/4433"}],"wp:attachment":[{"href":"https:\/\/adabla.com\/en\/wp-json\/wp\/v2\/media?parent=4434"}],"wp:term":[{"taxonomy":"product_cat","embeddable":true,"href":"https:\/\/adabla.com\/en\/wp-json\/wp\/v2\/product_cat?post=4434"},{"taxonomy":"product_tag","embeddable":true,"href":"https:\/\/adabla.com\/en\/wp-json\/wp\/v2\/product_tag?post=4434"}],"curies":[{"name":"wp","href":"https:\/\/api.w.org\/{rel}","templated":true}]}}