{"id":4512,"date":"2023-02-09T17:47:39","date_gmt":"2023-02-09T17:47:39","guid":{"rendered":"https:\/\/adabla.com\/?post_type=product&#038;p=4512"},"modified":"2023-02-23T15:36:11","modified_gmt":"2023-02-23T15:36:11","slug":"cafe-terroir-a-dan-grain","status":"publish","type":"product","link":"https:\/\/adabla.com\/en\/product\/cafe-terroir-a-dan-grain\/","title":{"rendered":"Caf\u00e9 terroir A-DAN Grain-250g"},"content":{"rendered":"<p class=\"MsoListParagraph\" style=\"text-align: justify;text-indent: -18pt\" data-mce-style=\"text-align: justify; text-indent: -18pt;\"><span style=\"font-size: 14pt;line-height: 19.9733px\" data-mce-style=\"font-size: 14pt; line-height: 19.9733px;\">Le Caf\u00e9 A-Dan est produit dans une ferme familiale du village de Krozial\u00e9, zone montagneuse de l\u2019Ouest, dans le d\u00e9partement de Zouan-Hounien, 780 kilom\u00e8tres d\u2019Abidjan, la capitale \u00e9conomique de Cote d\u2019Ivoire.<\/span><\/p>\n<p class=\"MsoListParagraph\" style=\"text-align: justify;text-indent: -18pt\" data-mce-style=\"text-align: justify; text-indent: -18pt;\"><span style=\"font-size: 14pt;line-height: 19.9733px\" data-mce-style=\"font-size: 14pt; line-height: 19.9733px;\">La plantation a \u00e9t\u00e9 cr\u00e9\u00e9e en 2014 , l<\/span><span style=\"font-size: 14pt;line-height: 19.9733px\" data-mce-style=\"font-size: 14pt; line-height: 19.9733px;\">a vari\u00e9t\u00e9 de ce caf\u00e9 Robusta a \u00e9t\u00e9 s\u00e9lectionn\u00e9e par le Centre National de Recherche Agronomique (CNRA). <\/span><span style=\"font-size: 14pt;line-height: 19.9733px\" data-mce-style=\"font-size: 14pt; line-height: 19.9733px;\">La r\u00e9colte s\u00e9lective des cerises m\u00fbres est faite par des femmes qui font de cette activit\u00e9 une source additionnelle du revenu de leur familles. <\/span><span style=\"font-size: 14pt;line-height: 19.9733px\" data-mce-style=\"font-size: 14pt; line-height: 19.9733px;\"><span style=\"font-size: 18.6667px\" data-mce-style=\"font-size: 18.6667px;\">Le Caf\u00e9 A-Dan<\/span> se pr\u00e9sente \u00e0 la vente sous 4 formes (<\/span><span style=\"font-size: 14pt;line-height: 19.9733px\" data-mce-style=\"font-size: 14pt; line-height: 19.9733px;\">Grains, <\/span><span style=\"font-size: 14pt;line-height: 19.9733px\" data-mce-style=\"font-size: 14pt; line-height: 19.9733px;\">Moulu, <\/span><span style=\"font-size: 14pt;line-height: 19.9733px\" data-mce-style=\"font-size: 14pt; line-height: 19.9733px;\">Infusette, <\/span><span style=\"font-size: 14pt;line-height: 19.9733px\" data-mce-style=\"font-size: 14pt; line-height: 19.9733px;\">Capsule).<\/span><\/p>","protected":false},"excerpt":{"rendered":"<p class=\"MsoListParagraph\" data-mce-style=\"text-align: justify; text-indent: -18pt;\" style=\"text-align: justify;text-indent: -18pt\"><span data-mce-style=\"font-size: 14pt; line-height: 19.9733px;\" style=\"font-size: 14pt;line-height: 19.9733px\">Le Caf\u00e9 A-Dan est produit dans une ferme familiale du village de Krozial\u00e9, zone montagneuse de l\u2019Ouest, dans le d\u00e9partement de Zouan-Hounien, 780 kilom\u00e8tres d\u2019Abidjan, la capitale \u00e9conomique de Cote d\u2019Ivoire.<\/span><\/p>\n<p class=\"MsoListParagraph\" data-mce-style=\"text-align: justify; text-indent: -18pt;\" style=\"text-align: justify;text-indent: -18pt\"><span data-mce-style=\"font-size: 14pt; line-height: 19.9733px;\" style=\"font-size: 14pt;line-height: 19.9733px\">La plantation a \u00e9t\u00e9 cr\u00e9\u00e9e en 2014 , l<\/span><span data-mce-style=\"font-size: 14pt; line-height: 19.9733px;\" style=\"font-size: 14pt;line-height: 19.9733px\">a vari\u00e9t\u00e9 de ce caf\u00e9 Robusta a \u00e9t\u00e9 s\u00e9lectionn\u00e9e par le Centre National de Recherche Agronomique (CNRA).\u00a0<\/span><span data-mce-style=\"font-size: 14pt; line-height: 19.9733px;\" style=\"font-size: 14pt;line-height: 19.9733px\">La r\u00e9colte s\u00e9lective des cerises m\u00fbres est faite par des femmes qui font de cette activit\u00e9 une source additionnelle du revenu de leur familles.\u00a0<\/span><span data-mce-style=\"font-size: 14pt; line-height: 19.9733px;\" style=\"font-size: 14pt;line-height: 19.9733px\"><span data-mce-style=\"font-size: 18.6667px;\" style=\"font-size: 18.6667px\">Le Caf\u00e9 A-Dan<\/span>\u00a0se pr\u00e9sente \u00e0 la vente sous 4 formes (<\/span><span data-mce-style=\"font-size: 14pt; line-height: 19.9733px;\" style=\"font-size: 14pt;line-height: 19.9733px\">Grains,\u00a0<\/span><span data-mce-style=\"font-size: 14pt; line-height: 19.9733px;\" style=\"font-size: 14pt;line-height: 19.9733px\">Moulu,\u00a0<\/span><span data-mce-style=\"font-size: 14pt; line-height: 19.9733px;\" style=\"font-size: 14pt;line-height: 19.9733px\">Infusette,\u00a0<\/span><span data-mce-style=\"font-size: 14pt; line-height: 19.9733px;\" style=\"font-size: 14pt;line-height: 19.9733px\">Capsule).<\/span><\/p>","protected":false},"featured_media":4664,"comment_status":"open","ping_status":"closed","template":"","meta":{"_acf_changed":false},"product_cat":[153,118],"product_tag":[],"class_list":{"0":"post-4512","1":"product","2":"type-product","3":"status-publish","4":"has-post-thumbnail","6":"product_cat-cafe","7":"product_cat-nourriture","9":"first","10":"instock","11":"shipping-taxable","12":"purchasable","13":"product-type-simple"},"aioseo_notices":[],"acf":[],"_links":{"self":[{"href":"https:\/\/adabla.com\/en\/wp-json\/wp\/v2\/product\/4512","targetHints":{"allow":["GET"]}}],"collection":[{"href":"https:\/\/adabla.com\/en\/wp-json\/wp\/v2\/product"}],"about":[{"href":"https:\/\/adabla.com\/en\/wp-json\/wp\/v2\/types\/product"}],"replies":[{"embeddable":true,"href":"https:\/\/adabla.com\/en\/wp-json\/wp\/v2\/comments?post=4512"}],"wp:featuredmedia":[{"embeddable":true,"href":"https:\/\/adabla.com\/en\/wp-json\/wp\/v2\/media\/4664"}],"wp:attachment":[{"href":"https:\/\/adabla.com\/en\/wp-json\/wp\/v2\/media?parent=4512"}],"wp:term":[{"taxonomy":"product_cat","embeddable":true,"href":"https:\/\/adabla.com\/en\/wp-json\/wp\/v2\/product_cat?post=4512"},{"taxonomy":"product_tag","embeddable":true,"href":"https:\/\/adabla.com\/en\/wp-json\/wp\/v2\/product_tag?post=4512"}],"curies":[{"name":"wp","href":"https:\/\/api.w.org\/{rel}","templated":true}]}}