{"id":4515,"date":"2023-02-09T18:06:02","date_gmt":"2023-02-09T18:06:02","guid":{"rendered":"https:\/\/adabla.com\/?post_type=product&#038;p=4515"},"modified":"2023-02-23T15:48:10","modified_gmt":"2023-02-23T15:48:10","slug":"cafe-terroir-tominon-grains","status":"publish","type":"product","link":"https:\/\/adabla.com\/en\/product\/cafe-terroir-tominon-grains\/","title":{"rendered":"Caf\u00e9 terroir TOMINON Grains -250g"},"content":{"rendered":"<p class=\"MsoListParagraphCxSpFirst\" style=\"text-indent: -18pt\" data-mce-style=\"text-indent: -18pt;\"><span style=\"font-size: 12pt;line-height: 17.12px;font-family: Wingdings\" data-mce-style=\"font-size: 12pt; line-height: 17.12px; font-family: Wingdings;\">\u00a7\u00a0<\/span>Le Caf\u00e9 TOMINON est produit dans le village de Seman par la Coop\u00e9rative de Jeunes, zone des savanes en plein centre de la Cote d\u2019ivoire dans le d\u00e9partement de Yamoussoukro, la capitale politique. Le village de Seman est situ\u00e9 \u00e0 249 Km d\u2019Abidjan la capitale Economique et du grand port d\u2019Abidjan.<\/p>\n<p class=\"MsoListParagraphCxSpMiddle\" style=\"text-indent: -18pt\" data-mce-style=\"text-indent: -18pt;\"><span style=\"font-size: 12pt;line-height: 17.12px;font-family: Wingdings\" data-mce-style=\"font-size: 12pt; line-height: 17.12px; font-family: Wingdings;\">\u00a7\u00a0<\/span>La plantation est de 2010.<\/p>\n<p class=\"MsoListParagraphCxSpMiddle\" style=\"text-indent: -18pt\" data-mce-style=\"text-indent: -18pt;\"><span style=\"font-size: 12pt;line-height: 17.12px;font-family: Wingdings\" data-mce-style=\"font-size: 12pt; line-height: 17.12px; font-family: Wingdings;\">\u00a7\u00a0\u00a0<\/span>Comme toutes les plantations de Caf\u00e9iers en C\u00f4te d\u2019Ivoire, la vari\u00e9t\u00e9 cultiv\u00e9e est le Robusta mis la disposition des jeunes producteurs par le Centre National de Recherche et Agronomique (CNRA).<\/p>\n<p class=\"MsoListParagraphCxSpMiddle\" style=\"text-indent: -18pt\" data-mce-style=\"text-indent: -18pt;\"><span style=\"font-size: 12pt;line-height: 17.12px;font-family: Wingdings\" data-mce-style=\"font-size: 12pt; line-height: 17.12px; font-family: Wingdings;\">\u00a7\u00a0<\/span>La m\u00e9thode de cueillette reste le Picking qui permet une belle s\u00e9lection des cerises et une tr\u00e8s bonne qualit\u00e9 des f\u00e8ves de caf\u00e9. Le caf\u00e9 se pr\u00e9sente sous 4 formes( Grains, Moulu, Infusette, Capsule).<\/p>","protected":false},"excerpt":{"rendered":"<p class=\"MsoListParagraphCxSpFirst\" style=\"text-indent: -18.0pt\" data-mce-style=\"text-indent: -18.0pt;\"><!-- [if !supportLists]--><span style=\"font-size: 12.0pt;line-height: 107%;font-family: Wingdings\" data-mce-style=\"font-size: 12.0pt; line-height: 107%; font-family: Wingdings;\">\u00a7 <\/span>Le<br \/>Caf\u00e9 TOMINON est produit dans le village de Seman par la Coop\u00e9rative de Jeunes,<br \/>zone des savanes en plein centre de la Cote d\u2019ivoire dans le d\u00e9partement de<br \/>Yamoussoukro, la capitale politique. Le village de Seman est situ\u00e9 \u00e0 249 Km<br \/>d\u2019Abidjan la capitale Economique et du grand port d\u2019Abidjan.<\/p>\n<p class=\"MsoListParagraphCxSpMiddle\" style=\"text-indent: -18.0pt\" data-mce-style=\"text-indent: -18.0pt;\"><!-- [if !supportLists]--><span style=\"font-size: 12.0pt;line-height: 107%;font-family: Wingdings\" data-mce-style=\"font-size: 12.0pt; line-height: 107%; font-family: Wingdings;\">\u00a7 <\/span>La<br \/>plantation est de 2010.<\/p>\n<p class=\"MsoListParagraphCxSpMiddle\" style=\"text-indent: -18.0pt\" data-mce-style=\"text-indent: -18.0pt;\"><!-- [if !supportLists]--><span style=\"font-size: 12.0pt;line-height: 107%;font-family: Wingdings\" data-mce-style=\"font-size: 12.0pt; line-height: 107%; font-family: Wingdings;\">\u00a7\u00a0 <\/span><!--[endif]-->Comme<br \/>toutes les plantations de Caf\u00e9iers en C\u00f4te d\u2019Ivoire, la vari\u00e9t\u00e9 cultiv\u00e9e est le<br \/>Robusta mis la disposition des jeunes producteurs par le Centre National de<br \/>Recherche et Agronomique (CNRA).<\/p>\n<p class=\"MsoListParagraphCxSpMiddle\" style=\"text-indent: -18.0pt\" data-mce-style=\"text-indent: -18.0pt;\"><!-- [if !supportLists]--><span style=\"font-size: 12.0pt;line-height: 107%;font-family: Wingdings\" data-mce-style=\"font-size: 12.0pt; line-height: 107%; font-family: Wingdings;\">\u00a7 <\/span>La<br \/>m\u00e9thode de cueillette reste le Picking qui permet une belle s\u00e9lection des<br \/>cerises et une tr\u00e8s bonne qualit\u00e9 des f\u00e8ves de caf\u00e9. Le caf\u00e9 se pr\u00e9sente sous 4 formes( Grains, Moulu, Infusette, Capsule).<\/p>\n<p class=\"MsoListParagraph\" data-mce-style=\"text-align: justify; text-indent: -18pt;\" style=\"text-align: justify;text-indent: -18pt\"><\/p>","protected":false},"featured_media":4671,"comment_status":"open","ping_status":"closed","template":"","meta":{"_acf_changed":false},"product_cat":[153,118],"product_tag":[],"class_list":{"0":"post-4515","1":"product","2":"type-product","3":"status-publish","4":"has-post-thumbnail","6":"product_cat-cafe","7":"product_cat-nourriture","9":"first","10":"instock","11":"shipping-taxable","12":"purchasable","13":"product-type-simple"},"aioseo_notices":[],"acf":[],"_links":{"self":[{"href":"https:\/\/adabla.com\/en\/wp-json\/wp\/v2\/product\/4515","targetHints":{"allow":["GET"]}}],"collection":[{"href":"https:\/\/adabla.com\/en\/wp-json\/wp\/v2\/product"}],"about":[{"href":"https:\/\/adabla.com\/en\/wp-json\/wp\/v2\/types\/product"}],"replies":[{"embeddable":true,"href":"https:\/\/adabla.com\/en\/wp-json\/wp\/v2\/comments?post=4515"}],"wp:featuredmedia":[{"embeddable":true,"href":"https:\/\/adabla.com\/en\/wp-json\/wp\/v2\/media\/4671"}],"wp:attachment":[{"href":"https:\/\/adabla.com\/en\/wp-json\/wp\/v2\/media?parent=4515"}],"wp:term":[{"taxonomy":"product_cat","embeddable":true,"href":"https:\/\/adabla.com\/en\/wp-json\/wp\/v2\/product_cat?post=4515"},{"taxonomy":"product_tag","embeddable":true,"href":"https:\/\/adabla.com\/en\/wp-json\/wp\/v2\/product_tag?post=4515"}],"curies":[{"name":"wp","href":"https:\/\/api.w.org\/{rel}","templated":true}]}}