{"id":4690,"date":"2023-02-24T15:57:50","date_gmt":"2023-02-24T15:57:50","guid":{"rendered":"https:\/\/adabla.com\/product\/beurre-de-karite-naturelle-a-base-de-miel-aleo-vera-vaseline-200ml-bte\/"},"modified":"2023-02-24T16:04:07","modified_gmt":"2023-02-24T16:04:07","slug":"beurre-de-karite-naturelle-a-base-de-miel-aleo-vera-vaseline-200ml-bte","status":"publish","type":"product","link":"https:\/\/adabla.com\/en\/product\/beurre-de-karite-naturelle-a-base-de-miel-aleo-vera-vaseline-200ml-bte\/","title":{"rendered":"The Divine Shea Butter &#8211; 200ml\/Bte"},"content":{"rendered":"<p>The Divine Shea Butter est une gamme de produit faite \u00e0 base beurre de karit\u00e9 naturelle, de miel, de l&rsquo;Aloe Vera, aussi avec la vaseline pour b\u00e9b\u00e9. c&rsquo;est la gamme l&rsquo;id\u00e9ale pour votre peau et celle de votre b\u00e9b\u00e9.<\/p>","protected":false},"excerpt":{"rendered":"<p>The Divine Shea Butter est une gamme de produit faite \u00e0 base beurre de karit\u00e9 naturelle, de miel, de l&rsquo;Aloe Vera, aussi avec la vaseline pour b\u00e9b\u00e9. c&rsquo;est la gamme l&rsquo;id\u00e9ale pour votre peau et celle de votre b\u00e9b\u00e9.<\/p>\n<p><\/p>","protected":false},"featured_media":4681,"comment_status":"open","ping_status":"closed","template":"","meta":{"_acf_changed":false},"product_cat":[114,127,120,129,115,210,130],"product_tag":[],"class_list":{"0":"post-4690","1":"product","2":"type-product","3":"status-publish","4":"has-post-thumbnail","6":"product_cat-beaute","7":"product_cat-beu-rre-de-karite","8":"product_cat-cosmetiques","9":"product_cat-cremes","10":"product_cat-enfants","11":"product_cat-soins-corps","12":"product_cat-soins-hydratents","14":"first","15":"instock","16":"shipping-taxable","17":"purchasable","18":"product-type-simple"},"aioseo_notices":[],"acf":[],"_links":{"self":[{"href":"https:\/\/adabla.com\/en\/wp-json\/wp\/v2\/product\/4690","targetHints":{"allow":["GET"]}}],"collection":[{"href":"https:\/\/adabla.com\/en\/wp-json\/wp\/v2\/product"}],"about":[{"href":"https:\/\/adabla.com\/en\/wp-json\/wp\/v2\/types\/product"}],"replies":[{"embeddable":true,"href":"https:\/\/adabla.com\/en\/wp-json\/wp\/v2\/comments?post=4690"}],"wp:featuredmedia":[{"embeddable":true,"href":"https:\/\/adabla.com\/en\/wp-json\/wp\/v2\/media\/4681"}],"wp:attachment":[{"href":"https:\/\/adabla.com\/en\/wp-json\/wp\/v2\/media?parent=4690"}],"wp:term":[{"taxonomy":"product_cat","embeddable":true,"href":"https:\/\/adabla.com\/en\/wp-json\/wp\/v2\/product_cat?post=4690"},{"taxonomy":"product_tag","embeddable":true,"href":"https:\/\/adabla.com\/en\/wp-json\/wp\/v2\/product_tag?post=4690"}],"curies":[{"name":"wp","href":"https:\/\/api.w.org\/{rel}","templated":true}]}}